{"id":95,"date":"2025-08-04T20:10:00","date_gmt":"2025-08-04T18:10:00","guid":{"rendered":"https:\/\/westliches-tantra.de\/shivas-power\/?page_id=95"},"modified":"2025-08-07T17:34:36","modified_gmt":"2025-08-07T15:34:36","slug":"shivas-power-seminare-fuer-bewusste-maenner","status":"publish","type":"page","link":"https:\/\/westliches-tantra.de\/shivas-power\/shivas-power-seminare-fuer-bewusste-maenner\/","title":{"rendered":"Shivas Power \u2013 Seminare f\u00fcr bewusste M\u00e4nner"},"content":{"rendered":"\n<h1 class=\"wp-block-heading\">Shivas Power \u2013 Seminare f\u00fcr bewusste M\u00e4nner<\/h1>\n\n\n\n<p>M\u00e4nner und Frauen sind gleichwertig aber nicht gleich! M\u00e4nner kommen anders in ihre ureigene Kraft als Frauen! Deshalb brauchen M\u00e4nner ihren eigenen Raum (genauso wie die Frauen), um sich im Kreis der M\u00e4nner mit den m\u00e4nnlichen Qualit\u00e4ten zu verbinden.<\/p>\n\n\n\n<p>Im Mittelpunkt des tantrischen Weltbilds steht das Wissen um die Bedeutung der Polarit\u00e4t. Energie flie\u00dft immer nur zwischen zwei unterschiedlich geladenen Polen: Positiv und Negativ, Aktiv und Passiv, M\u00e4nnlich und Weiblich, Shiva und Shakti. Damit die Energie flie\u00dfen kann, m\u00fcssen die Pole eindeutig definiert sein wobei beide gleich wichtig sind.<\/p>\n\n\n\n<p>Genauso ist es bei M\u00e4nnern und Frauen: Erst, wenn wir M\u00e4nner unseren m\u00e4nnlichen Platz einnehmen, in unsere phallische Kraft gehen, k\u00f6nnen die Frauen auch ihren weiblichen Platz einnehmen. Und umgekehrt.<\/p>\n\n\n\n<div class=\"wp-block-columns is-layout-flex wp-container-core-columns-is-layout-9d6595d7 wp-block-columns-is-layout-flex\">\n<div class=\"wp-block-column is-layout-flow wp-block-column-is-layout-flow\" style=\"flex-basis:66.66%\">\n<h3 class=\"wp-block-heading\">Shiva-Qualit\u00e4ten<\/h3>\n\n\n\n<p>Im Tantra steht Shiva f\u00fcr die m\u00e4nnliche Urkraft, f\u00fcr stets gleich bleibendes Bewusstsein, auf dem sich das Drama der Welt als Manifestation von Shakti (der weiblichen Urkraft) abspielt. Aber auch f\u00fcr einen zerst\u00f6rerischen Aspekt, der mit seinem Dreizack den D\u00e4monen die K\u00f6pfe abschl\u00e4gt.<\/p>\n\n\n\n<p>In unserer modernen Welt bedeuten die Shiva-Qualit\u00e4ten:<\/p>\n\n\n\n<ul class=\"wp-block-list\">\n<li>sich unseres Selbst bewusst zu werden (z.B. durch Meditation)<\/li>\n\n\n\n<li>den Raum zu halten, in dem das weibliche Element sich entfalten und in seiner Sch\u00f6nheit und Vielfalt gew\u00fcrdigt werden kann<\/li>\n\n\n\n<li>sich unseren D\u00e4monen zu stellen und Grenzerfahrungen zu machen<\/li>\n\n\n\n<li>sich mit der phallischen Kraft zu verbinden und auszudr\u00fccken<\/li>\n<\/ul>\n\n\n\n<p><\/p>\n<\/div>\n\n\n\n<div class=\"wp-block-column is-layout-flow wp-block-column-is-layout-flow\" style=\"flex-basis:33.33%\">\n<figure class=\"wp-block-image size-full\"><img loading=\"lazy\" decoding=\"async\" width=\"952\" height=\"1018\" src=\"https:\/\/westliches-tantra.de\/shivas-power\/wp-content\/uploads\/sites\/9\/2025\/08\/shiva1.png\" alt=\"\" class=\"wp-image-96\" srcset=\"https:\/\/westliches-tantra.de\/shivas-power\/wp-content\/uploads\/sites\/9\/2025\/08\/shiva1.png 952w, https:\/\/westliches-tantra.de\/shivas-power\/wp-content\/uploads\/sites\/9\/2025\/08\/shiva1-281x300.png 281w, https:\/\/westliches-tantra.de\/shivas-power\/wp-content\/uploads\/sites\/9\/2025\/08\/shiva1-768x821.png 768w, https:\/\/westliches-tantra.de\/shivas-power\/wp-content\/uploads\/sites\/9\/2025\/08\/shiva1-600x642.png 600w\" sizes=\"auto, (max-width: 952px) 100vw, 952px\" \/><\/figure>\n<\/div>\n<\/div>\n\n\n\n<p>Wir m\u00f6chten dich zu einem kraftvollen Wochenende einladen, bei dem wir uns im Kreis der M\u00e4nner intensiv mit den Qualit\u00e4ten unserer \u201eShiva-Power\u201c besch\u00e4ftigen.<\/p>\n\n\n\n<h3 class=\"wp-block-heading\">Wer bin ich als Mann?<\/h3>\n\n\n\n<p>Viele M\u00e4nner sind bez\u00fcglich der Frage \u201eWer bin ich als Mann?\u201c orientierungslos und werten sich in ihrer M\u00e4nnlichkeit ab. Das hat verschiedene Ursachen: Zum einen gibt es in unserer Gesellschaft keine Initiation in das Mann-sein mehr. In fr\u00fcheren Kulturen war es \u00fcblich, das heranwachsende M\u00e4nner durch \u00e4ltere M\u00e4nner in den Kreis derselben einzuf\u00fchren, nachdem sie eine Mutprobe abgelegt hatten.<\/p>\n\n\n\n<p>Die Gesellschaft von abwesenden V\u00e4tern aus dem letzten Jahrhundert steht im Umbruch. Neben den Frauen (Mutter, Kinderg\u00e4rtnerin, Grundschullehrerin), welche die Kinder erziehen, erkennen immer mehr M\u00e4nner ihre Rolle als Vater und wertvolles Vorbild f\u00fcr die n\u00e4chste Generation an. Da der eigene Vater oft fehlte, wird es h\u00e4ufig zu einer un\u00fcberwindbaren H\u00fcrde, diese Aufgabe bewusst und verantwortungsvoll zu meistern. Es wird schwer, dem Jungen positive m\u00e4nnliche Werte zu vermitteln, was zur o.g. Orientierungslosigkeit und fehlenden Identit\u00e4t als Mann f\u00fchrt.<\/p>\n\n\n<div class=\"wp-block-image\">\n<figure class=\"alignleft\"><img decoding=\"async\" src=\"https:\/\/shivas-power.de\/wp-content\/uploads\/2024\/11\/mann2.png\" alt=\"\" class=\"wp-image-1817\"\/><\/figure>\n<\/div>\n\n\n<p>Zum Anderen wurden die heute erwachsenen M\u00e4nner im Zuge der Frauenbewegung sozialisiert, die einen deutlichen Wandel bei den Geschlechterrollen und -werten bewirkte. W\u00e4hrend die Frauen an Selbstbewusstsein und St\u00e4rke gewannen, wurden klassische m\u00e4nnliche Qualit\u00e4ten wie Aggressivit\u00e4t und Durchsetzungskraft gesellschaftlich abgewertet. Der \u201eNice Guy\u201c wurde zum neuen Ideal. Dummerweise finden die meisten Frauen auf Dauer einen \u201enetten\u201c Mann nicht sehr attraktiv. Zwischen innerem Drang, m\u00e4nnliche Qualit\u00e4ten zu leben und der Abwertung von m\u00e4nnlichen Tugenden in der Gesellschaft verlieren viele M\u00e4nner ihre Identit\u00e4t als Mann. Sie werden emotional von den Frauen abh\u00e4ngig, unterdr\u00fccken ihre Aggressivit\u00e4t und Sexualit\u00e4t und sind Frauen gegen\u00fcber verunsichert. Es wird Zeit, dass sich auch die M\u00e4nner emanzipieren.<\/p>\n\n\n\n<p>Bei unseren Tantraseminaren beobachten wir oft, dass viele M\u00e4nner nicht wirklich mit ihren m\u00e4nnlichen Qualit\u00e4ten verbunden sind. So entsteht eine Aura der Bed\u00fcrftigkeit mit der Folge von \u201ehungrigen\u201c Ber\u00fchrungen. Das wirkt auf Frauen eher weniger attraktiv.<\/p>\n\n\n\n<p>Mit unseren M\u00e4nner-Events verbinden wir uns mit unserer m\u00e4nnlichen Urkraft, unterst\u00fctzen uns gegenseitig beim \u00dcberschreiten der Grenzen unserer Komfortzonen und finden n\u00e4hrende N\u00e4he unter M\u00e4nnern.<\/p>\n\n\n\n<h3 class=\"wp-block-heading\">Die Seminarleitung<\/h3>\n\n\n\n<p>Die Seminare werden von <a href=\"https:\/\/westliches-tantra.de\/shivas-power\/ueber_uns\/\">Ralf Lieder und Andr\u00e9 Walzer<\/a> organisiert und geleitet. Manchmal laden sie Gasttrainer ein.<\/p>\n\n\n\n<hr class=\"wp-block-separator has-alpha-channel-opacity\"\/>\n\n\n\n<h2 class=\"wp-block-heading\">Die Seminarthemen<\/h2>\n\n\n\n<div class=\"wp-block-columns has-background is-layout-flex wp-container-core-columns-is-layout-9d6595d7 wp-block-columns-is-layout-flex\" style=\"background-color:#fff9d9\">\n<div class=\"wp-block-column is-layout-flow wp-block-column-is-layout-flow\"><div class=\"wp-block-image\">\n<figure class=\"alignleft size-full\"><img loading=\"lazy\" decoding=\"async\" width=\"140\" height=\"185\" src=\"https:\/\/westliches-tantra.de\/shivas-power\/wp-content\/uploads\/sites\/9\/2025\/08\/krieger140x185.png\" alt=\"\" class=\"wp-image-75\"\/><\/figure>\n<\/div>\n\n\n<p class=\"has-vivid-red-color has-text-color has-background has-link-color wp-elements-13a1a0969196426680d8a9953dae0d17\" style=\"background-color:#eacdcd\"><strong>Der tantrische Mann \u2013 Training f\u00fcr authentische M\u00e4nnlichkeit<\/strong><\/p>\n\n\n\n<h4 class=\"wp-block-heading\">TEIL 1: ERWECKE DEINEN INNEREN KRIEGER<br>\u2013 <strong>Der Archetyp &#8222;Krieger&#8220;<\/strong> mit Haka, Schwitzh\u00fctte und kraftvoller K\u00f6rperarbeit<\/h4>\n\n\n\n<p><strong>Im ersten Modul dieser Seminarreihe steht die Integration deines inneren Kriegers im Mittelpunkt.<\/strong><br>Du lernst, Verantwortung f\u00fcr deine Kraft zu \u00fcbernehmen \u2013 nicht, um zu dominieren, sondern um aufrichtig und klar deinen Platz einzunehmen. Dabei entwickelst du die F\u00e4higkeit, gesunde Grenzen zu setzen und Konflikte mit Mut und Pr\u00e4senz zu begegnen, anstatt ihnen auszuweichen oder impulsiv zu reagieren. Diese Klarheit verleiht dir innere Stabilit\u00e4t und ein neues Gef\u00fchl von Selbstbestimmung, das sich sp\u00fcrbar in deinen Alltag hinein entfaltet.<\/p>\n\n\n\n<p>Begleitet wird dieser Prozess von kraftvollen Ritualen und \u00dcbungen: Haka \u2013 dem maorischen Kriegstanz, einer reinigenden Schwitzh\u00fctte, <a href=\"https:\/\/tantrabreath.de\">TantraBreath<\/a>, K\u00f6rpermeditationen sowie einer tiefgehenden Initiation ins Mannsein. &#8230; <\/p>\n\n\n\n<p>\u25ba <a href=\"https:\/\/westliches-tantra.de\/shivas-power\/der-archetyp-krieger\/\">Ausf\u00fchrliche Seminarinformationen und Anmeldung<\/a>        <\/p>\n\n\n\n<p>\u2709\ufe0f <a href=\"https:\/\/westliches-tantra.de\/newsletter\/\">Per Newsletter informieren lassen<\/a><\/p>\n\n\n\n<p><strong>Aktuelle Termine:<\/strong> Fr\u00fchjahr 2026 &#8211; Genauer Termin demn\u00e4chst<\/p>\n<\/div>\n<\/div>\n\n\n\n<div style=\"height:47px\" aria-hidden=\"true\" class=\"wp-block-spacer\"><\/div>\n\n\n\n<div class=\"wp-block-columns has-background is-layout-flex wp-container-core-columns-is-layout-9d6595d7 wp-block-columns-is-layout-flex\" style=\"background-color:#fff9d9\">\n<div class=\"wp-block-column is-layout-flow wp-block-column-is-layout-flow\"><div class=\"wp-block-image\">\n<figure class=\"alignleft size-full\"><img loading=\"lazy\" decoding=\"async\" width=\"140\" height=\"185\" src=\"https:\/\/westliches-tantra.de\/shivas-power\/wp-content\/uploads\/sites\/9\/2025\/08\/liebhaber140x185.png\" alt=\"\" class=\"wp-image-82\"\/><\/figure>\n<\/div>\n\n\n<p class=\"has-vivid-red-color has-text-color has-background has-link-color wp-elements-13a1a0969196426680d8a9953dae0d17\" style=\"background-color:#eacdcd\"><strong>Der tantrische Mann \u2013 Training f\u00fcr authentische M\u00e4nnlichkeit<\/strong><\/p>\n\n\n\n<h4 class=\"wp-block-heading\">TEIL 2: BER\u00dcHRBAR. KRAFTVOLL. ECHT. &#8211; DER TANTRISCHE LIEBHABER<br>\u2013 <strong>Der Archetyp &#8222;Liebhaber&#8220;<\/strong> mit Feuerlauf, Lingamtalk und kraftvoller K\u00f6rperarbeit<\/h4>\n\n\n\n<p><strong>Das zweite Modul dieser Seminarreihe richtet sich an M\u00e4nner, die bereit sind, sich tiefer mit ihrer lebendigen M\u00e4nnlichkeit, ihrer Sinnlichkeit und ihrer sexuellen Kraft zu verbinden. <\/strong><br>Wir arbeiten mit dem Archetyp des Liebhabers \u2013 jener Kraft im Mann, die f\u00e4hig ist zu sp\u00fcren, zu ber\u00fchren, zu genie\u00dfen und sich hinzugeben. Gleichzeitig laden wir dich ein, deinem phallischen Selbst zu begegnen: der kraftvollen, wachen, verbundenen Seite deiner Sexualit\u00e4t \u2013 jenseits von Leistungsdruck und Funktion.<br>Es geht in unserem Seminar nicht um Anmachspr\u00fcche, Oberfl\u00e4chlichkeiten oder darum, ein besserer Liebhaber zu werden. Wir erforschen gemeinsam die Liebhaberenergie, die f\u00fcr jeden Mann einzigartig ist.<br>Begleitet wird dieser Prozess von kraftvollen Ritualen und \u00dcbungen: Feuerlauf, Lingamtalk, <a href=\"https:\/\/tantrabreath.de\">TantraBreath<\/a>, K\u00f6rpermeditationen sowie einer tiefgehenden Initiation ins Mannsein. &#8230;<\/p>\n\n\n\n<p>\u25ba <a href=\"https:\/\/westliches-tantra.de\/shivas-power\/der-archetyp-liebhaber\/\">Ausf\u00fchrliche Seminarinformationen und Anmeldung<\/a><\/p>\n\n\n\n<p>\u2709\ufe0f <a href=\"https:\/\/westliches-tantra.de\/newsletter\/\">Per Newsletter informieren lassen<\/a><\/p>\n\n\n\n<p><strong>Aktueller Termin:<\/strong> 28.-30.11.2025 auf dem Beuerhof in der Eifel<\/p>\n<\/div>\n<\/div>\n\n\n\n<div style=\"height:52px\" aria-hidden=\"true\" class=\"wp-block-spacer\"><\/div>\n\n\n\n<div class=\"wp-block-columns has-background is-layout-flex wp-container-core-columns-is-layout-9d6595d7 wp-block-columns-is-layout-flex\" style=\"background-color:#fff9d9\">\n<div class=\"wp-block-column is-layout-flow wp-block-column-is-layout-flow\"><div class=\"wp-block-image\">\n<figure class=\"alignleft size-full\"><img loading=\"lazy\" decoding=\"async\" width=\"140\" height=\"185\" src=\"https:\/\/westliches-tantra.de\/shivas-power\/wp-content\/uploads\/sites\/9\/2025\/08\/koenig140x185.png\" alt=\"\" class=\"wp-image-83\"\/><\/figure>\n<\/div>\n\n\n<p class=\"has-vivid-red-color has-text-color has-background has-link-color wp-elements-13a1a0969196426680d8a9953dae0d17\" style=\"background-color:#eacdcd\"><strong>Der tantrische Mann \u2013 Training f\u00fcr authentische M\u00e4nnlichkeit<\/strong><\/p>\n\n\n\n<h4 class=\"wp-block-heading\">TEIL 3: DER ARCHETYP &#8222;K\u00d6NIG&#8220;<\/h4>\n\n\n\n<p>Der Archetyp des K\u00f6nigs steht im Zentrum der m\u00e4nnlichen Reife. Er repr\u00e4sentiert das Prinzip der Mitte, der Ordnung, des Segnens und der F\u00fchrung. Ein wahrer K\u00f6nig herrscht nicht durch Macht oder Kontrolle, sondern durch Pr\u00e4senz, Weitblick und innere Stabilit\u00e4t.<\/p>\n\n\n\n<p>Doch viele M\u00e4nner tragen in sich einen entthronten oder verletzten K\u00f6nig. Sie sp\u00fcren die Sehnsucht nach Klarheit und Verantwortung \u2013 und zugleich die Angst vor der eigenen Gr\u00f6\u00dfe. Manche leben den Schatten des Tyrannen, der \u00fcber sich und andere herrschen will, oder des schwachen K\u00f6nigs, der sich zur\u00fcckzieht und Entscheidungen scheut.<\/p>\n\n\n\n<p>In diesem Modul des M\u00e4nnerseminars laden wir dich ein, deine innere Mitte neu zu entdecken \u2013 den Ort, an dem du in dir ruhst und aus dem heraus du mit klarem Blick dein Leben gestaltest. Der K\u00f6nig in dir segnet \u2013 das hei\u00dft: Er erkennt an, wertet nicht, sondern ordnet und f\u00fchrt. Er ist verbunden mit dem Himmel wie mit der Erde, mit Vision und Verantwortung.<br>\u25ba Ausf\u00fchrliche Seminarinformationen und Anmeldung<\/p>\n\n\n\n<p>\u2709\ufe0f <a href=\"https:\/\/westliches-tantra.de\/shivas-power\/seminare_ohne_termin\/\">Per E-Mail informieren lassen<\/a><\/p>\n\n\n\n<p><strong>Aktueller Termin:<\/strong> Fr\u00fchjahr\/Sommer 2026 &#8211; Genauer Termin demn\u00e4chst<\/p>\n<\/div>\n<\/div>\n\n\n\n<div style=\"height:52px\" aria-hidden=\"true\" class=\"wp-block-spacer\"><\/div>\n\n\n\n<div class=\"wp-block-columns has-background is-layout-flex wp-container-core-columns-is-layout-9d6595d7 wp-block-columns-is-layout-flex\" style=\"background-color:#fff9d9\">\n<div class=\"wp-block-column is-layout-flow wp-block-column-is-layout-flow\"><div class=\"wp-block-image\">\n<figure class=\"alignleft size-full\"><img loading=\"lazy\" decoding=\"async\" width=\"140\" height=\"185\" src=\"https:\/\/westliches-tantra.de\/shivas-power\/wp-content\/uploads\/sites\/9\/2025\/08\/magier140x185.png\" alt=\"\" class=\"wp-image-84\"\/><\/figure>\n<\/div>\n\n\n<p class=\"has-vivid-red-color has-text-color has-background has-link-color wp-elements-13a1a0969196426680d8a9953dae0d17\" style=\"background-color:#eacdcd\"><strong>Der tantrische Mann \u2013 Training f\u00fcr authentische M\u00e4nnlichkeit<\/strong><\/p>\n\n\n\n<h4 class=\"wp-block-heading\">TEIL 4: DER ARCHETYP &#8222;MAGIER&#8220;<\/h4>\n\n\n\n<p>Der Magier ist der H\u00fcter des Wissens, der Suchende, der Weise. Er verk\u00f6rpert die geistige Tiefe und die Verbindung zu den unsichtbaren Ebenen der Wirklichkeit. Der Magier beobachtet, durchdringt, erkennt Muster \u2013 und \u00f6ffnet das Tor zu innerer Transformation.<\/p>\n\n\n\n<p>Viele M\u00e4nner tragen eine tiefe Sehnsucht nach Sinn und Wahrheit in sich, sp\u00fcren aber oft eine Distanz zu ihrem inneren Wissen. Die moderne Welt belohnt Funktionieren, aber nicht Weisheit. So verk\u00fcmmert der Magier \u2013 oder er zeigt sich im Schatten: als distanzierter Zyniker, als manipulativer Wissensh\u00fcter oder als emotionsloser Technokrat.<\/p>\n\n\n\n<p>In diesem Modul des M\u00e4nnerseminars schaffen wir Raum, um die Kraft deines inneren Magiers wieder zu erwecken. Es geht nicht um intellektuelle Leistung, sondern um echte Erkenntnis \u2013 aus dem K\u00f6rper, aus der Stille, aus deinem Innersten.<\/p>\n\n\n\n<p>\u2709\ufe0f <a href=\"https:\/\/westliches-tantra.de\/shivas-power\/seminare_ohne_termin\/\">Per E-Mail informieren lassen<\/a><\/p>\n\n\n\n<p><strong>Aktueller Termin:<\/strong> Herbst 2026 &#8211; Genauer Termin demn\u00e4chst<\/p>\n<\/div>\n<\/div>\n","protected":false},"excerpt":{"rendered":"<p>Shivas Power \u2013 Seminare f\u00fcr bewusste M\u00e4nner M\u00e4nner und Frauen sind gleichwertig aber nicht gleich! M\u00e4nner kommen anders in ihre ureigene Kraft als Frauen! Deshalb brauchen M\u00e4nner ihren eigenen Raum (genauso wie die Frauen),&#46;&#46;&#46;<\/p>\n","protected":false},"author":1,"featured_media":0,"parent":0,"menu_order":0,"comment_status":"closed","ping_status":"open","template":"","meta":{"_EventAllDay":false,"_EventTimezone":"","_EventStartDate":"","_EventEndDate":"","_EventStartDateUTC":"","_EventEndDateUTC":"","_EventShowMap":false,"_EventShowMapLink":false,"_EventURL":"","_EventCost":"","_EventCostDescription":"","_EventCurrencySymbol":"","_EventCurrencyCode":"","_EventCurrencyPosition":"","_EventDateTimeSeparator":"","_EventTimeRangeSeparator":"","_EventOrganizerID":[],"_EventVenueID":[],"_OrganizerEmail":"","_OrganizerPhone":"","_OrganizerWebsite":"","_VenueAddress":"","_VenueCity":"","_VenueCountry":"","_VenueProvince":"","_VenueState":"","_VenueZip":"","_VenuePhone":"","_VenueURL":"","_VenueStateProvince":"","_VenueLat":"","_VenueLng":"","_VenueShowMap":false,"_VenueShowMapLink":false,"footnotes":""},"class_list":["post-95","page","type-page","status-publish","hentry"],"yoast_head":"<!-- This site is optimized with the Yoast SEO plugin v27.2 - https:\/\/yoast.com\/product\/yoast-seo-wordpress\/ -->\n<title>Shivas Power \u2013 Seminare f\u00fcr bewusste M\u00e4nner - Shivas Power<\/title>\n<meta name=\"robots\" content=\"index, follow, max-snippet:-1, max-image-preview:large, max-video-preview:-1\" \/>\n<link rel=\"canonical\" href=\"https:\/\/westliches-tantra.de\/shivas-power\/shivas-power-seminare-fuer-bewusste-maenner\/\" \/>\n<meta property=\"og:locale\" content=\"de_DE\" \/>\n<meta property=\"og:type\" content=\"article\" \/>\n<meta property=\"og:title\" content=\"Shivas Power \u2013 Seminare f\u00fcr bewusste M\u00e4nner - Shivas Power\" \/>\n<meta property=\"og:description\" content=\"Shivas Power \u2013 Seminare f\u00fcr bewusste M\u00e4nner M\u00e4nner und Frauen sind gleichwertig aber nicht gleich! M\u00e4nner kommen anders in ihre ureigene Kraft als Frauen! Deshalb brauchen M\u00e4nner ihren eigenen Raum (genauso wie die Frauen),&#046;&#046;&#046;\" \/>\n<meta property=\"og:url\" content=\"https:\/\/westliches-tantra.de\/shivas-power\/shivas-power-seminare-fuer-bewusste-maenner\/\" \/>\n<meta property=\"og:site_name\" content=\"Shivas Power\" \/>\n<meta property=\"article:modified_time\" content=\"2025-08-07T15:34:36+00:00\" \/>\n<meta property=\"og:image\" content=\"https:\/\/westliches-tantra.de\/shivas-power\/wp-content\/uploads\/sites\/9\/2025\/08\/shiva1.png\" \/>\n\t<meta property=\"og:image:width\" content=\"952\" \/>\n\t<meta property=\"og:image:height\" content=\"1018\" \/>\n\t<meta property=\"og:image:type\" content=\"image\/png\" \/>\n<meta name=\"twitter:card\" content=\"summary_large_image\" \/>\n<meta name=\"twitter:label1\" content=\"Gesch\u00e4tzte Lesezeit\" \/>\n\t<meta name=\"twitter:data1\" content=\"8\u00a0Minuten\" \/>\n<script type=\"application\/ld+json\" class=\"yoast-schema-graph\">{\"@context\":\"https:\/\/schema.org\",\"@graph\":[{\"@type\":\"WebPage\",\"@id\":\"https:\/\/westliches-tantra.de\/shivas-power\/shivas-power-seminare-fuer-bewusste-maenner\/\",\"url\":\"https:\/\/westliches-tantra.de\/shivas-power\/shivas-power-seminare-fuer-bewusste-maenner\/\",\"name\":\"Shivas Power \u2013 Seminare f\u00fcr bewusste M\u00e4nner - Shivas Power\",\"isPartOf\":{\"@id\":\"https:\/\/westliches-tantra.de\/shivas-power\/#website\"},\"primaryImageOfPage\":{\"@id\":\"https:\/\/westliches-tantra.de\/shivas-power\/shivas-power-seminare-fuer-bewusste-maenner\/#primaryimage\"},\"image\":{\"@id\":\"https:\/\/westliches-tantra.de\/shivas-power\/shivas-power-seminare-fuer-bewusste-maenner\/#primaryimage\"},\"thumbnailUrl\":\"https:\/\/westliches-tantra.de\/shivas-power\/wp-content\/uploads\/sites\/9\/2025\/08\/shiva1.png\",\"datePublished\":\"2025-08-04T18:10:00+00:00\",\"dateModified\":\"2025-08-07T15:34:36+00:00\",\"breadcrumb\":{\"@id\":\"https:\/\/westliches-tantra.de\/shivas-power\/shivas-power-seminare-fuer-bewusste-maenner\/#breadcrumb\"},\"inLanguage\":\"de\",\"potentialAction\":[{\"@type\":\"ReadAction\",\"target\":[\"https:\/\/westliches-tantra.de\/shivas-power\/shivas-power-seminare-fuer-bewusste-maenner\/\"]}]},{\"@type\":\"ImageObject\",\"inLanguage\":\"de\",\"@id\":\"https:\/\/westliches-tantra.de\/shivas-power\/shivas-power-seminare-fuer-bewusste-maenner\/#primaryimage\",\"url\":\"https:\/\/westliches-tantra.de\/shivas-power\/wp-content\/uploads\/sites\/9\/2025\/08\/shiva1.png\",\"contentUrl\":\"https:\/\/westliches-tantra.de\/shivas-power\/wp-content\/uploads\/sites\/9\/2025\/08\/shiva1.png\",\"width\":952,\"height\":1018},{\"@type\":\"BreadcrumbList\",\"@id\":\"https:\/\/westliches-tantra.de\/shivas-power\/shivas-power-seminare-fuer-bewusste-maenner\/#breadcrumb\",\"itemListElement\":[{\"@type\":\"ListItem\",\"position\":1,\"name\":\"Startseite\",\"item\":\"https:\/\/westliches-tantra.de\/shivas-power\/\"},{\"@type\":\"ListItem\",\"position\":2,\"name\":\"Shivas Power \u2013 Seminare f\u00fcr bewusste M\u00e4nner\"}]},{\"@type\":\"WebSite\",\"@id\":\"https:\/\/westliches-tantra.de\/shivas-power\/#website\",\"url\":\"https:\/\/westliches-tantra.de\/shivas-power\/\",\"name\":\"Shivas Power\",\"description\":\"Der tantrische Mann \u2013 Training f\u00fcr authentische M\u00e4nnlichkeit\",\"potentialAction\":[{\"@type\":\"SearchAction\",\"target\":{\"@type\":\"EntryPoint\",\"urlTemplate\":\"https:\/\/westliches-tantra.de\/shivas-power\/?s={search_term_string}\"},\"query-input\":{\"@type\":\"PropertyValueSpecification\",\"valueRequired\":true,\"valueName\":\"search_term_string\"}}],\"inLanguage\":\"de\"}]}<\/script>\n<!-- \/ Yoast SEO plugin. -->","yoast_head_json":{"title":"Shivas Power \u2013 Seminare f\u00fcr bewusste M\u00e4nner - Shivas Power","robots":{"index":"index","follow":"follow","max-snippet":"max-snippet:-1","max-image-preview":"max-image-preview:large","max-video-preview":"max-video-preview:-1"},"canonical":"https:\/\/westliches-tantra.de\/shivas-power\/shivas-power-seminare-fuer-bewusste-maenner\/","og_locale":"de_DE","og_type":"article","og_title":"Shivas Power \u2013 Seminare f\u00fcr bewusste M\u00e4nner - Shivas Power","og_description":"Shivas Power \u2013 Seminare f\u00fcr bewusste M\u00e4nner M\u00e4nner und Frauen sind gleichwertig aber nicht gleich! M\u00e4nner kommen anders in ihre ureigene Kraft als Frauen! Deshalb brauchen M\u00e4nner ihren eigenen Raum (genauso wie die Frauen),&#46;&#46;&#46;","og_url":"https:\/\/westliches-tantra.de\/shivas-power\/shivas-power-seminare-fuer-bewusste-maenner\/","og_site_name":"Shivas Power","article_modified_time":"2025-08-07T15:34:36+00:00","og_image":[{"width":952,"height":1018,"url":"https:\/\/westliches-tantra.de\/shivas-power\/wp-content\/uploads\/sites\/9\/2025\/08\/shiva1.png","type":"image\/png"}],"twitter_card":"summary_large_image","twitter_misc":{"Gesch\u00e4tzte Lesezeit":"8\u00a0Minuten"},"schema":{"@context":"https:\/\/schema.org","@graph":[{"@type":"WebPage","@id":"https:\/\/westliches-tantra.de\/shivas-power\/shivas-power-seminare-fuer-bewusste-maenner\/","url":"https:\/\/westliches-tantra.de\/shivas-power\/shivas-power-seminare-fuer-bewusste-maenner\/","name":"Shivas Power \u2013 Seminare f\u00fcr bewusste M\u00e4nner - Shivas Power","isPartOf":{"@id":"https:\/\/westliches-tantra.de\/shivas-power\/#website"},"primaryImageOfPage":{"@id":"https:\/\/westliches-tantra.de\/shivas-power\/shivas-power-seminare-fuer-bewusste-maenner\/#primaryimage"},"image":{"@id":"https:\/\/westliches-tantra.de\/shivas-power\/shivas-power-seminare-fuer-bewusste-maenner\/#primaryimage"},"thumbnailUrl":"https:\/\/westliches-tantra.de\/shivas-power\/wp-content\/uploads\/sites\/9\/2025\/08\/shiva1.png","datePublished":"2025-08-04T18:10:00+00:00","dateModified":"2025-08-07T15:34:36+00:00","breadcrumb":{"@id":"https:\/\/westliches-tantra.de\/shivas-power\/shivas-power-seminare-fuer-bewusste-maenner\/#breadcrumb"},"inLanguage":"de","potentialAction":[{"@type":"ReadAction","target":["https:\/\/westliches-tantra.de\/shivas-power\/shivas-power-seminare-fuer-bewusste-maenner\/"]}]},{"@type":"ImageObject","inLanguage":"de","@id":"https:\/\/westliches-tantra.de\/shivas-power\/shivas-power-seminare-fuer-bewusste-maenner\/#primaryimage","url":"https:\/\/westliches-tantra.de\/shivas-power\/wp-content\/uploads\/sites\/9\/2025\/08\/shiva1.png","contentUrl":"https:\/\/westliches-tantra.de\/shivas-power\/wp-content\/uploads\/sites\/9\/2025\/08\/shiva1.png","width":952,"height":1018},{"@type":"BreadcrumbList","@id":"https:\/\/westliches-tantra.de\/shivas-power\/shivas-power-seminare-fuer-bewusste-maenner\/#breadcrumb","itemListElement":[{"@type":"ListItem","position":1,"name":"Startseite","item":"https:\/\/westliches-tantra.de\/shivas-power\/"},{"@type":"ListItem","position":2,"name":"Shivas Power \u2013 Seminare f\u00fcr bewusste M\u00e4nner"}]},{"@type":"WebSite","@id":"https:\/\/westliches-tantra.de\/shivas-power\/#website","url":"https:\/\/westliches-tantra.de\/shivas-power\/","name":"Shivas Power","description":"Der tantrische Mann \u2013 Training f\u00fcr authentische M\u00e4nnlichkeit","potentialAction":[{"@type":"SearchAction","target":{"@type":"EntryPoint","urlTemplate":"https:\/\/westliches-tantra.de\/shivas-power\/?s={search_term_string}"},"query-input":{"@type":"PropertyValueSpecification","valueRequired":true,"valueName":"search_term_string"}}],"inLanguage":"de"}]}},"_links":{"self":[{"href":"https:\/\/westliches-tantra.de\/shivas-power\/wp-json\/wp\/v2\/pages\/95","targetHints":{"allow":["GET"]}}],"collection":[{"href":"https:\/\/westliches-tantra.de\/shivas-power\/wp-json\/wp\/v2\/pages"}],"about":[{"href":"https:\/\/westliches-tantra.de\/shivas-power\/wp-json\/wp\/v2\/types\/page"}],"author":[{"embeddable":true,"href":"https:\/\/westliches-tantra.de\/shivas-power\/wp-json\/wp\/v2\/users\/1"}],"replies":[{"embeddable":true,"href":"https:\/\/westliches-tantra.de\/shivas-power\/wp-json\/wp\/v2\/comments?post=95"}],"version-history":[{"count":6,"href":"https:\/\/westliches-tantra.de\/shivas-power\/wp-json\/wp\/v2\/pages\/95\/revisions"}],"predecessor-version":[{"id":126,"href":"https:\/\/westliches-tantra.de\/shivas-power\/wp-json\/wp\/v2\/pages\/95\/revisions\/126"}],"wp:attachment":[{"href":"https:\/\/westliches-tantra.de\/shivas-power\/wp-json\/wp\/v2\/media?parent=95"}],"curies":[{"name":"wp","href":"https:\/\/api.w.org\/{rel}","templated":true}]}}