{"id":2,"date":"2024-11-12T09:15:41","date_gmt":"2024-11-12T08:15:41","guid":{"rendered":"https:\/\/westliches-tantra.de\/shivas-power\/?page_id=2"},"modified":"2025-08-27T21:05:15","modified_gmt":"2025-08-27T19:05:15","slug":"ueber_uns","status":"publish","type":"page","link":"https:\/\/westliches-tantra.de\/shivas-power\/ueber_uns\/","title":{"rendered":"\u00dcber uns"},"content":{"rendered":"\n<h1 class=\"wp-block-heading\">Das Team: Ralf Lieder &amp; Andr\u00e9 Walzer<\/h1>\n\n\n\n<div class=\"wp-block-columns is-layout-flex wp-container-core-columns-is-layout-9d6595d7 wp-block-columns-is-layout-flex\">\n<div class=\"wp-block-column is-layout-flow wp-block-column-is-layout-flow\" style=\"flex-basis:66.66%\">\n<p>Die kraftvolle Seminarreihe <em>\u201eDer tantrische Mann \u2013 Training f\u00fcr authentische M\u00e4nnlichkeit\u201c<\/em> wird von zwei erfahrenen und inspirierenden Pers\u00f6nlichkeiten geleitet: Ralf Lieder und Andr\u00e9 Walzer. Beide widmen sich seit vielen Jahren intensiv der M\u00e4nnerarbeit und verk\u00f6rpern auf eindrucksvolle Weise zwei essenzielle m\u00e4nnliche Archetypen \u2013 den Magier und den Krieger.<\/p>\n\n\n\n<p><strong>Ralf Lieder<\/strong>, Jahrgang 1958, steht nicht nur altersgem\u00e4\u00df im Magier-Zeitalter, sondern lebt diesen Archetypen mit ganzer Seele. Als Tantralehrer, Rebirther, M\u00e4nnercoach und Autor mehrerer Tantra-B\u00fccher bringt er einen reichen Erfahrungsschatz in die Seminare ein. Er ist Vater eines erwachsenen Sohnes und sch\u00f6pft aus zahlreichen Stationen seiner M\u00e4nnerarbeit \u2013 darunter das Herzenskrieger-Training bei Bj\u00f6rn Leimbach, die M\u00e4nnerbande mit Peter Anam Schr\u00f6ter sowie schamanische Schwitzh\u00fctten und shivaistische Rituale. Ralf vereint Weisheit, spirituelle Tiefe und einen geschulten Blick f\u00fcr innere Prozesse.<\/p>\n\n\n\n<p><strong>Andr\u00e9 Walzer<\/strong> hingegen verk\u00f6rpert den Krieger des Herzens: naturverbunden, kraftvoll, sportlich und liebevoll den Frauen zugewandt. Als Vater, Hydrologe, Natur-Resilienztrainer, Kinderbuchautor und Geschichtenerz\u00e4hler bringt er seine Lebendigkeit, Intuition und Erdung mit in die Arbeit. Seine Pr\u00e4senz ist klar, direkt und zugleich voller Herz. Seine M\u00e4nnerarbeit ist von den Elementen inspiriert und gepr\u00e4gt durch kraftvolle Rituale wie Haka und schamanische Praktiken. Sein Motto: \u201eIch bin hier, damit sich Menschen erinnern.\u201c<\/p>\n<\/div>\n\n\n\n<div class=\"wp-block-column is-layout-flow wp-block-column-is-layout-flow\" style=\"flex-basis:33.33%\">\n<figure class=\"wp-block-image size-full is-resized\"><img loading=\"lazy\" decoding=\"async\" width=\"300\" height=\"601\" src=\"https:\/\/westliches-tantra.de\/shivas-power\/wp-content\/uploads\/sites\/9\/2025\/08\/andre_ralf300x601.jpg\" alt=\"\" class=\"wp-image-34\" style=\"width:247px;height:auto\" srcset=\"https:\/\/westliches-tantra.de\/shivas-power\/wp-content\/uploads\/sites\/9\/2025\/08\/andre_ralf300x601.jpg 300w, https:\/\/westliches-tantra.de\/shivas-power\/wp-content\/uploads\/sites\/9\/2025\/08\/andre_ralf300x601-150x300.jpg 150w\" sizes=\"auto, (max-width: 300px) 100vw, 300px\" \/><\/figure>\n<\/div>\n<\/div>\n\n\n\n<div class=\"wp-block-columns is-layout-flex wp-container-core-columns-is-layout-9d6595d7 wp-block-columns-is-layout-flex\">\n<div class=\"wp-block-column is-layout-flow wp-block-column-is-layout-flow\" style=\"flex-basis:100%\">\n<p><\/p>\n\n\n\n<p>Gemeinsam schaffen Ralf und Andr\u00e9 einen kraftvollen Raum f\u00fcr M\u00e4nner, die den Weg zu ihrer authentischen M\u00e4nnlichkeit gehen wollen \u2013 getragen von Herz, Tiefe und uralter archetypischer Weisheit.<\/p>\n<\/div>\n<\/div>\n\n\n\n<p><\/p>\n","protected":false},"excerpt":{"rendered":"<p>Das Team: Ralf Lieder &amp; Andr\u00e9 Walzer Die kraftvolle Seminarreihe \u201eDer tantrische Mann \u2013 Training f\u00fcr authentische M\u00e4nnlichkeit\u201c wird von zwei erfahrenen und inspirierenden Pers\u00f6nlichkeiten geleitet: Ralf Lieder und Andr\u00e9 Walzer. Beide widmen sich&#46;&#46;&#46;<\/p>\n","protected":false},"author":1,"featured_media":0,"parent":0,"menu_order":0,"comment_status":"closed","ping_status":"open","template":"","meta":{"_EventAllDay":false,"_EventTimezone":"","_EventStartDate":"","_EventEndDate":"","_EventStartDateUTC":"","_EventEndDateUTC":"","_EventShowMap":false,"_EventShowMapLink":false,"_EventURL":"","_EventCost":"","_EventCostDescription":"","_EventCurrencySymbol":"","_EventCurrencyCode":"","_EventCurrencyPosition":"","_EventDateTimeSeparator":"","_EventTimeRangeSeparator":"","_EventOrganizerID":[],"_EventVenueID":[],"_OrganizerEmail":"","_OrganizerPhone":"","_OrganizerWebsite":"","_VenueAddress":"","_VenueCity":"","_VenueCountry":"","_VenueProvince":"","_VenueState":"","_VenueZip":"","_VenuePhone":"","_VenueURL":"","_VenueStateProvince":"","_VenueLat":"","_VenueLng":"","_VenueShowMap":false,"_VenueShowMapLink":false,"footnotes":""},"class_list":["post-2","page","type-page","status-publish","hentry"],"yoast_head":"<!-- This site is optimized with the Yoast SEO plugin v27.2 - https:\/\/yoast.com\/product\/yoast-seo-wordpress\/ -->\n<title>\u00dcber uns - Shivas Power<\/title>\n<meta name=\"robots\" content=\"index, follow, max-snippet:-1, max-image-preview:large, max-video-preview:-1\" \/>\n<link rel=\"canonical\" href=\"https:\/\/westliches-tantra.de\/shivas-power\/ueber_uns\/\" \/>\n<meta property=\"og:locale\" content=\"de_DE\" \/>\n<meta property=\"og:type\" content=\"article\" \/>\n<meta property=\"og:title\" content=\"\u00dcber uns - Shivas Power\" \/>\n<meta property=\"og:description\" content=\"Das Team: Ralf Lieder &amp; Andr\u00e9 Walzer Die kraftvolle Seminarreihe \u201eDer tantrische Mann \u2013 Training f\u00fcr authentische M\u00e4nnlichkeit\u201c wird von zwei erfahrenen und inspirierenden Pers\u00f6nlichkeiten geleitet: Ralf Lieder und Andr\u00e9 Walzer. Beide widmen sich&#046;&#046;&#046;\" \/>\n<meta property=\"og:url\" content=\"https:\/\/westliches-tantra.de\/shivas-power\/ueber_uns\/\" \/>\n<meta property=\"og:site_name\" content=\"Shivas Power\" \/>\n<meta property=\"article:modified_time\" content=\"2025-08-27T19:05:15+00:00\" \/>\n<meta property=\"og:image\" content=\"https:\/\/westliches-tantra.de\/shivas-power\/wp-content\/uploads\/sites\/9\/2025\/08\/andre_ralf300x601.jpg\" \/>\n\t<meta property=\"og:image:width\" content=\"300\" \/>\n\t<meta property=\"og:image:height\" content=\"601\" \/>\n\t<meta property=\"og:image:type\" content=\"image\/jpeg\" \/>\n<meta name=\"twitter:card\" content=\"summary_large_image\" \/>\n<meta name=\"twitter:label1\" content=\"Gesch\u00e4tzte Lesezeit\" \/>\n\t<meta name=\"twitter:data1\" content=\"2\u00a0Minuten\" \/>\n<script type=\"application\/ld+json\" class=\"yoast-schema-graph\">{\"@context\":\"https:\/\/schema.org\",\"@graph\":[{\"@type\":\"WebPage\",\"@id\":\"https:\/\/westliches-tantra.de\/shivas-power\/ueber_uns\/\",\"url\":\"https:\/\/westliches-tantra.de\/shivas-power\/ueber_uns\/\",\"name\":\"\u00dcber uns - Shivas Power\",\"isPartOf\":{\"@id\":\"https:\/\/westliches-tantra.de\/shivas-power\/#website\"},\"primaryImageOfPage\":{\"@id\":\"https:\/\/westliches-tantra.de\/shivas-power\/ueber_uns\/#primaryimage\"},\"image\":{\"@id\":\"https:\/\/westliches-tantra.de\/shivas-power\/ueber_uns\/#primaryimage\"},\"thumbnailUrl\":\"https:\/\/westliches-tantra.de\/shivas-power\/wp-content\/uploads\/sites\/9\/2025\/08\/andre_ralf300x601.jpg\",\"datePublished\":\"2024-11-12T08:15:41+00:00\",\"dateModified\":\"2025-08-27T19:05:15+00:00\",\"breadcrumb\":{\"@id\":\"https:\/\/westliches-tantra.de\/shivas-power\/ueber_uns\/#breadcrumb\"},\"inLanguage\":\"de\",\"potentialAction\":[{\"@type\":\"ReadAction\",\"target\":[\"https:\/\/westliches-tantra.de\/shivas-power\/ueber_uns\/\"]}]},{\"@type\":\"ImageObject\",\"inLanguage\":\"de\",\"@id\":\"https:\/\/westliches-tantra.de\/shivas-power\/ueber_uns\/#primaryimage\",\"url\":\"https:\/\/westliches-tantra.de\/shivas-power\/wp-content\/uploads\/sites\/9\/2025\/08\/andre_ralf300x601.jpg\",\"contentUrl\":\"https:\/\/westliches-tantra.de\/shivas-power\/wp-content\/uploads\/sites\/9\/2025\/08\/andre_ralf300x601.jpg\",\"width\":300,\"height\":601},{\"@type\":\"BreadcrumbList\",\"@id\":\"https:\/\/westliches-tantra.de\/shivas-power\/ueber_uns\/#breadcrumb\",\"itemListElement\":[{\"@type\":\"ListItem\",\"position\":1,\"name\":\"Startseite\",\"item\":\"https:\/\/westliches-tantra.de\/shivas-power\/\"},{\"@type\":\"ListItem\",\"position\":2,\"name\":\"\u00dcber uns\"}]},{\"@type\":\"WebSite\",\"@id\":\"https:\/\/westliches-tantra.de\/shivas-power\/#website\",\"url\":\"https:\/\/westliches-tantra.de\/shivas-power\/\",\"name\":\"Shivas Power\",\"description\":\"Der tantrische Mann \u2013 Training f\u00fcr authentische M\u00e4nnlichkeit\",\"potentialAction\":[{\"@type\":\"SearchAction\",\"target\":{\"@type\":\"EntryPoint\",\"urlTemplate\":\"https:\/\/westliches-tantra.de\/shivas-power\/?s={search_term_string}\"},\"query-input\":{\"@type\":\"PropertyValueSpecification\",\"valueRequired\":true,\"valueName\":\"search_term_string\"}}],\"inLanguage\":\"de\"}]}<\/script>\n<!-- \/ Yoast SEO plugin. -->","yoast_head_json":{"title":"\u00dcber uns - Shivas Power","robots":{"index":"index","follow":"follow","max-snippet":"max-snippet:-1","max-image-preview":"max-image-preview:large","max-video-preview":"max-video-preview:-1"},"canonical":"https:\/\/westliches-tantra.de\/shivas-power\/ueber_uns\/","og_locale":"de_DE","og_type":"article","og_title":"\u00dcber uns - Shivas Power","og_description":"Das Team: Ralf Lieder &amp; Andr\u00e9 Walzer Die kraftvolle Seminarreihe \u201eDer tantrische Mann \u2013 Training f\u00fcr authentische M\u00e4nnlichkeit\u201c wird von zwei erfahrenen und inspirierenden Pers\u00f6nlichkeiten geleitet: Ralf Lieder und Andr\u00e9 Walzer. Beide widmen sich&#46;&#46;&#46;","og_url":"https:\/\/westliches-tantra.de\/shivas-power\/ueber_uns\/","og_site_name":"Shivas Power","article_modified_time":"2025-08-27T19:05:15+00:00","og_image":[{"width":300,"height":601,"url":"https:\/\/westliches-tantra.de\/shivas-power\/wp-content\/uploads\/sites\/9\/2025\/08\/andre_ralf300x601.jpg","type":"image\/jpeg"}],"twitter_card":"summary_large_image","twitter_misc":{"Gesch\u00e4tzte Lesezeit":"2\u00a0Minuten"},"schema":{"@context":"https:\/\/schema.org","@graph":[{"@type":"WebPage","@id":"https:\/\/westliches-tantra.de\/shivas-power\/ueber_uns\/","url":"https:\/\/westliches-tantra.de\/shivas-power\/ueber_uns\/","name":"\u00dcber uns - Shivas Power","isPartOf":{"@id":"https:\/\/westliches-tantra.de\/shivas-power\/#website"},"primaryImageOfPage":{"@id":"https:\/\/westliches-tantra.de\/shivas-power\/ueber_uns\/#primaryimage"},"image":{"@id":"https:\/\/westliches-tantra.de\/shivas-power\/ueber_uns\/#primaryimage"},"thumbnailUrl":"https:\/\/westliches-tantra.de\/shivas-power\/wp-content\/uploads\/sites\/9\/2025\/08\/andre_ralf300x601.jpg","datePublished":"2024-11-12T08:15:41+00:00","dateModified":"2025-08-27T19:05:15+00:00","breadcrumb":{"@id":"https:\/\/westliches-tantra.de\/shivas-power\/ueber_uns\/#breadcrumb"},"inLanguage":"de","potentialAction":[{"@type":"ReadAction","target":["https:\/\/westliches-tantra.de\/shivas-power\/ueber_uns\/"]}]},{"@type":"ImageObject","inLanguage":"de","@id":"https:\/\/westliches-tantra.de\/shivas-power\/ueber_uns\/#primaryimage","url":"https:\/\/westliches-tantra.de\/shivas-power\/wp-content\/uploads\/sites\/9\/2025\/08\/andre_ralf300x601.jpg","contentUrl":"https:\/\/westliches-tantra.de\/shivas-power\/wp-content\/uploads\/sites\/9\/2025\/08\/andre_ralf300x601.jpg","width":300,"height":601},{"@type":"BreadcrumbList","@id":"https:\/\/westliches-tantra.de\/shivas-power\/ueber_uns\/#breadcrumb","itemListElement":[{"@type":"ListItem","position":1,"name":"Startseite","item":"https:\/\/westliches-tantra.de\/shivas-power\/"},{"@type":"ListItem","position":2,"name":"\u00dcber uns"}]},{"@type":"WebSite","@id":"https:\/\/westliches-tantra.de\/shivas-power\/#website","url":"https:\/\/westliches-tantra.de\/shivas-power\/","name":"Shivas Power","description":"Der tantrische Mann \u2013 Training f\u00fcr authentische M\u00e4nnlichkeit","potentialAction":[{"@type":"SearchAction","target":{"@type":"EntryPoint","urlTemplate":"https:\/\/westliches-tantra.de\/shivas-power\/?s={search_term_string}"},"query-input":{"@type":"PropertyValueSpecification","valueRequired":true,"valueName":"search_term_string"}}],"inLanguage":"de"}]}},"_links":{"self":[{"href":"https:\/\/westliches-tantra.de\/shivas-power\/wp-json\/wp\/v2\/pages\/2","targetHints":{"allow":["GET"]}}],"collection":[{"href":"https:\/\/westliches-tantra.de\/shivas-power\/wp-json\/wp\/v2\/pages"}],"about":[{"href":"https:\/\/westliches-tantra.de\/shivas-power\/wp-json\/wp\/v2\/types\/page"}],"author":[{"embeddable":true,"href":"https:\/\/westliches-tantra.de\/shivas-power\/wp-json\/wp\/v2\/users\/1"}],"replies":[{"embeddable":true,"href":"https:\/\/westliches-tantra.de\/shivas-power\/wp-json\/wp\/v2\/comments?post=2"}],"version-history":[{"count":4,"href":"https:\/\/westliches-tantra.de\/shivas-power\/wp-json\/wp\/v2\/pages\/2\/revisions"}],"predecessor-version":[{"id":227,"href":"https:\/\/westliches-tantra.de\/shivas-power\/wp-json\/wp\/v2\/pages\/2\/revisions\/227"}],"wp:attachment":[{"href":"https:\/\/westliches-tantra.de\/shivas-power\/wp-json\/wp\/v2\/media?parent=2"}],"curies":[{"name":"wp","href":"https:\/\/api.w.org\/{rel}","templated":true}]}}