{"id":140,"date":"2025-08-07T18:14:49","date_gmt":"2025-08-07T16:14:49","guid":{"rendered":"https:\/\/westliches-tantra.de\/shivas-power\/?page_id=140"},"modified":"2025-08-12T13:43:49","modified_gmt":"2025-08-12T11:43:49","slug":"artikel","status":"publish","type":"page","link":"https:\/\/westliches-tantra.de\/shivas-power\/artikel\/","title":{"rendered":"Artikel &amp; Downloads"},"content":{"rendered":"\n<h1 class=\"wp-block-heading\">Artikel, Blogs und Downloads<\/h1>\n\n\n\n<p>Artikel, Blogs und Downloads \u00fcber &#8222;M\u00e4nnersachen&#8220; und verwandte Themen<\/p>\n\n\n\n<div class=\"wp-block-columns has-background is-layout-flex wp-container-core-columns-is-layout-9d6595d7 wp-block-columns-is-layout-flex\" style=\"background-color:#fff9d9\">\n<div class=\"wp-block-column is-layout-flow wp-block-column-is-layout-flow\"><div class=\"wp-block-image\">\n<figure class=\"alignleft size-full is-resized\"><img loading=\"lazy\" decoding=\"async\" width=\"512\" height=\"896\" src=\"https:\/\/westliches-tantra.de\/shivas-power\/wp-content\/uploads\/sites\/9\/2025\/08\/tantrischer-mann03_512x896.png\" alt=\"\" class=\"wp-image-136\" style=\"width:173px;height:auto\" srcset=\"https:\/\/westliches-tantra.de\/shivas-power\/wp-content\/uploads\/sites\/9\/2025\/08\/tantrischer-mann03_512x896.png 512w, https:\/\/westliches-tantra.de\/shivas-power\/wp-content\/uploads\/sites\/9\/2025\/08\/tantrischer-mann03_512x896-171x300.png 171w\" sizes=\"auto, (max-width: 512px) 100vw, 512px\" \/><\/figure>\n<\/div>\n\n\n<h2 class=\"wp-block-heading has-background\" style=\"background-color:#e9ad83\">Was ist ein tantrischer Mann?<\/h2>\n\n\n\n<p>Stell dir einen Mann vor, der tief in seiner Kraft verwurzelt ist und gleichzeitig ein offenes Herz f\u00fcr die Welt um sich herum hat. Einen Mann, der seine Sinnlichkeit lebt, ohne dabei in Begierde zu verfallen. Einen Mann, der sich seiner Sexualit\u00e4t und seiner Gef\u00fchle bewusst ist und damit verantwortungsvoll umgeht. <\/p>\n\n\n\n<p>Genau das verstehen wir im westlichen Tantra und wir als Seminarleiter unter einem \u201etantrischen Mann\u201c: Er ist pr\u00e4sent, authentisch und sich seiner m\u00e4nnlichen Qualit\u00e4ten ebenso bewusst wie der weiblichen Kr\u00e4fte, die er in sich tr\u00e4gt. Diese Aspekte verschmelzen in ihm zu einer reifen, alltagstauglichen Spiritualit\u00e4t, die K\u00f6rper, Geist und Seele einbezieht. \u25ba <a href=\"https:\/\/westliches-tantra.de\/shivas-power\/was-ist-ein-tantrischer-mann\/\"><strong>Lesen<\/strong><\/a><\/p>\n\n\n\n<p>\u25ba <strong><a href=\"https:\/\/westliches-tantra.de\/shivas-power\/wp-content\/uploads\/sites\/9\/2025\/08\/was-ist-ein-tantrischer-Mann_komprimiert.pdf\">Artikel als PDF<\/a><\/strong><\/p>\n<\/div>\n<\/div>\n\n\n\n<div style=\"height:47px\" aria-hidden=\"true\" class=\"wp-block-spacer\"><\/div>\n\n\n\n<div class=\"wp-block-columns has-background is-layout-flex wp-container-core-columns-is-layout-9d6595d7 wp-block-columns-is-layout-flex\" style=\"background-color:#fff9d9\">\n<div class=\"wp-block-column is-layout-flow wp-block-column-is-layout-flow\"><div class=\"wp-block-image\">\n<figure class=\"alignleft size-full is-resized\"><img loading=\"lazy\" decoding=\"async\" width=\"170\" height=\"300\" src=\"https:\/\/westliches-tantra.de\/shivas-power\/wp-content\/uploads\/sites\/9\/2025\/08\/downloads.jpg\" alt=\"\" class=\"wp-image-176\" style=\"width:173px;height:auto\"\/><\/figure>\n<\/div>\n\n\n<h2 class=\"wp-block-heading has-background\" style=\"background-color:#e9ad83\">Downloads zum Thema &#8222;Der authentische Mann&#8220;<\/h2>\n\n\n\n<p>Hier werden diverse Downloads zum gleichnamigen M\u00e4nnertraining und Videokurs angeboten.<\/p>\n\n\n\n<ul class=\"wp-block-list\">\n<li>PDF &#8222;Die 10 Schl\u00fcssel f\u00fcr ein authentisches, bewusstes Mann-Sein&#8220;<\/li>\n\n\n\n<li>Audio-Datei &#8222;MP3-Vignette von Andr\u00e9 Walzer: Vom K\u00e4mpfer zum Krieger<\/li>\n\n\n\n<li>Pr\u00e4sentationsfolien zum Videokurs &#8222;Authentischer Mann statt Alpha-Mann&#8220;<\/li>\n<\/ul>\n\n\n\n<p>\u25ba <strong><a href=\"https:\/\/www.tantra-rheinland.de\/downloads\">Zum Download<\/a> <\/strong><\/p>\n<\/div>\n<\/div>\n\n\n\n<div style=\"height:47px\" aria-hidden=\"true\" class=\"wp-block-spacer\"><\/div>\n\n\n\n<div class=\"wp-block-columns has-background is-layout-flex wp-container-core-columns-is-layout-9d6595d7 wp-block-columns-is-layout-flex\" style=\"background-color:#fff9d9\">\n<div class=\"wp-block-column is-layout-flow wp-block-column-is-layout-flow\"><div class=\"wp-block-image\">\n<figure class=\"alignleft size-full is-resized\"><img loading=\"lazy\" decoding=\"async\" width=\"512\" height=\"896\" src=\"https:\/\/westliches-tantra.de\/shivas-power\/wp-content\/uploads\/sites\/9\/2025\/08\/fuelle512x896.png\" alt=\"\" class=\"wp-image-167\" style=\"width:173px;height:auto\" srcset=\"https:\/\/westliches-tantra.de\/shivas-power\/wp-content\/uploads\/sites\/9\/2025\/08\/fuelle512x896.png 512w, https:\/\/westliches-tantra.de\/shivas-power\/wp-content\/uploads\/sites\/9\/2025\/08\/fuelle512x896-171x300.png 171w\" sizes=\"auto, (max-width: 512px) 100vw, 512px\" \/><\/figure>\n<\/div>\n\n\n<h2 class=\"wp-block-heading has-background\" style=\"background-color:#e9ad83\">Das Geschenk der F\u00fclle<\/h2>\n\n\n\n<p><strong>Ein tantrischer Blick auf Reichtums- und Armutsbewusstsein<\/strong><\/p>\n\n\n\n<p>Aus tantrischer Sicht ist wahres Wachstum untrennbar mit dem Fluss von Geben und Empfangen verbunden, denn wir erkennen, dass wir alle Teil eines gr\u00f6\u00dferen Ganzen sind. Wenn wir uns in diesem Fluss sicher und gehalten f\u00fchlen, entwickelt sich ein tiefes Vertrauen in das Leben, in unsere Mitmenschen und in uns selbst. Dies ist die Basis f\u00fcr ein Reichtumsbewusstsein, bei dem wir Gro\u00dfz\u00fcgigkeit als Weg zur Verbundenheit erfahren. <\/p>\n\n\n\n<p>Wer in F\u00fclle denkt, \u00f6ffnet sein Herz und seine H\u00e4nde, weil er sp\u00fcrt, dass jeder Akt des Gebens in einem universellen Kreislauf wieder zu einem selbst zur\u00fcckkehrt \u2013 sei es in Form von bereichernden Begegnungen, neuen M\u00f6glichkeiten oder inspirierten Ideen. \u25ba <strong><a href=\"https:\/\/westliches-tantra.de\/shivas-power\/das_geschenk_der_fuelle\/\">Lesen<\/a><\/strong><\/p>\n<\/div>\n<\/div>\n\n\n\n<div style=\"height:52px\" aria-hidden=\"true\" class=\"wp-block-spacer\"><\/div>\n\n\n\n<div class=\"wp-block-columns has-background is-layout-flex wp-container-core-columns-is-layout-9d6595d7 wp-block-columns-is-layout-flex\" style=\"background-color:#fff9d9\">\n<div class=\"wp-block-column is-layout-flow wp-block-column-is-layout-flow\"><div class=\"wp-block-image\">\n<figure class=\"alignleft size-full is-resized\"><img loading=\"lazy\" decoding=\"async\" width=\"170\" height=\"300\" src=\"https:\/\/westliches-tantra.de\/shivas-power\/wp-content\/uploads\/sites\/9\/2025\/08\/blog.png\" alt=\"\" class=\"wp-image-170\" style=\"width:173px;height:auto\"\/><\/figure>\n<\/div>\n\n\n<h2 class=\"wp-block-heading has-background\" style=\"background-color:#e9ad83\">M\u00e4nnersache-Blog<\/h2>\n\n\n\n<p>Ein Blog mit kurzen Texten zu &#8222;M\u00e4nnersachen&#8220; wie &#8222;Lingam-Talk \u2013 Warum f\u00fcr M\u00e4nner der Penis der Mittelpunkt ihres erotischen Erlebens ist&#8220;, &#8222;Bed\u00fcrftigkeit ist der gr\u00f6\u00dfte Abt\u00f6rner f\u00fcr Frauen&#8220; oder &#8222;Bleibe souver\u00e4n bei den Stimmungsschwankungen deiner Partnerin&#8220;. \u25ba <strong><a href=\"https:\/\/westliches-tantra.de\/maennersache-blog\/\">Lesen<\/a><\/strong><\/p>\n<\/div>\n<\/div>\n\n\n\n<div style=\"height:52px\" aria-hidden=\"true\" class=\"wp-block-spacer\"><\/div>\n\n\n\n<div class=\"wp-block-columns has-background is-layout-flex wp-container-core-columns-is-layout-9d6595d7 wp-block-columns-is-layout-flex\" style=\"background-color:#fff9d9\">\n<div class=\"wp-block-column is-layout-flow wp-block-column-is-layout-flow\"><div class=\"wp-block-image\">\n<figure class=\"alignleft size-full is-resized\"><img loading=\"lazy\" decoding=\"async\" width=\"170\" height=\"300\" src=\"https:\/\/westliches-tantra.de\/shivas-power\/wp-content\/uploads\/sites\/9\/2025\/08\/westliches-tantra170x300.jpg\" alt=\"\" class=\"wp-image-173\" style=\"width:173px;height:auto\"\/><\/figure>\n<\/div>\n\n\n<h2 class=\"wp-block-heading has-background\" style=\"background-color:#e9ad83\">Artikel bei westliches-tantra.de<\/h2>\n\n\n\n<p>Auf der Webseite westliches-tantra.de findest du eine Reihe interessanter Artikel rund um Tantra, Sexualit\u00e4t sowie Frauen und M\u00e4nner \u25ba <strong><a href=\"https:\/\/westliches-tantra.de\/artikel-texte\/\">Lesen<\/a><\/strong><\/p>\n<\/div>\n<\/div>\n","protected":false},"excerpt":{"rendered":"<p>Artikel, Blogs und Downloads Artikel, Blogs und Downloads \u00fcber &#8222;M\u00e4nnersachen&#8220; und verwandte Themen Was ist ein tantrischer Mann? Stell dir einen Mann vor, der tief in seiner Kraft verwurzelt ist und gleichzeitig ein offenes&#46;&#46;&#46;<\/p>\n","protected":false},"author":1,"featured_media":0,"parent":0,"menu_order":0,"comment_status":"closed","ping_status":"open","template":"","meta":{"_EventAllDay":false,"_EventTimezone":"","_EventStartDate":"","_EventEndDate":"","_EventStartDateUTC":"","_EventEndDateUTC":"","_EventShowMap":false,"_EventShowMapLink":false,"_EventURL":"","_EventCost":"","_EventCostDescription":"","_EventCurrencySymbol":"","_EventCurrencyCode":"","_EventCurrencyPosition":"","_EventDateTimeSeparator":"","_EventTimeRangeSeparator":"","_EventOrganizerID":[],"_EventVenueID":[],"_OrganizerEmail":"","_OrganizerPhone":"","_OrganizerWebsite":"","_VenueAddress":"","_VenueCity":"","_VenueCountry":"","_VenueProvince":"","_VenueState":"","_VenueZip":"","_VenuePhone":"","_VenueURL":"","_VenueStateProvince":"","_VenueLat":"","_VenueLng":"","_VenueShowMap":false,"_VenueShowMapLink":false,"footnotes":""},"class_list":["post-140","page","type-page","status-publish","hentry"],"yoast_head":"<!-- This site is optimized with the Yoast SEO plugin v27.2 - https:\/\/yoast.com\/product\/yoast-seo-wordpress\/ -->\n<title>Artikel &amp; Downloads - Shivas Power<\/title>\n<meta name=\"robots\" content=\"index, follow, max-snippet:-1, max-image-preview:large, max-video-preview:-1\" \/>\n<link rel=\"canonical\" href=\"https:\/\/westliches-tantra.de\/shivas-power\/artikel\/\" \/>\n<meta property=\"og:locale\" content=\"de_DE\" \/>\n<meta property=\"og:type\" content=\"article\" \/>\n<meta property=\"og:title\" content=\"Artikel &amp; Downloads - Shivas Power\" \/>\n<meta property=\"og:description\" content=\"Artikel, Blogs und Downloads Artikel, Blogs und Downloads \u00fcber &#8222;M\u00e4nnersachen&#8220; und verwandte Themen Was ist ein tantrischer Mann? Stell dir einen Mann vor, der tief in seiner Kraft verwurzelt ist und gleichzeitig ein offenes&#046;&#046;&#046;\" \/>\n<meta property=\"og:url\" content=\"https:\/\/westliches-tantra.de\/shivas-power\/artikel\/\" \/>\n<meta property=\"og:site_name\" content=\"Shivas Power\" \/>\n<meta property=\"article:modified_time\" content=\"2025-08-12T11:43:49+00:00\" \/>\n<meta property=\"og:image\" content=\"https:\/\/westliches-tantra.de\/shivas-power\/wp-content\/uploads\/sites\/9\/2025\/08\/tantrischer-mann03_512x896.png\" \/>\n\t<meta property=\"og:image:width\" content=\"512\" \/>\n\t<meta property=\"og:image:height\" content=\"896\" \/>\n\t<meta property=\"og:image:type\" content=\"image\/png\" \/>\n<meta name=\"twitter:card\" content=\"summary_large_image\" \/>\n<meta name=\"twitter:label1\" content=\"Gesch\u00e4tzte Lesezeit\" \/>\n\t<meta name=\"twitter:data1\" content=\"3\u00a0Minuten\" \/>\n<script type=\"application\/ld+json\" class=\"yoast-schema-graph\">{\"@context\":\"https:\/\/schema.org\",\"@graph\":[{\"@type\":\"WebPage\",\"@id\":\"https:\/\/westliches-tantra.de\/shivas-power\/artikel\/\",\"url\":\"https:\/\/westliches-tantra.de\/shivas-power\/artikel\/\",\"name\":\"Artikel &amp; Downloads - Shivas Power\",\"isPartOf\":{\"@id\":\"https:\/\/westliches-tantra.de\/shivas-power\/#website\"},\"primaryImageOfPage\":{\"@id\":\"https:\/\/westliches-tantra.de\/shivas-power\/artikel\/#primaryimage\"},\"image\":{\"@id\":\"https:\/\/westliches-tantra.de\/shivas-power\/artikel\/#primaryimage\"},\"thumbnailUrl\":\"https:\/\/westliches-tantra.de\/shivas-power\/wp-content\/uploads\/sites\/9\/2025\/08\/tantrischer-mann03_512x896.png\",\"datePublished\":\"2025-08-07T16:14:49+00:00\",\"dateModified\":\"2025-08-12T11:43:49+00:00\",\"breadcrumb\":{\"@id\":\"https:\/\/westliches-tantra.de\/shivas-power\/artikel\/#breadcrumb\"},\"inLanguage\":\"de\",\"potentialAction\":[{\"@type\":\"ReadAction\",\"target\":[\"https:\/\/westliches-tantra.de\/shivas-power\/artikel\/\"]}]},{\"@type\":\"ImageObject\",\"inLanguage\":\"de\",\"@id\":\"https:\/\/westliches-tantra.de\/shivas-power\/artikel\/#primaryimage\",\"url\":\"https:\/\/westliches-tantra.de\/shivas-power\/wp-content\/uploads\/sites\/9\/2025\/08\/tantrischer-mann03_512x896.png\",\"contentUrl\":\"https:\/\/westliches-tantra.de\/shivas-power\/wp-content\/uploads\/sites\/9\/2025\/08\/tantrischer-mann03_512x896.png\",\"width\":512,\"height\":896},{\"@type\":\"BreadcrumbList\",\"@id\":\"https:\/\/westliches-tantra.de\/shivas-power\/artikel\/#breadcrumb\",\"itemListElement\":[{\"@type\":\"ListItem\",\"position\":1,\"name\":\"Startseite\",\"item\":\"https:\/\/westliches-tantra.de\/shivas-power\/\"},{\"@type\":\"ListItem\",\"position\":2,\"name\":\"Artikel &amp; Downloads\"}]},{\"@type\":\"WebSite\",\"@id\":\"https:\/\/westliches-tantra.de\/shivas-power\/#website\",\"url\":\"https:\/\/westliches-tantra.de\/shivas-power\/\",\"name\":\"Shivas Power\",\"description\":\"Der tantrische Mann \u2013 Training f\u00fcr authentische M\u00e4nnlichkeit\",\"potentialAction\":[{\"@type\":\"SearchAction\",\"target\":{\"@type\":\"EntryPoint\",\"urlTemplate\":\"https:\/\/westliches-tantra.de\/shivas-power\/?s={search_term_string}\"},\"query-input\":{\"@type\":\"PropertyValueSpecification\",\"valueRequired\":true,\"valueName\":\"search_term_string\"}}],\"inLanguage\":\"de\"}]}<\/script>\n<!-- \/ Yoast SEO plugin. -->","yoast_head_json":{"title":"Artikel &amp; Downloads - Shivas Power","robots":{"index":"index","follow":"follow","max-snippet":"max-snippet:-1","max-image-preview":"max-image-preview:large","max-video-preview":"max-video-preview:-1"},"canonical":"https:\/\/westliches-tantra.de\/shivas-power\/artikel\/","og_locale":"de_DE","og_type":"article","og_title":"Artikel &amp; Downloads - Shivas Power","og_description":"Artikel, Blogs und Downloads Artikel, Blogs und Downloads \u00fcber &#8222;M\u00e4nnersachen&#8220; und verwandte Themen Was ist ein tantrischer Mann? Stell dir einen Mann vor, der tief in seiner Kraft verwurzelt ist und gleichzeitig ein offenes&#46;&#46;&#46;","og_url":"https:\/\/westliches-tantra.de\/shivas-power\/artikel\/","og_site_name":"Shivas Power","article_modified_time":"2025-08-12T11:43:49+00:00","og_image":[{"width":512,"height":896,"url":"https:\/\/westliches-tantra.de\/shivas-power\/wp-content\/uploads\/sites\/9\/2025\/08\/tantrischer-mann03_512x896.png","type":"image\/png"}],"twitter_card":"summary_large_image","twitter_misc":{"Gesch\u00e4tzte Lesezeit":"3\u00a0Minuten"},"schema":{"@context":"https:\/\/schema.org","@graph":[{"@type":"WebPage","@id":"https:\/\/westliches-tantra.de\/shivas-power\/artikel\/","url":"https:\/\/westliches-tantra.de\/shivas-power\/artikel\/","name":"Artikel &amp; Downloads - Shivas Power","isPartOf":{"@id":"https:\/\/westliches-tantra.de\/shivas-power\/#website"},"primaryImageOfPage":{"@id":"https:\/\/westliches-tantra.de\/shivas-power\/artikel\/#primaryimage"},"image":{"@id":"https:\/\/westliches-tantra.de\/shivas-power\/artikel\/#primaryimage"},"thumbnailUrl":"https:\/\/westliches-tantra.de\/shivas-power\/wp-content\/uploads\/sites\/9\/2025\/08\/tantrischer-mann03_512x896.png","datePublished":"2025-08-07T16:14:49+00:00","dateModified":"2025-08-12T11:43:49+00:00","breadcrumb":{"@id":"https:\/\/westliches-tantra.de\/shivas-power\/artikel\/#breadcrumb"},"inLanguage":"de","potentialAction":[{"@type":"ReadAction","target":["https:\/\/westliches-tantra.de\/shivas-power\/artikel\/"]}]},{"@type":"ImageObject","inLanguage":"de","@id":"https:\/\/westliches-tantra.de\/shivas-power\/artikel\/#primaryimage","url":"https:\/\/westliches-tantra.de\/shivas-power\/wp-content\/uploads\/sites\/9\/2025\/08\/tantrischer-mann03_512x896.png","contentUrl":"https:\/\/westliches-tantra.de\/shivas-power\/wp-content\/uploads\/sites\/9\/2025\/08\/tantrischer-mann03_512x896.png","width":512,"height":896},{"@type":"BreadcrumbList","@id":"https:\/\/westliches-tantra.de\/shivas-power\/artikel\/#breadcrumb","itemListElement":[{"@type":"ListItem","position":1,"name":"Startseite","item":"https:\/\/westliches-tantra.de\/shivas-power\/"},{"@type":"ListItem","position":2,"name":"Artikel &amp; Downloads"}]},{"@type":"WebSite","@id":"https:\/\/westliches-tantra.de\/shivas-power\/#website","url":"https:\/\/westliches-tantra.de\/shivas-power\/","name":"Shivas Power","description":"Der tantrische Mann \u2013 Training f\u00fcr authentische M\u00e4nnlichkeit","potentialAction":[{"@type":"SearchAction","target":{"@type":"EntryPoint","urlTemplate":"https:\/\/westliches-tantra.de\/shivas-power\/?s={search_term_string}"},"query-input":{"@type":"PropertyValueSpecification","valueRequired":true,"valueName":"search_term_string"}}],"inLanguage":"de"}]}},"_links":{"self":[{"href":"https:\/\/westliches-tantra.de\/shivas-power\/wp-json\/wp\/v2\/pages\/140","targetHints":{"allow":["GET"]}}],"collection":[{"href":"https:\/\/westliches-tantra.de\/shivas-power\/wp-json\/wp\/v2\/pages"}],"about":[{"href":"https:\/\/westliches-tantra.de\/shivas-power\/wp-json\/wp\/v2\/types\/page"}],"author":[{"embeddable":true,"href":"https:\/\/westliches-tantra.de\/shivas-power\/wp-json\/wp\/v2\/users\/1"}],"replies":[{"embeddable":true,"href":"https:\/\/westliches-tantra.de\/shivas-power\/wp-json\/wp\/v2\/comments?post=140"}],"version-history":[{"count":11,"href":"https:\/\/westliches-tantra.de\/shivas-power\/wp-json\/wp\/v2\/pages\/140\/revisions"}],"predecessor-version":[{"id":209,"href":"https:\/\/westliches-tantra.de\/shivas-power\/wp-json\/wp\/v2\/pages\/140\/revisions\/209"}],"wp:attachment":[{"href":"https:\/\/westliches-tantra.de\/shivas-power\/wp-json\/wp\/v2\/media?parent=140"}],"curies":[{"name":"wp","href":"https:\/\/api.w.org\/{rel}","templated":true}]}}