{"id":2,"date":"2026-01-15T18:21:38","date_gmt":"2026-01-15T17:21:38","guid":{"rendered":"https:\/\/westliches-tantra.de\/rheinische-tantranacht\/?page_id=2"},"modified":"2026-01-15T23:13:35","modified_gmt":"2026-01-15T22:13:35","slug":"startseite","status":"publish","type":"page","link":"https:\/\/westliches-tantra.de\/rheinische-tantranacht\/startseite\/","title":{"rendered":"Startseite"},"content":{"rendered":"\n<h2 class=\"wp-block-heading\">Die <strong>Rheinischen TantraN\u00e4chte<\/strong><\/h2>\n\n\n\n<p><strong>Achtsam-sinnliche Begegnungen f\u00fcr Paare und Singles in K\u00f6ln<\/strong><\/p>\n\n\n\n<p>Die Rheinischen TantraN\u00e4chte sind ein besonderes Begegnungs-Event in K\u00f6ln f\u00fcr&nbsp;erwachsene Menschen mit Eigenverantwortung, die in der Lage sind, die angebotenen Freir\u00e4ume respektvoll zu nutzen. K\u00f6rperbezogene Selbsterfahrung, tantrische Rituale, keltisch-germanische Br\u00e4uche und ausgelassenes Feiern werden hier miteinander verbunden.<\/p>\n\n\n\n<div class=\"wp-block-columns has-background is-layout-flex wp-container-core-columns-is-layout-9d6595d7 wp-block-columns-is-layout-flex\" style=\"background-color:#fff9d9\">\n<div class=\"wp-block-column is-layout-flow wp-block-column-is-layout-flow\"><div class=\"wp-block-image\">\n<figure class=\"alignleft size-full\"><img loading=\"lazy\" decoding=\"async\" width=\"200\" height=\"133\" src=\"https:\/\/westliches-tantra.de\/rheinische-tantranacht\/wp-content\/uploads\/sites\/11\/2026\/01\/fest_der_liebe_200_133.png\" alt=\"\" class=\"wp-image-39\"\/><\/figure>\n<\/div>\n\n\n<p class=\"has-text-color has-background has-link-color wp-elements-597a76a25fce5ce3117cbb22bbffdbbd\" style=\"color:#717171;background-color:#fbbe8b\"><strong>Die n\u00e4chste Rheinische TantraNacht<\/strong><\/p>\n\n\n\n<h4 class=\"wp-block-heading\">14.02.26 &#8222;Das gro\u00dfe Ritual der Liebe&#8220;<\/h4>\n\n\n\n<p>Bei dieser TantraNacht feiern wir die Liebe in alle ihren Auspr\u00e4gungen. Wir dr\u00fccken Liebe in Wertsch\u00e4tzung und in kleinen Geschenken aus. Wir schaffen Herzensverbindungen, die ein intuitives Verst\u00e4ndnis f\u00fcreinander entstehen lassen. Wir werden die sinnlich-erotische Energie in die h\u00f6heren Chakren lenken und entdecken dabei das wohlige Gef\u00fchl der flie\u00dfenden Liebeskraft. <\/p>\n\n\n\n<p>\u25ba <a href=\"https:\/\/westliches-tantra.de\/shivas-power\/der-archetyp-krieger\/\">Ausf\u00fchrliche Seminarinformationen und Anmeldung<\/a>        <\/p>\n<\/div>\n<\/div>\n\n\n\n<div style=\"height:47px\" aria-hidden=\"true\" class=\"wp-block-spacer\"><\/div>\n\n\n<div class=\"wp-block-image\">\n<figure class=\"alignright size-full is-resized\"><img loading=\"lazy\" decoding=\"async\" width=\"200\" height=\"156\" src=\"https:\/\/westliches-tantra.de\/rheinische-tantranacht\/wp-content\/uploads\/sites\/11\/2026\/01\/RalfFelice.jpg\" alt=\"\" class=\"wp-image-42\" style=\"width:230px;height:auto\"\/><\/figure>\n<\/div>\n\n\n<p>Das Besondere bei unseren TantraN\u00e4chten sind die von erfahrenen Tantrikern und Trainern angeleiteten Strukturen, mittels derer sich sehr schnell eine achtsam-sinnliche Atmosph\u00e4re entwickelt, bei der jeder und jede der maximal 70 Teilnehmer und Teilnehmerinnen mit einbezogen wird. Wir achten auf eine Parit\u00e4t von M\u00e4nnern und Frauen.<\/p>\n\n\n\n<p>Die TantraN\u00e4chte sind in drei Abschnitte unterteilt. Der Nachmittag steht im Dienste der Kl\u00e4rung: Selbsterfahrung, Innenschau, Begegnung mit mir und anderen, Sinnlichkeit bewusst wahrnehmen usw. Das Abendprogramm ist dagegen dem \u201cN\u00e4hren\u201d gewidmet: Feiern, Tanzen, Ber\u00fchrung, Erotik, Experimentieren usw. Der dritte Teil, der meist gegen Mitternacht nach dem Ende des offiziellen Programms beginnt, besteht in einem respektvollen Freiraum, der den Personen offen steht, die noch bleiben m\u00f6chten.<\/p>\n\n\n\n<p>\u25ba <a href=\"https:\/\/rheinische-tantranacht.de\/zielgruppen.html\">F\u00fcr welche Menschen sind die Rheinischen TantraN\u00e4chte geeignet?<\/a><br>\u25ba <a href=\"https:\/\/rheinische-tantranacht.de\/id-3-rheinische-tantranacht.html\">Ausf\u00fchrliche inhaltliche Informationen zu den Rheinischen TantraN\u00e4chten<\/a><br>\u25ba <a href=\"https:\/\/rheinische-tantranacht.de\/unsere-vision-fuer-die-rheinischen-tantranaechte.html\">Unsere Vision f\u00fcr die Rheinischen TantraN\u00e4chte<\/a><\/p>\n\n\n\n<div style=\"height:52px\" aria-hidden=\"true\" class=\"wp-block-spacer\"><\/div>\n\n\n\n<div class=\"wp-block-group is-nowrap is-layout-flex wp-container-core-group-is-layout-ad2f72ca wp-block-group-is-layout-flex\">\n<h4 class=\"wp-block-heading\">Die Termine der Rheinischen TantraNacht:<\/h4>\n<\/div>\n\n\n\n<p><\/p>\n\n\n\n<div class=\"wp-block-columns has-background is-layout-flex wp-container-core-columns-is-layout-9d6595d7 wp-block-columns-is-layout-flex\" style=\"background-color:#fff9d9\">\n<div class=\"wp-block-column is-layout-flow wp-block-column-is-layout-flow\"><div class=\"wp-block-image\">\n<figure class=\"alignleft size-full\"><img loading=\"lazy\" decoding=\"async\" width=\"200\" height=\"133\" src=\"https:\/\/westliches-tantra.de\/rheinische-tantranacht\/wp-content\/uploads\/sites\/11\/2026\/01\/beltane200x133.jpg\" alt=\"\" class=\"wp-image-45\"\/><\/figure>\n<\/div>\n\n\n<p class=\"has-text-color has-background has-link-color wp-elements-6715296823c406d594e6ea908ba8e141\" style=\"color:#141414;background-color:#fbbe8b\"><strong>25.04.26<br>&#8222;Das tantrische Sommeranfang-Ritual (Beltane)&#8220;<\/strong><\/p>\n\n\n\n<p>Das keltische Beltane-Fest war urspr\u00fcnglich ein magisches Fruchtbarkeitsritual, mit dem unsere Vorfahren den Beginn der hellen Jahreszeit und die ab Mai in der Natur explodierende Lebenskraft feierten. Das Fest selbst und die verwendeten Elemente und Rituale stecken voller Erotik.<\/p>\n\n\n\n<p>\u25ba <a href=\"https:\/\/westliches-tantra.de\/shivas-power\/der-archetyp-krieger\/\">Ausf\u00fchrliche Seminarinformationen und Anmeldung<\/a>        <\/p>\n<\/div>\n<\/div>\n\n\n\n<div style=\"height:47px\" aria-hidden=\"true\" class=\"wp-block-spacer\"><\/div>\n\n\n\n<div class=\"wp-block-columns has-background is-layout-flex wp-container-core-columns-is-layout-9d6595d7 wp-block-columns-is-layout-flex\" style=\"background-color:#fff9d9\">\n<div class=\"wp-block-column is-layout-flow wp-block-column-is-layout-flow\"><div class=\"wp-block-image\">\n<figure class=\"alignleft size-full\"><img loading=\"lazy\" decoding=\"async\" width=\"200\" height=\"133\" src=\"https:\/\/westliches-tantra.de\/rheinische-tantranacht\/wp-content\/uploads\/sites\/11\/2026\/01\/jera_ritual_fuelle_freude_200x133.png\" alt=\"\" class=\"wp-image-46\"\/><\/figure>\n<\/div>\n\n\n<p class=\"has-text-color has-background has-link-color wp-elements-f3128e40168b2f975d0790953e77a268\" style=\"color:#141414;background-color:#fbbe8b\"><strong>29.08.26<br>&#8222;Das tantrische Ritual der F\u00fclle und Freude (Jera)&#8220;<\/strong><\/p>\n\n\n\n<p>Jera (= Jahr) ist eine keltische Rune, die auf den Kreislauf der Jahreszeiten und den Zyklus des Lebens hinweist. Gleichzeitig ist es das keltische Symbol f\u00fcr Harmonie, Rhythmus und immer wiederkehrende Zeit der Ernte. Jera symbolisiert damit die Belohnung f\u00fcr fr\u00fchere Anstrengungen.<\/p>\n\n\n\n<p>\u25ba <a href=\"https:\/\/westliches-tantra.de\/shivas-power\/der-archetyp-krieger\/\">Ausf\u00fchrliche Seminarinformationen und Anmeldung<\/a>        <\/p>\n<\/div>\n<\/div>\n\n\n\n<div style=\"height:32px\" aria-hidden=\"true\" class=\"wp-block-spacer\"><\/div>\n\n\n\n<div class=\"wp-block-columns has-background is-layout-flex wp-container-core-columns-is-layout-9d6595d7 wp-block-columns-is-layout-flex\" style=\"background-color:#fff9d9\">\n<div class=\"wp-block-column is-layout-flow wp-block-column-is-layout-flow\"><div class=\"wp-block-image\">\n<figure class=\"alignleft size-full\"><img loading=\"lazy\" decoding=\"async\" width=\"200\" height=\"133\" src=\"https:\/\/westliches-tantra.de\/rheinische-tantranacht\/wp-content\/uploads\/sites\/11\/2026\/01\/samhain_200.jpg\" alt=\"\" class=\"wp-image-47\"\/><\/figure>\n<\/div>\n\n\n<p class=\"has-text-color has-background has-link-color wp-elements-1b3a9d09e1f9cb50ebc8508c9721d028\" style=\"color:#141414;background-color:#fbbe8b\"><strong>24.10.26<br>&#8222;Das tantrische Licht- und Schatten-Ritual (Samhain\/Halloween)&#8220;<\/strong><\/p>\n\n\n\n<p>Mit dieser Rheinischen TantraNacht feiern wir das kommende Samhain-Fest, auch &#8222;Allerheiligen&#8220; oder &#8222;Halloween&#8220; genannt. Wir zelebrieren den \u00dcbergang von Licht in Schatten, wir werden uns ausgiebig mit den Qualit\u00e4ten unserer Schattenseiten besch\u00e4ftigen, wir werden die Geister verjagen, wir werden innere Einkehr halten.<\/p>\n\n\n\n<p>\u25ba <a href=\"https:\/\/westliches-tantra.de\/shivas-power\/der-archetyp-krieger\/\">Ausf\u00fchrliche Seminarinformationen und Anmeldung<\/a>        <\/p>\n<\/div>\n<\/div>\n\n\n\n<div style=\"height:32px\" aria-hidden=\"true\" class=\"wp-block-spacer\"><\/div>\n\n\n\n<div class=\"wp-block-columns has-background is-layout-flex wp-container-core-columns-is-layout-9d6595d7 wp-block-columns-is-layout-flex\" style=\"background-color:#fff9d9\">\n<div class=\"wp-block-column is-layout-flow wp-block-column-is-layout-flow\"><div class=\"wp-block-image\">\n<figure class=\"alignleft size-full\"><img loading=\"lazy\" decoding=\"async\" width=\"200\" height=\"133\" src=\"https:\/\/westliches-tantra.de\/rheinische-tantranacht\/wp-content\/uploads\/sites\/11\/2026\/01\/silvester.jpg\" alt=\"\" class=\"wp-image-48\"\/><\/figure>\n<\/div>\n\n\n<p class=\"has-text-color has-background has-link-color wp-elements-0f34ac541a06a35c31f3f866b5ffc8de\" style=\"color:#141414;background-color:#fbbe8b\"><strong>31.12.26<\/strong><br><strong>Tantrisches Silvester-Ritual <\/strong><\/p>\n\n\n\n<p>Wir laden dich ein, im Kreis der Tantriker\/innen eine fr\u00f6hliche Silvesternacht zu verbringen. Wir werden tantrische Rituale feiern, zusammen tanzen, einen Film ansehen, Altes loslassen und Neues visualisieren, Spa\u00df haben und gemeinsam in das neue Jahr hinein zu feiern.<\/p>\n\n\n\n<p>\u25ba <a href=\"https:\/\/westliches-tantra.de\/shivas-power\/der-archetyp-krieger\/\">Ausf\u00fchrliche Seminarinformationen und Anmeldung<\/a>        <\/p>\n<\/div>\n<\/div>\n\n\n\n<div style=\"height:52px\" aria-hidden=\"true\" class=\"wp-block-spacer\"><\/div>\n\n\n\n<div class=\"wp-block-columns has-background is-layout-flex wp-container-core-columns-is-layout-9d6595d7 wp-block-columns-is-layout-flex\" style=\"background-color:#fff9d9\">\n<div class=\"wp-block-column is-layout-flow wp-block-column-is-layout-flow\"><div class=\"wp-block-image\">\n<figure class=\"alignleft size-large is-resized\"><img decoding=\"async\" src=\"https:\/\/westliches-tantra.de\/wp-content\/uploads\/2024\/04\/tantrische_weisheiten.png\" alt=\"Buch &quot;Das goldene Buch der tantrischen Weisheiten&quot;\" style=\"width:217px;height:auto\"\/><\/figure>\n<\/div>\n\n\n<h4 class=\"wp-block-heading\" id=\"heilung-durch-das-becken\">Das goldene Buch der tantrischen Weisheiten<\/h4>\n\n\n\n<p>Entdecke die Geheimnisse des Tantra und erlebe eine faszinierende Reise durch seine urspr\u00fcnglichen Lehren. Dieses einzigartige Werk bringt dir die Weisheit von 66 Schl\u00fcsselschriften aus den hinduistischen und buddhistischen Traditionen n\u00e4her. Erforsche 108 sorgf\u00e4ltig ausgew\u00e4hlte und ausf\u00fchrlich kommentierte inspirierende Zitate, die nicht nur lehren, sondern auch inspirieren.<\/p>\n\n\n\n<p>&#8222;Das goldene Buch der tantrischen Weisheiten&#8220; ist ein unverzichtbares Kompendium f\u00fcr jeden westlichen Tantriker. Mit zahlreichen Abbildungen der Original-Manuskripte und einem umfangreichen Glossar tantrischer Begriffe bietet dieses Buch eine unvergleichliche Ressource. Die oft geheimnisvolle Zwielichtsprache der Tantras wird entschl\u00fcsselt und zug\u00e4nglich gemacht, sodass du die subtilen Nuancen dieser alten Weisheiten vollst\u00e4ndig verstehen und in deine Praxis integrieren kannst.<\/p>\n\n\n\n<p>\u25ba <a href=\"https:\/\/westliches-tantra.de\/edition-samhita\/produkt\/das-goldene-buch-der-tantrischen-weisheiten\/\">Buchbestellung<\/a>                                                                       \u25ba <a href=\"https:\/\/westliches-tantra.de\/wp-content\/uploads\/2024\/05\/Leseprobe-Ralf-Lieder-Das-goldene-Buch-der-tantrischen-Weisheiten_klein.pdf\">Leseprobe<\/a><\/p>\n<\/div>\n<\/div>\n\n\n\n<div style=\"height:32px\" aria-hidden=\"true\" class=\"wp-block-spacer\"><\/div>\n","protected":false},"excerpt":{"rendered":"<p>Die Rheinischen TantraN\u00e4chte Achtsam-sinnliche Begegnungen f\u00fcr Paare und Singles in K\u00f6ln Die Rheinischen TantraN\u00e4chte sind ein besonderes Begegnungs-Event in K\u00f6ln f\u00fcr&nbsp;erwachsene Menschen mit Eigenverantwortung, die in der Lage sind, die angebotenen Freir\u00e4ume respektvoll zu&#46;&#46;&#46;<\/p>\n","protected":false},"author":1,"featured_media":0,"parent":0,"menu_order":0,"comment_status":"closed","ping_status":"open","template":"","meta":{"footnotes":""},"class_list":["post-2","page","type-page","status-publish","hentry"],"yoast_head":"<!-- This site is optimized with the Yoast SEO plugin v27.2 - https:\/\/yoast.com\/product\/yoast-seo-wordpress\/ -->\n<title>Startseite - Rheinische TantraNacht<\/title>\n<meta name=\"robots\" content=\"index, follow, max-snippet:-1, max-image-preview:large, max-video-preview:-1\" \/>\n<link rel=\"canonical\" href=\"https:\/\/westliches-tantra.de\/rheinische-tantranacht\/startseite\/\" \/>\n<meta property=\"og:locale\" content=\"de_DE\" \/>\n<meta property=\"og:type\" content=\"article\" \/>\n<meta property=\"og:title\" content=\"Startseite - Rheinische TantraNacht\" \/>\n<meta property=\"og:description\" content=\"Die Rheinischen TantraN\u00e4chte Achtsam-sinnliche Begegnungen f\u00fcr Paare und Singles in K\u00f6ln Die Rheinischen TantraN\u00e4chte sind ein besonderes Begegnungs-Event in K\u00f6ln f\u00fcr&nbsp;erwachsene Menschen mit Eigenverantwortung, die in der Lage sind, die angebotenen Freir\u00e4ume respektvoll zu&#046;&#046;&#046;\" \/>\n<meta property=\"og:url\" content=\"https:\/\/westliches-tantra.de\/rheinische-tantranacht\/startseite\/\" \/>\n<meta property=\"og:site_name\" content=\"Rheinische TantraNacht\" \/>\n<meta property=\"article:modified_time\" content=\"2026-01-15T22:13:35+00:00\" \/>\n<meta property=\"og:image\" content=\"https:\/\/westliches-tantra.de\/rheinische-tantranacht\/wp-content\/uploads\/sites\/11\/2026\/01\/fest_der_liebe_200_133.png\" \/>\n\t<meta property=\"og:image:width\" content=\"200\" \/>\n\t<meta property=\"og:image:height\" content=\"133\" \/>\n\t<meta property=\"og:image:type\" content=\"image\/png\" \/>\n<meta name=\"twitter:card\" content=\"summary_large_image\" \/>\n<meta name=\"twitter:label1\" content=\"Gesch\u00e4tzte Lesezeit\" \/>\n\t<meta name=\"twitter:data1\" content=\"5\u00a0Minuten\" \/>\n<script type=\"application\/ld+json\" class=\"yoast-schema-graph\">{\"@context\":\"https:\/\/schema.org\",\"@graph\":[{\"@type\":\"WebPage\",\"@id\":\"https:\/\/westliches-tantra.de\/rheinische-tantranacht\/startseite\/\",\"url\":\"https:\/\/westliches-tantra.de\/rheinische-tantranacht\/startseite\/\",\"name\":\"Startseite - Rheinische TantraNacht\",\"isPartOf\":{\"@id\":\"https:\/\/westliches-tantra.de\/rheinische-tantranacht\/#website\"},\"primaryImageOfPage\":{\"@id\":\"https:\/\/westliches-tantra.de\/rheinische-tantranacht\/startseite\/#primaryimage\"},\"image\":{\"@id\":\"https:\/\/westliches-tantra.de\/rheinische-tantranacht\/startseite\/#primaryimage\"},\"thumbnailUrl\":\"https:\/\/westliches-tantra.de\/rheinische-tantranacht\/wp-content\/uploads\/sites\/11\/2026\/01\/fest_der_liebe_200_133.png\",\"datePublished\":\"2026-01-15T17:21:38+00:00\",\"dateModified\":\"2026-01-15T22:13:35+00:00\",\"breadcrumb\":{\"@id\":\"https:\/\/westliches-tantra.de\/rheinische-tantranacht\/startseite\/#breadcrumb\"},\"inLanguage\":\"de\",\"potentialAction\":[{\"@type\":\"ReadAction\",\"target\":[\"https:\/\/westliches-tantra.de\/rheinische-tantranacht\/startseite\/\"]}]},{\"@type\":\"ImageObject\",\"inLanguage\":\"de\",\"@id\":\"https:\/\/westliches-tantra.de\/rheinische-tantranacht\/startseite\/#primaryimage\",\"url\":\"https:\/\/westliches-tantra.de\/rheinische-tantranacht\/wp-content\/uploads\/sites\/11\/2026\/01\/fest_der_liebe_200_133.png\",\"contentUrl\":\"https:\/\/westliches-tantra.de\/rheinische-tantranacht\/wp-content\/uploads\/sites\/11\/2026\/01\/fest_der_liebe_200_133.png\",\"width\":200,\"height\":133},{\"@type\":\"BreadcrumbList\",\"@id\":\"https:\/\/westliches-tantra.de\/rheinische-tantranacht\/startseite\/#breadcrumb\",\"itemListElement\":[{\"@type\":\"ListItem\",\"position\":1,\"name\":\"Startseite\",\"item\":\"https:\/\/westliches-tantra.de\/rheinische-tantranacht\/\"},{\"@type\":\"ListItem\",\"position\":2,\"name\":\"Startseite\"}]},{\"@type\":\"WebSite\",\"@id\":\"https:\/\/westliches-tantra.de\/rheinische-tantranacht\/#website\",\"url\":\"https:\/\/westliches-tantra.de\/rheinische-tantranacht\/\",\"name\":\"Rheinische TantraNacht\",\"description\":\"Tantra kennen lernen, aus\u00fcben und vertiefen\",\"potentialAction\":[{\"@type\":\"SearchAction\",\"target\":{\"@type\":\"EntryPoint\",\"urlTemplate\":\"https:\/\/westliches-tantra.de\/rheinische-tantranacht\/?s={search_term_string}\"},\"query-input\":{\"@type\":\"PropertyValueSpecification\",\"valueRequired\":true,\"valueName\":\"search_term_string\"}}],\"inLanguage\":\"de\"}]}<\/script>\n<!-- \/ Yoast SEO plugin. -->","yoast_head_json":{"title":"Startseite - Rheinische TantraNacht","robots":{"index":"index","follow":"follow","max-snippet":"max-snippet:-1","max-image-preview":"max-image-preview:large","max-video-preview":"max-video-preview:-1"},"canonical":"https:\/\/westliches-tantra.de\/rheinische-tantranacht\/startseite\/","og_locale":"de_DE","og_type":"article","og_title":"Startseite - Rheinische TantraNacht","og_description":"Die Rheinischen TantraN\u00e4chte Achtsam-sinnliche Begegnungen f\u00fcr Paare und Singles in K\u00f6ln Die Rheinischen TantraN\u00e4chte sind ein besonderes Begegnungs-Event in K\u00f6ln f\u00fcr&nbsp;erwachsene Menschen mit Eigenverantwortung, die in der Lage sind, die angebotenen Freir\u00e4ume respektvoll zu&#46;&#46;&#46;","og_url":"https:\/\/westliches-tantra.de\/rheinische-tantranacht\/startseite\/","og_site_name":"Rheinische TantraNacht","article_modified_time":"2026-01-15T22:13:35+00:00","og_image":[{"width":200,"height":133,"url":"https:\/\/westliches-tantra.de\/rheinische-tantranacht\/wp-content\/uploads\/sites\/11\/2026\/01\/fest_der_liebe_200_133.png","type":"image\/png"}],"twitter_card":"summary_large_image","twitter_misc":{"Gesch\u00e4tzte Lesezeit":"5\u00a0Minuten"},"schema":{"@context":"https:\/\/schema.org","@graph":[{"@type":"WebPage","@id":"https:\/\/westliches-tantra.de\/rheinische-tantranacht\/startseite\/","url":"https:\/\/westliches-tantra.de\/rheinische-tantranacht\/startseite\/","name":"Startseite - Rheinische TantraNacht","isPartOf":{"@id":"https:\/\/westliches-tantra.de\/rheinische-tantranacht\/#website"},"primaryImageOfPage":{"@id":"https:\/\/westliches-tantra.de\/rheinische-tantranacht\/startseite\/#primaryimage"},"image":{"@id":"https:\/\/westliches-tantra.de\/rheinische-tantranacht\/startseite\/#primaryimage"},"thumbnailUrl":"https:\/\/westliches-tantra.de\/rheinische-tantranacht\/wp-content\/uploads\/sites\/11\/2026\/01\/fest_der_liebe_200_133.png","datePublished":"2026-01-15T17:21:38+00:00","dateModified":"2026-01-15T22:13:35+00:00","breadcrumb":{"@id":"https:\/\/westliches-tantra.de\/rheinische-tantranacht\/startseite\/#breadcrumb"},"inLanguage":"de","potentialAction":[{"@type":"ReadAction","target":["https:\/\/westliches-tantra.de\/rheinische-tantranacht\/startseite\/"]}]},{"@type":"ImageObject","inLanguage":"de","@id":"https:\/\/westliches-tantra.de\/rheinische-tantranacht\/startseite\/#primaryimage","url":"https:\/\/westliches-tantra.de\/rheinische-tantranacht\/wp-content\/uploads\/sites\/11\/2026\/01\/fest_der_liebe_200_133.png","contentUrl":"https:\/\/westliches-tantra.de\/rheinische-tantranacht\/wp-content\/uploads\/sites\/11\/2026\/01\/fest_der_liebe_200_133.png","width":200,"height":133},{"@type":"BreadcrumbList","@id":"https:\/\/westliches-tantra.de\/rheinische-tantranacht\/startseite\/#breadcrumb","itemListElement":[{"@type":"ListItem","position":1,"name":"Startseite","item":"https:\/\/westliches-tantra.de\/rheinische-tantranacht\/"},{"@type":"ListItem","position":2,"name":"Startseite"}]},{"@type":"WebSite","@id":"https:\/\/westliches-tantra.de\/rheinische-tantranacht\/#website","url":"https:\/\/westliches-tantra.de\/rheinische-tantranacht\/","name":"Rheinische TantraNacht","description":"Tantra kennen lernen, aus\u00fcben und vertiefen","potentialAction":[{"@type":"SearchAction","target":{"@type":"EntryPoint","urlTemplate":"https:\/\/westliches-tantra.de\/rheinische-tantranacht\/?s={search_term_string}"},"query-input":{"@type":"PropertyValueSpecification","valueRequired":true,"valueName":"search_term_string"}}],"inLanguage":"de"}]}},"_links":{"self":[{"href":"https:\/\/westliches-tantra.de\/rheinische-tantranacht\/wp-json\/wp\/v2\/pages\/2","targetHints":{"allow":["GET"]}}],"collection":[{"href":"https:\/\/westliches-tantra.de\/rheinische-tantranacht\/wp-json\/wp\/v2\/pages"}],"about":[{"href":"https:\/\/westliches-tantra.de\/rheinische-tantranacht\/wp-json\/wp\/v2\/types\/page"}],"author":[{"embeddable":true,"href":"https:\/\/westliches-tantra.de\/rheinische-tantranacht\/wp-json\/wp\/v2\/users\/1"}],"replies":[{"embeddable":true,"href":"https:\/\/westliches-tantra.de\/rheinische-tantranacht\/wp-json\/wp\/v2\/comments?post=2"}],"version-history":[{"count":13,"href":"https:\/\/westliches-tantra.de\/rheinische-tantranacht\/wp-json\/wp\/v2\/pages\/2\/revisions"}],"predecessor-version":[{"id":60,"href":"https:\/\/westliches-tantra.de\/rheinische-tantranacht\/wp-json\/wp\/v2\/pages\/2\/revisions\/60"}],"wp:attachment":[{"href":"https:\/\/westliches-tantra.de\/rheinische-tantranacht\/wp-json\/wp\/v2\/media?parent=2"}],"curies":[{"name":"wp","href":"https:\/\/api.w.org\/{rel}","templated":true}]}}