{"id":59,"date":"2024-05-02T09:12:37","date_gmt":"2024-05-02T07:12:37","guid":{"rendered":"http:\/\/dev.westliches-tantra.de\/edition-samhita\/?post_type=product&#038;p=59"},"modified":"2026-04-13T21:51:47","modified_gmt":"2026-04-13T19:51:47","slug":"das-goldene-buch-der-tantrischen-weisheiten","status":"publish","type":"product","link":"https:\/\/westliches-tantra.de\/edition-samhita\/produkt\/das-goldene-buch-der-tantrischen-weisheiten\/","title":{"rendered":"Das goldene Buch der tantrischen Weisheiten"},"content":{"rendered":"<p>F\u00fcr &#8222;Das goldene Buch der tantrischen Weisheiten&#8220; habe ich 108 Verse aus den Original-Tantras aus den hinduistischen und buddhistischen Traditionen ausgew\u00e4hlt, die westliche Tantriker inspirieren k\u00f6nnten. Da sie von den alten Tantra-Meistern in einer geheimnisvollen Zwielichtsprache verfasst wurden, habe ich zum Verst\u00e4ndnis jeden Vers ausf\u00fchrlich kommentiert, sodass du die subtilen Nuancen dieser alten Weisheiten verstehen und in deine Praxis integrieren kannst. Mit zahlreichen Abbildungen der Original-Manuskripte, einer Beschreibung von 66 Schl\u00fcsselschriften und einem umfangreichen Glossar tantrischer Begriffe bietet dieses Buch eine unvergleichliche Ressource f\u00fcr Menschen, die sich intensiver mit den Grundlagen des traditionellen Tantra befassen m\u00f6chten.<br \/><strong>Gerne f\u00fcge ich eine pers\u00f6nlich Widmung ein. Wenn du das m\u00f6chtest, dann aktiviere die Option &#8222;Eine Notiz zu deiner Bestellung hinzuf\u00fcgen&#8220; und schreibe mir deine Wunschformulierung.<\/strong><br \/>\u25ba <a href=\"https:\/\/westliches-tantra.de\/wp-content\/uploads\/2024\/05\/Leseprobe-Ralf-Lieder-Das-goldene-Buch-der-tantrischen-Weisheiten_klein.pdf\">Leseprobe<\/a><\/p>\n","protected":false},"excerpt":{"rendered":"<p><strong>Keine Versandkosten innerhalb von Deutschland!<\/strong><br \/>Entdecke die Geheimnisse des Tantra und erlebe eine faszinierende Reise durch seine urspr\u00fcnglichen Lehren. Dieses einzigartige Werk bringt dir die Weisheit von 66 Schl\u00fcsselschriften aus den hinduistischen und buddhistischen Traditionen n\u00e4her. Erforsche 108 sorgf\u00e4ltig ausgew\u00e4hlte und ausf\u00fchrlich kommentierte inspirierende Zitate, die nicht nur lehren, sondern auch inspirieren.<br \/><strong>Der Versand \u00fcber meinen Online-Buchshop kann nur innerhalb von Deutschland geschehen. Interessenten aus dem Ausland wenden sich bitte an den <a href=\"https:\/\/buchshop.bod.de\/das-goldene-buch-der-tantrischen-weisheiten-ralf-lieder-9783758317637\">Buchshop meines Verlags<\/a>, an <a href=\"https:\/\/www.amazon.de\/dp\/3758317630\">Amazon<\/a>, den station\u00e4ren Buchhandel oder andere Online-Buchh\u00e4ndler.<\/strong><br \/>\u25ba <a href=\"https:\/\/westliches-tantra.de\/wp-content\/uploads\/2024\/05\/Leseprobe-Ralf-Lieder-Das-goldene-Buch-der-tantrischen-Weisheiten_klein.pdf\">Leseprobe<\/a><\/p>\n","protected":false},"featured_media":122,"template":"","meta":[],"product_brand":[],"product_cat":[17],"product_tag":[37],"class_list":{"0":"post-59","1":"product","2":"type-product","3":"status-publish","4":"has-post-thumbnail","6":"product_cat-tantra","7":"product_tag-tantra","9":"first","10":"instock","11":"taxable","12":"shipping-taxable","13":"purchasable","14":"product-type-simple"},"yoast_head":"<!-- This site is optimized with the Yoast SEO plugin v27.2 - https:\/\/yoast.com\/product\/yoast-seo-wordpress\/ -->\n<title>Das goldene Buch der tantrischen Weisheiten - Edition Samhita<\/title>\n<meta name=\"robots\" content=\"index, follow, max-snippet:-1, max-image-preview:large, max-video-preview:-1\" \/>\n<link rel=\"canonical\" href=\"https:\/\/westliches-tantra.de\/edition-samhita\/produkt\/das-goldene-buch-der-tantrischen-weisheiten\/\" \/>\n<meta property=\"og:locale\" content=\"de_DE\" \/>\n<meta property=\"og:type\" content=\"article\" \/>\n<meta property=\"og:title\" content=\"Das goldene Buch der tantrischen Weisheiten - Edition Samhita\" \/>\n<meta property=\"og:description\" content=\"Keine Versandkosten innerhalb von Deutschland!Entdecke die Geheimnisse des Tantra und erlebe eine faszinierende Reise durch seine urspr\u00fcnglichen Lehren. Dieses einzigartige Werk bringt dir die Weisheit von 66 Schl\u00fcsselschriften aus den hinduistischen und buddhistischen Traditionen n\u00e4her. Erforsche 108 sorgf\u00e4ltig ausgew\u00e4hlte und ausf\u00fchrlich kommentierte inspirierende Zitate, die nicht nur lehren, sondern auch inspirieren.Der Versand \u00fcber meinen Online-Buchshop kann nur innerhalb von Deutschland geschehen. Interessenten aus dem Ausland wenden sich bitte an den Buchshop meines Verlags, an Amazon, den station\u00e4ren Buchhandel oder andere Online-Buchh\u00e4ndler.\u25ba Leseprobe\" \/>\n<meta property=\"og:url\" content=\"https:\/\/westliches-tantra.de\/edition-samhita\/produkt\/das-goldene-buch-der-tantrischen-weisheiten\/\" \/>\n<meta property=\"og:site_name\" content=\"Edition Samhita\" \/>\n<meta property=\"article:modified_time\" content=\"2026-04-13T19:51:47+00:00\" \/>\n<meta property=\"og:image\" content=\"https:\/\/westliches-tantra.de\/edition-samhita\/wp-content\/uploads\/sites\/8\/2024\/05\/Cover_gescannt250x400.png\" \/>\n\t<meta property=\"og:image:width\" content=\"250\" \/>\n\t<meta property=\"og:image:height\" content=\"400\" \/>\n\t<meta property=\"og:image:type\" content=\"image\/png\" \/>\n<meta name=\"twitter:card\" content=\"summary_large_image\" \/>\n<meta name=\"twitter:label1\" content=\"Gesch\u00e4tzte Lesezeit\" \/>\n\t<meta name=\"twitter:data1\" content=\"1\u00a0Minute\" \/>\n<script type=\"application\/ld+json\" class=\"yoast-schema-graph\">{\"@context\":\"https:\/\/schema.org\",\"@graph\":[{\"@type\":\"WebPage\",\"@id\":\"https:\/\/westliches-tantra.de\/edition-samhita\/produkt\/das-goldene-buch-der-tantrischen-weisheiten\/\",\"url\":\"https:\/\/westliches-tantra.de\/edition-samhita\/produkt\/das-goldene-buch-der-tantrischen-weisheiten\/\",\"name\":\"Das goldene Buch der tantrischen Weisheiten - Edition Samhita\",\"isPartOf\":{\"@id\":\"https:\/\/westliches-tantra.de\/edition-samhita\/#website\"},\"primaryImageOfPage\":{\"@id\":\"https:\/\/westliches-tantra.de\/edition-samhita\/produkt\/das-goldene-buch-der-tantrischen-weisheiten\/#primaryimage\"},\"image\":{\"@id\":\"https:\/\/westliches-tantra.de\/edition-samhita\/produkt\/das-goldene-buch-der-tantrischen-weisheiten\/#primaryimage\"},\"thumbnailUrl\":\"https:\/\/westliches-tantra.de\/edition-samhita\/wp-content\/uploads\/sites\/8\/2024\/05\/Cover_gescannt250x400.png\",\"datePublished\":\"2024-05-02T07:12:37+00:00\",\"dateModified\":\"2026-04-13T19:51:47+00:00\",\"breadcrumb\":{\"@id\":\"https:\/\/westliches-tantra.de\/edition-samhita\/produkt\/das-goldene-buch-der-tantrischen-weisheiten\/#breadcrumb\"},\"inLanguage\":\"de\",\"potentialAction\":[{\"@type\":\"ReadAction\",\"target\":[\"https:\/\/westliches-tantra.de\/edition-samhita\/produkt\/das-goldene-buch-der-tantrischen-weisheiten\/\"]}]},{\"@type\":\"ImageObject\",\"inLanguage\":\"de\",\"@id\":\"https:\/\/westliches-tantra.de\/edition-samhita\/produkt\/das-goldene-buch-der-tantrischen-weisheiten\/#primaryimage\",\"url\":\"https:\/\/westliches-tantra.de\/edition-samhita\/wp-content\/uploads\/sites\/8\/2024\/05\/Cover_gescannt250x400.png\",\"contentUrl\":\"https:\/\/westliches-tantra.de\/edition-samhita\/wp-content\/uploads\/sites\/8\/2024\/05\/Cover_gescannt250x400.png\",\"width\":250,\"height\":400,\"caption\":\"Cover \\\"Das goldene Buch der tantrischen Weisheit\\\"\"},{\"@type\":\"BreadcrumbList\",\"@id\":\"https:\/\/westliches-tantra.de\/edition-samhita\/produkt\/das-goldene-buch-der-tantrischen-weisheiten\/#breadcrumb\",\"itemListElement\":[{\"@type\":\"ListItem\",\"position\":1,\"name\":\"Startseite\",\"item\":\"https:\/\/westliches-tantra.de\/edition-samhita\/\"},{\"@type\":\"ListItem\",\"position\":2,\"name\":\"Shop\",\"item\":\"https:\/\/westliches-tantra.de\/edition-samhita\/shop\/\"},{\"@type\":\"ListItem\",\"position\":3,\"name\":\"Das goldene Buch der tantrischen Weisheiten\"}]},{\"@type\":\"WebSite\",\"@id\":\"https:\/\/westliches-tantra.de\/edition-samhita\/#website\",\"url\":\"https:\/\/westliches-tantra.de\/edition-samhita\/\",\"name\":\"Edition Samhita\",\"description\":\"\",\"potentialAction\":[{\"@type\":\"SearchAction\",\"target\":{\"@type\":\"EntryPoint\",\"urlTemplate\":\"https:\/\/westliches-tantra.de\/edition-samhita\/?s={search_term_string}\"},\"query-input\":{\"@type\":\"PropertyValueSpecification\",\"valueRequired\":true,\"valueName\":\"search_term_string\"}}],\"inLanguage\":\"de\"}]}<\/script>\n<!-- \/ Yoast SEO plugin. -->","yoast_head_json":{"title":"Das goldene Buch der tantrischen Weisheiten - Edition Samhita","robots":{"index":"index","follow":"follow","max-snippet":"max-snippet:-1","max-image-preview":"max-image-preview:large","max-video-preview":"max-video-preview:-1"},"canonical":"https:\/\/westliches-tantra.de\/edition-samhita\/produkt\/das-goldene-buch-der-tantrischen-weisheiten\/","og_locale":"de_DE","og_type":"article","og_title":"Das goldene Buch der tantrischen Weisheiten - Edition Samhita","og_description":"Keine Versandkosten innerhalb von Deutschland!Entdecke die Geheimnisse des Tantra und erlebe eine faszinierende Reise durch seine urspr\u00fcnglichen Lehren. Dieses einzigartige Werk bringt dir die Weisheit von 66 Schl\u00fcsselschriften aus den hinduistischen und buddhistischen Traditionen n\u00e4her. Erforsche 108 sorgf\u00e4ltig ausgew\u00e4hlte und ausf\u00fchrlich kommentierte inspirierende Zitate, die nicht nur lehren, sondern auch inspirieren.Der Versand \u00fcber meinen Online-Buchshop kann nur innerhalb von Deutschland geschehen. Interessenten aus dem Ausland wenden sich bitte an den Buchshop meines Verlags, an Amazon, den station\u00e4ren Buchhandel oder andere Online-Buchh\u00e4ndler.\u25ba Leseprobe","og_url":"https:\/\/westliches-tantra.de\/edition-samhita\/produkt\/das-goldene-buch-der-tantrischen-weisheiten\/","og_site_name":"Edition Samhita","article_modified_time":"2026-04-13T19:51:47+00:00","og_image":[{"width":250,"height":400,"url":"https:\/\/westliches-tantra.de\/edition-samhita\/wp-content\/uploads\/sites\/8\/2024\/05\/Cover_gescannt250x400.png","type":"image\/png"}],"twitter_card":"summary_large_image","twitter_misc":{"Gesch\u00e4tzte Lesezeit":"1\u00a0Minute"},"schema":{"@context":"https:\/\/schema.org","@graph":[{"@type":"WebPage","@id":"https:\/\/westliches-tantra.de\/edition-samhita\/produkt\/das-goldene-buch-der-tantrischen-weisheiten\/","url":"https:\/\/westliches-tantra.de\/edition-samhita\/produkt\/das-goldene-buch-der-tantrischen-weisheiten\/","name":"Das goldene Buch der tantrischen Weisheiten - Edition Samhita","isPartOf":{"@id":"https:\/\/westliches-tantra.de\/edition-samhita\/#website"},"primaryImageOfPage":{"@id":"https:\/\/westliches-tantra.de\/edition-samhita\/produkt\/das-goldene-buch-der-tantrischen-weisheiten\/#primaryimage"},"image":{"@id":"https:\/\/westliches-tantra.de\/edition-samhita\/produkt\/das-goldene-buch-der-tantrischen-weisheiten\/#primaryimage"},"thumbnailUrl":"https:\/\/westliches-tantra.de\/edition-samhita\/wp-content\/uploads\/sites\/8\/2024\/05\/Cover_gescannt250x400.png","datePublished":"2024-05-02T07:12:37+00:00","dateModified":"2026-04-13T19:51:47+00:00","breadcrumb":{"@id":"https:\/\/westliches-tantra.de\/edition-samhita\/produkt\/das-goldene-buch-der-tantrischen-weisheiten\/#breadcrumb"},"inLanguage":"de","potentialAction":[{"@type":"ReadAction","target":["https:\/\/westliches-tantra.de\/edition-samhita\/produkt\/das-goldene-buch-der-tantrischen-weisheiten\/"]}]},{"@type":"ImageObject","inLanguage":"de","@id":"https:\/\/westliches-tantra.de\/edition-samhita\/produkt\/das-goldene-buch-der-tantrischen-weisheiten\/#primaryimage","url":"https:\/\/westliches-tantra.de\/edition-samhita\/wp-content\/uploads\/sites\/8\/2024\/05\/Cover_gescannt250x400.png","contentUrl":"https:\/\/westliches-tantra.de\/edition-samhita\/wp-content\/uploads\/sites\/8\/2024\/05\/Cover_gescannt250x400.png","width":250,"height":400,"caption":"Cover \"Das goldene Buch der tantrischen Weisheit\""},{"@type":"BreadcrumbList","@id":"https:\/\/westliches-tantra.de\/edition-samhita\/produkt\/das-goldene-buch-der-tantrischen-weisheiten\/#breadcrumb","itemListElement":[{"@type":"ListItem","position":1,"name":"Startseite","item":"https:\/\/westliches-tantra.de\/edition-samhita\/"},{"@type":"ListItem","position":2,"name":"Shop","item":"https:\/\/westliches-tantra.de\/edition-samhita\/shop\/"},{"@type":"ListItem","position":3,"name":"Das goldene Buch der tantrischen Weisheiten"}]},{"@type":"WebSite","@id":"https:\/\/westliches-tantra.de\/edition-samhita\/#website","url":"https:\/\/westliches-tantra.de\/edition-samhita\/","name":"Edition Samhita","description":"","potentialAction":[{"@type":"SearchAction","target":{"@type":"EntryPoint","urlTemplate":"https:\/\/westliches-tantra.de\/edition-samhita\/?s={search_term_string}"},"query-input":{"@type":"PropertyValueSpecification","valueRequired":true,"valueName":"search_term_string"}}],"inLanguage":"de"}]}},"_links":{"self":[{"href":"https:\/\/westliches-tantra.de\/edition-samhita\/wp-json\/wp\/v2\/product\/59","targetHints":{"allow":["GET"]}}],"collection":[{"href":"https:\/\/westliches-tantra.de\/edition-samhita\/wp-json\/wp\/v2\/product"}],"about":[{"href":"https:\/\/westliches-tantra.de\/edition-samhita\/wp-json\/wp\/v2\/types\/product"}],"wp:featuredmedia":[{"embeddable":true,"href":"https:\/\/westliches-tantra.de\/edition-samhita\/wp-json\/wp\/v2\/media\/122"}],"wp:attachment":[{"href":"https:\/\/westliches-tantra.de\/edition-samhita\/wp-json\/wp\/v2\/media?parent=59"}],"wp:term":[{"taxonomy":"product_brand","embeddable":true,"href":"https:\/\/westliches-tantra.de\/edition-samhita\/wp-json\/wp\/v2\/product_brand?post=59"},{"taxonomy":"product_cat","embeddable":true,"href":"https:\/\/westliches-tantra.de\/edition-samhita\/wp-json\/wp\/v2\/product_cat?post=59"},{"taxonomy":"product_tag","embeddable":true,"href":"https:\/\/westliches-tantra.de\/edition-samhita\/wp-json\/wp\/v2\/product_tag?post=59"}],"curies":[{"name":"wp","href":"https:\/\/api.w.org\/{rel}","templated":true}]}}