{"id":76,"date":"2024-05-02T10:15:09","date_gmt":"2024-05-02T08:15:09","guid":{"rendered":"http:\/\/dev.westliches-tantra.de\/edition-samhita\/?page_id=76"},"modified":"2024-05-28T15:56:52","modified_gmt":"2024-05-28T13:56:52","slug":"startseite","status":"publish","type":"page","link":"https:\/\/westliches-tantra.de\/edition-samhita\/","title":{"rendered":"Edition Samhita"},"content":{"rendered":"\n<h3 class=\"wp-block-heading\">Edition Samhita &#8211; Literatur f\u00fcr westliche Tantriker<\/h3>\n\n\n\n<p>In der Edition Samhita werden B\u00fccher, E-Books und H\u00f6rb\u00fccher verlegt, die traditionelle tantrische Prinzipien mit westlicher Kultur und modernen Therapieformen verbinden. Der Verlag wurde von mir gleichzeitig mit der Ver\u00f6ffentlichung meines ersten tantrischen Buches gegr\u00fcndet, inspiriert von meinen langj\u00e4hrigen Erfahrungen als gelernter Buchh\u00e4ndler sowie als Lektor, Autor und Marketingleiter bei mehreren Verlagen. &#8222;Samhita&#8220;, abgeleitet aus dem Sanskrit, bedeutet &#8222;zusam\u00admengestellt&#8220; oder &#8222;Sammlung&#8220; und bezieht sich auf die in den vedischen Schriften gesammelten Mantras und Hymnen f\u00fcr rituelle Praktiken. Dieser Tradition soll mein Verlag folgen.<\/p>\n\n\n\n<div class=\"wp-block-columns is-layout-flex wp-container-core-columns-is-layout-9d6595d7 wp-block-columns-is-layout-flex\">\n<div class=\"wp-block-column is-vertically-aligned-top is-layout-flow wp-block-column-is-layout-flow\" style=\"flex-basis:66.66%\">\n<div class=\"wp-block-columns is-layout-flex wp-container-core-columns-is-layout-9d6595d7 wp-block-columns-is-layout-flex\">\n<div class=\"wp-block-column is-layout-flow wp-block-column-is-layout-flow\" style=\"flex-basis:100%\">\n<p>Als potentieller Leser kannst du die B\u00fccher der Edition Samhita in unserem <a href=\"https:\/\/westliches-tantra.de\/edition-samhita\/shop\/\">Online-Buchshop<\/a> bestellen, beim <a href=\"https:\/\/buchshop.bod.de\/das-goldene-buch-der-tantrischen-weisheiten-ralf-lieder-9783758317637\">Buchshop meines Druckers<\/a>, bei <a href=\"https:\/\/www.amazon.de\/dp\/3758317630\">Amazon &amp; Co.<\/a> sowie im station\u00e4ren Buchhandel.<\/p>\n\n\n\n<p>Neben eigenen Publikationen wird es in meinem Buchshop in K\u00fcrze auch eine Reihe anderer Tantra-B\u00fccher, die mir selbst gut gefallen, und die ich westlichen Tantrikern empfehlen kann. <\/p>\n\n\n\n<p>Als Wiederverk\u00e4ufer (Buchh\u00e4ndler, Seminarveranstalter usw.) wende dich bitte an deinen Grossisten oder per E-Mail an die Books on Demand GmbH: <a href=\"mailto:buchhandel@bod.de\">buchhandel@bod.de<\/a>.<\/p>\n<\/div>\n<\/div>\n\n\n\n<p>Mit herzlichen Gr\u00fc\u00dfen<\/p>\n\n\n\n<p>Ralf Lieder<\/p>\n\n\n\n<p><strong>Der Versand \u00fcber unseren Online-Buchshop kann nur innerhalb von Deutschland geschehen. Interessenten aus dem Ausland wenden sich bitte an die oben genannten Online-Versender, den station\u00e4ren Buchhandel oder Online-Buchhandel.<\/strong><\/p>\n<\/div>\n\n\n\n<div class=\"wp-block-column is-layout-flow wp-block-column-is-layout-flow\" style=\"flex-basis:33.33%\">\n<figure class=\"wp-block-image size-full\"><img loading=\"lazy\" decoding=\"async\" width=\"618\" height=\"684\" src=\"https:\/\/westliches-tantra.de\/edition-samhita\/wp-content\/uploads\/sites\/8\/2024\/05\/Ralf_Hochzeit03.jpg\" alt=\"\" class=\"wp-image-112\" srcset=\"https:\/\/westliches-tantra.de\/edition-samhita\/wp-content\/uploads\/sites\/8\/2024\/05\/Ralf_Hochzeit03.jpg 618w, https:\/\/westliches-tantra.de\/edition-samhita\/wp-content\/uploads\/sites\/8\/2024\/05\/Ralf_Hochzeit03-271x300.jpg 271w, https:\/\/westliches-tantra.de\/edition-samhita\/wp-content\/uploads\/sites\/8\/2024\/05\/Ralf_Hochzeit03-300x332.jpg 300w, https:\/\/westliches-tantra.de\/edition-samhita\/wp-content\/uploads\/sites\/8\/2024\/05\/Ralf_Hochzeit03-600x664.jpg 600w\" sizes=\"auto, (max-width: 618px) 100vw, 618px\" \/><\/figure>\n<\/div>\n<\/div>\n\n\n\n<div class=\"wp-block-columns has-background is-layout-flex wp-container-core-columns-is-layout-9d6595d7 wp-block-columns-is-layout-flex\" style=\"background-color:#fff9d9\">\n<div class=\"wp-block-column is-layout-flow wp-block-column-is-layout-flow\"><div class=\"wp-block-image\">\n<figure class=\"alignleft size-full is-resized\"><img loading=\"lazy\" decoding=\"async\" width=\"250\" height=\"400\" src=\"https:\/\/westliches-tantra.de\/edition-samhita\/wp-content\/uploads\/sites\/8\/2024\/05\/Cover_gescannt250x400.png\" alt=\"\" class=\"wp-image-122\" style=\"width:167px;height:auto\" srcset=\"https:\/\/westliches-tantra.de\/edition-samhita\/wp-content\/uploads\/sites\/8\/2024\/05\/Cover_gescannt250x400.png 250w, https:\/\/westliches-tantra.de\/edition-samhita\/wp-content\/uploads\/sites\/8\/2024\/05\/Cover_gescannt250x400-188x300.png 188w\" sizes=\"auto, (max-width: 250px) 100vw, 250px\" \/><\/figure>\n<\/div>\n\n\n<h3 class=\"wp-block-heading\" id=\"heilung-durch-das-becken\">Neuerscheinung: Das goldene Buch der tantrischen Weisheiten<\/h3>\n\n\n\n<p>Entdecke die Geheimnisse des Tantra und erlebe eine faszinierende Reise durch seine urspr\u00fcnglichen Lehren. Dieses einzigartige Werk bringt dir die Weisheit von 66 Schl\u00fcsselschriften aus den hinduistischen und buddhistischen Traditionen n\u00e4her. Erforsche 108 sorgf\u00e4ltig ausgew\u00e4hlte und ausf\u00fchrlich kommentierte inspirierende Zitate, die nicht nur lehren, sondern auch inspirieren.<\/p>\n\n\n\n<p>&#8222;Das goldene Buch der tantrischen Weisheiten&#8220; ist ein unverzichtbares Kompendium f\u00fcr jeden westlichen Tantriker. Mit zahlreichen Abbildungen der Original-Manuskripte und einem umfangreichen Glossar tantrischer Begriffe bietet dieses Buch eine unvergleichliche Ressource. Die oft geheimnisvolle Zwielichtsprache der Tantras wird entschl\u00fcsselt und zug\u00e4nglich gemacht, sodass du die subtilen Nuancen dieser alten Weisheiten vollst\u00e4ndig verstehen und in deine Praxis integrieren kannst.<\/p>\n\n\n\n<p>\u25ba <a href=\"https:\/\/westliches-tantra.de\/edition-samhita\/produkt\/das-goldene-buch-der-tantrischen-weisheiten\/\">Bestellen<\/a>  \u25ba <a href=\"https:\/\/westliches-tantra.de\/wp-content\/uploads\/2024\/05\/Leseprobe-Ralf-Lieder-Das-goldene-Buch-der-tantrischen-Weisheiten_klein.pdf\">Leseprobe<\/a><\/p>\n<\/div>\n<\/div>\n\n\n\n<p><\/p>\n","protected":false},"excerpt":{"rendered":"<p>Edition Samhita &#8211; Literatur f\u00fcr westliche Tantriker In der Edition Samhita werden B\u00fccher, E-Books und H\u00f6rb\u00fccher verlegt, die traditionelle tantrische Prinzipien mit westlicher Kultur und modernen Therapieformen verbinden. Der Verlag wurde von mir gleichzeitig&#46;&#46;&#46;<\/p>\n","protected":false},"author":1,"featured_media":0,"parent":0,"menu_order":0,"comment_status":"closed","ping_status":"closed","template":"","meta":{"footnotes":""},"class_list":["post-76","page","type-page","status-publish","hentry"],"yoast_head":"<!-- This site is optimized with the Yoast SEO plugin v27.2 - https:\/\/yoast.com\/product\/yoast-seo-wordpress\/ -->\n<title>Edition Samhita - Edition Samhita<\/title>\n<meta name=\"robots\" content=\"index, follow, max-snippet:-1, max-image-preview:large, max-video-preview:-1\" \/>\n<link rel=\"canonical\" href=\"https:\/\/westliches-tantra.de\/edition-samhita\/\" \/>\n<meta property=\"og:locale\" content=\"de_DE\" \/>\n<meta property=\"og:type\" content=\"article\" \/>\n<meta property=\"og:title\" content=\"Edition Samhita - Edition Samhita\" \/>\n<meta property=\"og:description\" content=\"Edition Samhita &#8211; Literatur f\u00fcr westliche Tantriker In der Edition Samhita werden B\u00fccher, E-Books und H\u00f6rb\u00fccher verlegt, die traditionelle tantrische Prinzipien mit westlicher Kultur und modernen Therapieformen verbinden. Der Verlag wurde von mir gleichzeitig&#046;&#046;&#046;\" \/>\n<meta property=\"og:url\" content=\"https:\/\/westliches-tantra.de\/edition-samhita\/\" \/>\n<meta property=\"og:site_name\" content=\"Edition Samhita\" \/>\n<meta property=\"article:modified_time\" content=\"2024-05-28T13:56:52+00:00\" \/>\n<meta property=\"og:image\" content=\"https:\/\/westliches-tantra.de\/edition-samhita\/wp-content\/uploads\/sites\/8\/2024\/05\/Ralf_Hochzeit03.jpg\" \/>\n<meta name=\"twitter:card\" content=\"summary_large_image\" \/>\n<meta name=\"twitter:label1\" content=\"Gesch\u00e4tzte Lesezeit\" \/>\n\t<meta name=\"twitter:data1\" content=\"3\u00a0Minuten\" \/>\n<script type=\"application\/ld+json\" class=\"yoast-schema-graph\">{\"@context\":\"https:\/\/schema.org\",\"@graph\":[{\"@type\":\"WebPage\",\"@id\":\"https:\/\/westliches-tantra.de\/edition-samhita\/\",\"url\":\"https:\/\/westliches-tantra.de\/edition-samhita\/\",\"name\":\"Edition Samhita - Edition Samhita\",\"isPartOf\":{\"@id\":\"https:\/\/westliches-tantra.de\/edition-samhita\/#website\"},\"primaryImageOfPage\":{\"@id\":\"https:\/\/westliches-tantra.de\/edition-samhita\/#primaryimage\"},\"image\":{\"@id\":\"https:\/\/westliches-tantra.de\/edition-samhita\/#primaryimage\"},\"thumbnailUrl\":\"https:\/\/westliches-tantra.de\/edition-samhita\/wp-content\/uploads\/sites\/8\/2024\/05\/Ralf_Hochzeit03.jpg\",\"datePublished\":\"2024-05-02T08:15:09+00:00\",\"dateModified\":\"2024-05-28T13:56:52+00:00\",\"breadcrumb\":{\"@id\":\"https:\/\/westliches-tantra.de\/edition-samhita\/#breadcrumb\"},\"inLanguage\":\"de\",\"potentialAction\":[{\"@type\":\"ReadAction\",\"target\":[\"https:\/\/westliches-tantra.de\/edition-samhita\/\"]}]},{\"@type\":\"ImageObject\",\"inLanguage\":\"de\",\"@id\":\"https:\/\/westliches-tantra.de\/edition-samhita\/#primaryimage\",\"url\":\"https:\/\/westliches-tantra.de\/edition-samhita\/wp-content\/uploads\/sites\/8\/2024\/05\/Ralf_Hochzeit03.jpg\",\"contentUrl\":\"https:\/\/westliches-tantra.de\/edition-samhita\/wp-content\/uploads\/sites\/8\/2024\/05\/Ralf_Hochzeit03.jpg\",\"width\":618,\"height\":684},{\"@type\":\"BreadcrumbList\",\"@id\":\"https:\/\/westliches-tantra.de\/edition-samhita\/#breadcrumb\",\"itemListElement\":[{\"@type\":\"ListItem\",\"position\":1,\"name\":\"Startseite\",\"item\":\"https:\/\/westliches-tantra.de\/edition-samhita\/\"},{\"@type\":\"ListItem\",\"position\":2,\"name\":\"Edition Samhita\"}]},{\"@type\":\"WebSite\",\"@id\":\"https:\/\/westliches-tantra.de\/edition-samhita\/#website\",\"url\":\"https:\/\/westliches-tantra.de\/edition-samhita\/\",\"name\":\"Edition Samhita\",\"description\":\"\",\"potentialAction\":[{\"@type\":\"SearchAction\",\"target\":{\"@type\":\"EntryPoint\",\"urlTemplate\":\"https:\/\/westliches-tantra.de\/edition-samhita\/?s={search_term_string}\"},\"query-input\":{\"@type\":\"PropertyValueSpecification\",\"valueRequired\":true,\"valueName\":\"search_term_string\"}}],\"inLanguage\":\"de\"}]}<\/script>\n<!-- \/ Yoast SEO plugin. -->","yoast_head_json":{"title":"Edition Samhita - Edition Samhita","robots":{"index":"index","follow":"follow","max-snippet":"max-snippet:-1","max-image-preview":"max-image-preview:large","max-video-preview":"max-video-preview:-1"},"canonical":"https:\/\/westliches-tantra.de\/edition-samhita\/","og_locale":"de_DE","og_type":"article","og_title":"Edition Samhita - Edition Samhita","og_description":"Edition Samhita &#8211; Literatur f\u00fcr westliche Tantriker In der Edition Samhita werden B\u00fccher, E-Books und H\u00f6rb\u00fccher verlegt, die traditionelle tantrische Prinzipien mit westlicher Kultur und modernen Therapieformen verbinden. Der Verlag wurde von mir gleichzeitig&#46;&#46;&#46;","og_url":"https:\/\/westliches-tantra.de\/edition-samhita\/","og_site_name":"Edition Samhita","article_modified_time":"2024-05-28T13:56:52+00:00","og_image":[{"url":"https:\/\/westliches-tantra.de\/edition-samhita\/wp-content\/uploads\/sites\/8\/2024\/05\/Ralf_Hochzeit03.jpg","type":"","width":"","height":""}],"twitter_card":"summary_large_image","twitter_misc":{"Gesch\u00e4tzte Lesezeit":"3\u00a0Minuten"},"schema":{"@context":"https:\/\/schema.org","@graph":[{"@type":"WebPage","@id":"https:\/\/westliches-tantra.de\/edition-samhita\/","url":"https:\/\/westliches-tantra.de\/edition-samhita\/","name":"Edition Samhita - Edition Samhita","isPartOf":{"@id":"https:\/\/westliches-tantra.de\/edition-samhita\/#website"},"primaryImageOfPage":{"@id":"https:\/\/westliches-tantra.de\/edition-samhita\/#primaryimage"},"image":{"@id":"https:\/\/westliches-tantra.de\/edition-samhita\/#primaryimage"},"thumbnailUrl":"https:\/\/westliches-tantra.de\/edition-samhita\/wp-content\/uploads\/sites\/8\/2024\/05\/Ralf_Hochzeit03.jpg","datePublished":"2024-05-02T08:15:09+00:00","dateModified":"2024-05-28T13:56:52+00:00","breadcrumb":{"@id":"https:\/\/westliches-tantra.de\/edition-samhita\/#breadcrumb"},"inLanguage":"de","potentialAction":[{"@type":"ReadAction","target":["https:\/\/westliches-tantra.de\/edition-samhita\/"]}]},{"@type":"ImageObject","inLanguage":"de","@id":"https:\/\/westliches-tantra.de\/edition-samhita\/#primaryimage","url":"https:\/\/westliches-tantra.de\/edition-samhita\/wp-content\/uploads\/sites\/8\/2024\/05\/Ralf_Hochzeit03.jpg","contentUrl":"https:\/\/westliches-tantra.de\/edition-samhita\/wp-content\/uploads\/sites\/8\/2024\/05\/Ralf_Hochzeit03.jpg","width":618,"height":684},{"@type":"BreadcrumbList","@id":"https:\/\/westliches-tantra.de\/edition-samhita\/#breadcrumb","itemListElement":[{"@type":"ListItem","position":1,"name":"Startseite","item":"https:\/\/westliches-tantra.de\/edition-samhita\/"},{"@type":"ListItem","position":2,"name":"Edition Samhita"}]},{"@type":"WebSite","@id":"https:\/\/westliches-tantra.de\/edition-samhita\/#website","url":"https:\/\/westliches-tantra.de\/edition-samhita\/","name":"Edition Samhita","description":"","potentialAction":[{"@type":"SearchAction","target":{"@type":"EntryPoint","urlTemplate":"https:\/\/westliches-tantra.de\/edition-samhita\/?s={search_term_string}"},"query-input":{"@type":"PropertyValueSpecification","valueRequired":true,"valueName":"search_term_string"}}],"inLanguage":"de"}]}},"_links":{"self":[{"href":"https:\/\/westliches-tantra.de\/edition-samhita\/wp-json\/wp\/v2\/pages\/76","targetHints":{"allow":["GET"]}}],"collection":[{"href":"https:\/\/westliches-tantra.de\/edition-samhita\/wp-json\/wp\/v2\/pages"}],"about":[{"href":"https:\/\/westliches-tantra.de\/edition-samhita\/wp-json\/wp\/v2\/types\/page"}],"author":[{"embeddable":true,"href":"https:\/\/westliches-tantra.de\/edition-samhita\/wp-json\/wp\/v2\/users\/1"}],"replies":[{"embeddable":true,"href":"https:\/\/westliches-tantra.de\/edition-samhita\/wp-json\/wp\/v2\/comments?post=76"}],"version-history":[{"count":15,"href":"https:\/\/westliches-tantra.de\/edition-samhita\/wp-json\/wp\/v2\/pages\/76\/revisions"}],"predecessor-version":[{"id":197,"href":"https:\/\/westliches-tantra.de\/edition-samhita\/wp-json\/wp\/v2\/pages\/76\/revisions\/197"}],"wp:attachment":[{"href":"https:\/\/westliches-tantra.de\/edition-samhita\/wp-json\/wp\/v2\/media?parent=76"}],"curies":[{"name":"wp","href":"https:\/\/api.w.org\/{rel}","templated":true}]}}