{"id":66,"date":"2024-05-02T09:16:31","date_gmt":"2024-05-02T07:16:31","guid":{"rendered":"http:\/\/dev.westliches-tantra.de\/edition-samhita\/versandarten\/"},"modified":"2024-05-06T22:45:30","modified_gmt":"2024-05-06T20:45:30","slug":"versandarten","status":"publish","type":"page","link":"https:\/\/westliches-tantra.de\/edition-samhita\/versandarten\/","title":{"rendered":"Versandarten"},"content":{"rendered":"\n<h2 class=\"wp-block-heading\">Versandarten<\/h2>\n\n\n\n<p>Zur Zeit bieten wir nur den Versand innerhalb von Deutschland per B\u00fcchersendung \u00fcber die Deutsche Post an. Die Lieferung erfolgt versandkostenfrei.<\/p>\n\n\n\n<p>Aus dem Ausland k\u00f6nnen Bestellungen \u00fcber den Buchhersteller <a href=\"https:\/\/buchshop.bod.de\/das-goldene-buch-der-tantrischen-weisheiten-ralf-lieder-9783758317637\">BOD<\/a> erfolgen.<\/p>\n","protected":false},"excerpt":{"rendered":"<p>Versandarten Zur Zeit bieten wir nur den Versand innerhalb von Deutschland per B\u00fcchersendung \u00fcber die Deutsche Post an. Die Lieferung erfolgt versandkostenfrei. Aus dem Ausland k\u00f6nnen Bestellungen \u00fcber den Buchhersteller BOD erfolgen.<\/p>\n","protected":false},"author":1,"featured_media":0,"parent":0,"menu_order":0,"comment_status":"closed","ping_status":"closed","template":"","meta":{"footnotes":""},"class_list":["post-66","page","type-page","status-publish","hentry"],"yoast_head":"<!-- This site is optimized with the Yoast SEO plugin v27.2 - https:\/\/yoast.com\/product\/yoast-seo-wordpress\/ -->\n<title>Versandarten - Edition Samhita<\/title>\n<meta name=\"robots\" content=\"index, follow, max-snippet:-1, max-image-preview:large, max-video-preview:-1\" \/>\n<link rel=\"canonical\" href=\"https:\/\/westliches-tantra.de\/edition-samhita\/versandarten\/\" \/>\n<meta property=\"og:locale\" content=\"de_DE\" \/>\n<meta property=\"og:type\" content=\"article\" \/>\n<meta property=\"og:title\" content=\"Versandarten - Edition Samhita\" \/>\n<meta property=\"og:description\" content=\"Versandarten Zur Zeit bieten wir nur den Versand innerhalb von Deutschland per B\u00fcchersendung \u00fcber die Deutsche Post an. Die Lieferung erfolgt versandkostenfrei. Aus dem Ausland k\u00f6nnen Bestellungen \u00fcber den Buchhersteller BOD erfolgen.\" \/>\n<meta property=\"og:url\" content=\"https:\/\/westliches-tantra.de\/edition-samhita\/versandarten\/\" \/>\n<meta property=\"og:site_name\" content=\"Edition Samhita\" \/>\n<meta property=\"article:modified_time\" content=\"2024-05-06T20:45:30+00:00\" \/>\n<meta name=\"twitter:card\" content=\"summary_large_image\" \/>\n<meta name=\"twitter:label1\" content=\"Gesch\u00e4tzte Lesezeit\" \/>\n\t<meta name=\"twitter:data1\" content=\"1\u00a0Minute\" \/>\n<script type=\"application\/ld+json\" class=\"yoast-schema-graph\">{\"@context\":\"https:\/\/schema.org\",\"@graph\":[{\"@type\":\"WebPage\",\"@id\":\"https:\/\/westliches-tantra.de\/edition-samhita\/versandarten\/\",\"url\":\"https:\/\/westliches-tantra.de\/edition-samhita\/versandarten\/\",\"name\":\"Versandarten - Edition Samhita\",\"isPartOf\":{\"@id\":\"https:\/\/westliches-tantra.de\/edition-samhita\/#website\"},\"datePublished\":\"2024-05-02T07:16:31+00:00\",\"dateModified\":\"2024-05-06T20:45:30+00:00\",\"breadcrumb\":{\"@id\":\"https:\/\/westliches-tantra.de\/edition-samhita\/versandarten\/#breadcrumb\"},\"inLanguage\":\"de\",\"potentialAction\":[{\"@type\":\"ReadAction\",\"target\":[\"https:\/\/westliches-tantra.de\/edition-samhita\/versandarten\/\"]}]},{\"@type\":\"BreadcrumbList\",\"@id\":\"https:\/\/westliches-tantra.de\/edition-samhita\/versandarten\/#breadcrumb\",\"itemListElement\":[{\"@type\":\"ListItem\",\"position\":1,\"name\":\"Startseite\",\"item\":\"https:\/\/westliches-tantra.de\/edition-samhita\/\"},{\"@type\":\"ListItem\",\"position\":2,\"name\":\"Versandarten\"}]},{\"@type\":\"WebSite\",\"@id\":\"https:\/\/westliches-tantra.de\/edition-samhita\/#website\",\"url\":\"https:\/\/westliches-tantra.de\/edition-samhita\/\",\"name\":\"Edition Samhita\",\"description\":\"\",\"potentialAction\":[{\"@type\":\"SearchAction\",\"target\":{\"@type\":\"EntryPoint\",\"urlTemplate\":\"https:\/\/westliches-tantra.de\/edition-samhita\/?s={search_term_string}\"},\"query-input\":{\"@type\":\"PropertyValueSpecification\",\"valueRequired\":true,\"valueName\":\"search_term_string\"}}],\"inLanguage\":\"de\"}]}<\/script>\n<!-- \/ Yoast SEO plugin. -->","yoast_head_json":{"title":"Versandarten - Edition Samhita","robots":{"index":"index","follow":"follow","max-snippet":"max-snippet:-1","max-image-preview":"max-image-preview:large","max-video-preview":"max-video-preview:-1"},"canonical":"https:\/\/westliches-tantra.de\/edition-samhita\/versandarten\/","og_locale":"de_DE","og_type":"article","og_title":"Versandarten - Edition Samhita","og_description":"Versandarten Zur Zeit bieten wir nur den Versand innerhalb von Deutschland per B\u00fcchersendung \u00fcber die Deutsche Post an. Die Lieferung erfolgt versandkostenfrei. Aus dem Ausland k\u00f6nnen Bestellungen \u00fcber den Buchhersteller BOD erfolgen.","og_url":"https:\/\/westliches-tantra.de\/edition-samhita\/versandarten\/","og_site_name":"Edition Samhita","article_modified_time":"2024-05-06T20:45:30+00:00","twitter_card":"summary_large_image","twitter_misc":{"Gesch\u00e4tzte Lesezeit":"1\u00a0Minute"},"schema":{"@context":"https:\/\/schema.org","@graph":[{"@type":"WebPage","@id":"https:\/\/westliches-tantra.de\/edition-samhita\/versandarten\/","url":"https:\/\/westliches-tantra.de\/edition-samhita\/versandarten\/","name":"Versandarten - Edition Samhita","isPartOf":{"@id":"https:\/\/westliches-tantra.de\/edition-samhita\/#website"},"datePublished":"2024-05-02T07:16:31+00:00","dateModified":"2024-05-06T20:45:30+00:00","breadcrumb":{"@id":"https:\/\/westliches-tantra.de\/edition-samhita\/versandarten\/#breadcrumb"},"inLanguage":"de","potentialAction":[{"@type":"ReadAction","target":["https:\/\/westliches-tantra.de\/edition-samhita\/versandarten\/"]}]},{"@type":"BreadcrumbList","@id":"https:\/\/westliches-tantra.de\/edition-samhita\/versandarten\/#breadcrumb","itemListElement":[{"@type":"ListItem","position":1,"name":"Startseite","item":"https:\/\/westliches-tantra.de\/edition-samhita\/"},{"@type":"ListItem","position":2,"name":"Versandarten"}]},{"@type":"WebSite","@id":"https:\/\/westliches-tantra.de\/edition-samhita\/#website","url":"https:\/\/westliches-tantra.de\/edition-samhita\/","name":"Edition Samhita","description":"","potentialAction":[{"@type":"SearchAction","target":{"@type":"EntryPoint","urlTemplate":"https:\/\/westliches-tantra.de\/edition-samhita\/?s={search_term_string}"},"query-input":{"@type":"PropertyValueSpecification","valueRequired":true,"valueName":"search_term_string"}}],"inLanguage":"de"}]}},"_links":{"self":[{"href":"https:\/\/westliches-tantra.de\/edition-samhita\/wp-json\/wp\/v2\/pages\/66","targetHints":{"allow":["GET"]}}],"collection":[{"href":"https:\/\/westliches-tantra.de\/edition-samhita\/wp-json\/wp\/v2\/pages"}],"about":[{"href":"https:\/\/westliches-tantra.de\/edition-samhita\/wp-json\/wp\/v2\/types\/page"}],"author":[{"embeddable":true,"href":"https:\/\/westliches-tantra.de\/edition-samhita\/wp-json\/wp\/v2\/users\/1"}],"replies":[{"embeddable":true,"href":"https:\/\/westliches-tantra.de\/edition-samhita\/wp-json\/wp\/v2\/comments?post=66"}],"version-history":[{"count":1,"href":"https:\/\/westliches-tantra.de\/edition-samhita\/wp-json\/wp\/v2\/pages\/66\/revisions"}],"predecessor-version":[{"id":142,"href":"https:\/\/westliches-tantra.de\/edition-samhita\/wp-json\/wp\/v2\/pages\/66\/revisions\/142"}],"wp:attachment":[{"href":"https:\/\/westliches-tantra.de\/edition-samhita\/wp-json\/wp\/v2\/media?parent=66"}],"curies":[{"name":"wp","href":"https:\/\/api.w.org\/{rel}","templated":true}]}}