{"id":64,"date":"2024-05-02T09:16:30","date_gmt":"2024-05-02T07:16:30","guid":{"rendered":"http:\/\/dev.westliches-tantra.de\/edition-samhita\/agb\/"},"modified":"2024-05-06T22:53:10","modified_gmt":"2024-05-06T20:53:10","slug":"agb","status":"publish","type":"page","link":"https:\/\/westliches-tantra.de\/edition-samhita\/agb\/","title":{"rendered":"AGB"},"content":{"rendered":"\n<p>AGB<\/p>\n\n\n\n<p>Allgemeine Gesch\u00e4ftsbedingungen (AGB, Stand 06.05.2024) (Widerrufsbelehrung siehe \u00a7 6 und \u00a7 7)<\/p>\n\n\n\n<p>\u00a7 1 Vertragsschluss<\/p>\n\n\n\n<ol class=\"wp-block-list\">\n<li>Der Vertrag unter Einschluss dieser AGB zwischen dem Kunden und Edition Samhita &#8211; Ralf Lieder Seminare &amp; Medien, Hauweg 47, 41066 M\u00f6nchengladbach (nachfolgend \u201eEdition Samhita\u201c) kommt dadurch zustande, dass der Kunde die von ihm in die Online\u2010Eingabemaske auf der Website eingegebene Bestellung mittels Mausklick auf \u201eJetzt kaufen\u201c oder &#8222;Bestellen&#8220; oder durch Bet\u00e4tigen der &#8218;Enter&#8217;\u2010Taste als bindendes Angebot auf Abschluss eines Vertrages an Edition Samhita schickt. Edition Samhita nimmt dieses Angebot des Kunden durch Lieferung innerhalb angemessener Zeit an.<\/li>\n\n\n\n<li>Edition Samhita beh\u00e4lt sich die Annahme des Angebotes insbesondere f\u00fcr den Fall vor, dass auf der Webseite Schreib\u2010, Druck\u2010 oder Rechenfehler enthalten sind, die Grundlage des Angebotes des Kunden geworden sind.<\/li>\n\n\n\n<li>F\u00fcr die Gesch\u00e4ftsbeziehung zwischen Edition Samhita und dem Kunden gelten ausschlie\u00dflich die folgenden Allgemeinen Gesch\u00e4ftsbedingungen (AGB). Davon abweichende Bedingungen des Kunden erkennt Edition Samhita nicht an, es sei denn, dass Edition Samhita ihrer Geltung zugestimmt h\u00e4tte.<\/li>\n\n\n\n<li>Die f\u00fcr den Vertragsschluss zur Verf\u00fcgung stehende Sprache ist Deutsch. Der Vertragstext (AGB mit individuellen Bestelldaten des Kunden) wird nach dem Vertragsschluss von Edition Samhita nicht gespeichert, ist dem Kunden daher nicht zug\u00e4nglich.<\/li>\n<\/ol>\n\n\n\n<p>\u00a7 2 \u00dcbergabe der Ware<\/p>\n\n\n\n<ol class=\"wp-block-list\">\n<li>Die \u00dcbergabe der Ware erfolgt durch Lieferung an die vom Kunden angegebene Lieferadresse. Die ggf. anfallenden Versandkosten werden dem Kunden noch vor Abschluss der Bestellung auf der Bestellseite angezeigt.<\/li>\n\n\n\n<li>Bei Lieferungen in das Ausland \u00fcbernimmt der Kunde die zus\u00e4tzlichen Steuern und Z\u00f6lle.<\/li>\n<\/ol>\n\n\n\n<p>\u00a7 3 Preise, Zahlungsbedingungen, Eigentumsvorbehalt<\/p>\n\n\n\n<ol class=\"wp-block-list\">\n<li>Alle auf den Seiten von Edition Samhita angegebenen Preise verstehen sich inklusive der gesetzlich vorgeschriebenen MwSt.<\/li>\n\n\n\n<li>Die Bezahlung erfolgt vorab \u00fcber Paypal.<\/li>\n\n\n\n<li>Die gelieferte Ware bleibt bis zu ihrer vollst\u00e4ndigen Bezahlung im Eigentum von Edition Samhita.<\/li>\n<\/ol>\n\n\n\n<p>\u00a7 4 Gew\u00e4hrleistung und Haftung<\/p>\n\n\n\n<ol class=\"wp-block-list\">\n<li>Dem Kunden stehen vorbehaltlich der folgenden Abs\u00e4tze 2 bis 4 die gesetzlichen Gew\u00e4hrleistungsanspr\u00fcche zu.<\/li>\n\n\n\n<li>Anspr\u00fcche des Kunden auf Schadensersatz sind ausgeschlossen. Hiervon ausgenommen sind Schadensersatzanspr\u00fcche des Kunden aus der Verletzung des Lebens, des K\u00f6rpers, der Gesundheit oder aus der Verletzung wesentlicher Vertragspflichten (Kardinalpflichten) sowie die Haftung f\u00fcr sonstige Sch\u00e4den, die auf einer vors\u00e4tzlichen oder grob fahrl\u00e4ssigen Pflichtverletzung durch Edition Samhita, seiner gesetzlichen Vertreter oder Erf\u00fcllungsgehilfen beruhen. Wesentliche Vertragspflichten sind solche, deren Erf\u00fcllung zur Erreichung des Ziels des Vertrags notwendig ist.<\/li>\n\n\n\n<li>Bei der Verletzung wesentlicher Vertragspflichten haftet Edition Samhita nur auf den vertragstypischen, vorhersehbaren Schaden, wenn dieser einfach fahrl\u00e4ssig verursacht wurde, es sei denn, es handelt sich um Schadensersatzanspr\u00fcche des Kunden aus einer Verletzung des Lebens, des K\u00f6rpers oder der Gesundheit.<\/li>\n\n\n\n<li>Die Einschr\u00e4nkungen der Abs\u00e4tze 2 und 3 gelten auch zugunsten der gesetzlichen Vertreter und Erf\u00fcllungsgehilfen von Edition Samhita, wenn Anspr\u00fcche direkt gegen diese geltend gemacht werden.<\/li>\n\n\n\n<li>Die Vorschriften des Produkthaftungsgesetzes bleiben unber\u00fchrt, ebenso eventuelle Anspr\u00fcche aus einer durch Edition Samhita oder einen Dritten \u00fcbernommenen Garantie f\u00fcr die Beschaffenheit der Sache oder daf\u00fcr, dass die Sache f\u00fcr eine bestimmte Dauer eine bestimmte Beschaffenheit beh\u00e4lt.<\/li>\n<\/ol>\n\n\n\n<p>\u00a7 5 Datenschutz<\/p>\n\n\n\n<ol class=\"wp-block-list\">\n<li>Der Kunde hat ein Recht auf Auskunft sowie ein Recht auf Berichtigung, Sperrung und L\u00f6schung seiner gespeicherten Daten.<\/li>\n\n\n\n<li>Ausf\u00fchrliche Informationen \u00fcber Art und Umfang der Datenspeicherung pers\u00f6nlicher Daten erh\u00e4lt der Kunde unter der Rubrik \u201eDatenschutz\u201c (siehe auch Fu\u00dfende der Webseite).<\/li>\n<\/ol>\n\n\n\n<p>\u00a7 6 Widerrufsrecht bei Waren<\/p>\n\n\n\n<p>Bei Vertr\u00e4gen \u00fcber die Lieferung von Waren steht dem Kunden folgendes Widerrufsrecht zu:<\/p>\n\n\n\n<p>&#8212; Widerrufsbelehrung &#8212;<\/p>\n\n\n\n<p><strong>Widerrufsrecht<\/strong><\/p>\n\n\n\n<p>Sie haben das Recht, binnen vierzehn Tagen ohne Angabe von Gr\u00fcnden diesen Vertrag zu widerrufen. Die Widerrufsfrist betr\u00e4gt vierzehn Tage ab dem Tag,<\/p>\n\n\n\n<ul class=\"wp-block-list\">\n<li>an dem Sie oder ein von Ihnen benannter Dritter, der nicht der Bef\u00f6rderer ist, die Waren in Besitz genommen haben bzw. hat, wenn Sie eine Ware oder mehrere Waren im Rahmen einer einheitlichen Bestellung bestellt haben und die Ware bzw. Waren einheitlich geliefert wird bzw. werden; oder<\/li>\n\n\n\n<li>an dem Sie oder ein von Ihnen benannter Dritter, der nicht der Bef\u00f6rderer ist, die letzte Ware in Besitz genommen haben bzw. hat, wenn Sie mehrere Waren im Rahmen einer einheitlichen Bestellung bestellt haben und die Waren getrennt geliefert werden; oder<\/li>\n\n\n\n<li>an dem Sie oder ein von Ihnen benannter Dritter, der nicht der Bef\u00f6rderer ist, die letzte Teilsendung oder das letzte St\u00fcck in Besitz genommen haben bzw. hat, wenn Sie eine Ware bestellt haben, die in mehreren Teilsendungen oder St\u00fccken geliefert wird.<\/li>\n<\/ul>\n\n\n\n<p>Um Ihr Widerrufsrecht auszu\u00fcben, m\u00fcssen Sie uns (Edition Samhita &#8211; Ralf Lieder Seminare &amp; Medien, Hauweg 47, 41066 M\u00f6nchengladbach, Tel.: 016097055160, E-Mail: mail@edition-samhita.de) mittels einer eindeutigen Erkl\u00e4rung (z. B. ein mit der Post versandter Brief oder E-Mail) \u00fcber Ihren Entschluss, diesen Vertrag zu widerrufen, informieren.<\/p>\n\n\n\n<p>Zur Wahrung der Widerrufsfrist reicht es aus, dass Sie die Mitteilung \u00fcber die Aus\u00fcbung des Widerrufsrechts vor Ablauf der Widerrufsfrist absenden.<\/p>\n\n\n\n<p><strong>Folgen des Widerrufs<\/strong><\/p>\n\n\n\n<p>Wenn Sie diesen Vertrag widerrufen, haben wir Ihnen alle Zahlungen, die wir von Ihnen erhalten haben, einschlie\u00dflich der Lieferkosten (mit Ausnahme der zus\u00e4tzlichen Kosten, die sich daraus ergeben, dass Sie eine andere Art der Lieferung als die von uns angebotene, g\u00fcnstigste Standardlieferung gew\u00e4hlt haben), unverz\u00fcglich und sp\u00e4testens binnen vierzehn Tagen ab dem Tag zur\u00fcckzuzahlen, an dem die Mitteilung \u00fcber Ihren Widerruf dieses Vertrags bei uns eingegangen ist. F\u00fcr diese R\u00fcckzahlung verwenden wir dasselbe Zahlungsmittel, das Sie bei der urspr\u00fcnglichen Transaktion eingesetzt haben, es sei denn, mit Ihnen wurde ausdr\u00fccklich etwas anderes vereinbart; in keinem Fall werden Ihnen wegen dieser R\u00fcckzahlung Entgelte berechnet. Wir k\u00f6nnen die R\u00fcckzahlung verweigern, bis wir die Waren wieder im einwandfreien Zustand zur\u00fcckerhalten haben. <\/p>\n\n\n\n<p>Sie haben die Waren unverz\u00fcglich und in jedem Fall sp\u00e4testens binnen vierzehn Tagen ab dem Tag, an dem Sie uns \u00fcber den Widerruf dieses Vertrags unterrichten, in einwandfreiem Zustand (Wiederverkaufsf\u00e4hig) an uns zur\u00fcckzusenden oder zu \u00fcbergeben. Die Frist ist gewahrt, wenn Sie die Waren vor Ablauf der Frist von vierzehn Tagen absenden. Sie tragen die unmittelbaren Kosten der R\u00fccksendung der Waren.<\/p>\n\n\n\n<p>Sie m\u00fcssen f\u00fcr einen etwaigen Wertverlust der Waren nur aufkommen, wenn dieser Wertverlust auf einen zur Pr\u00fcfung der Beschaffenheit, Eigenschaften und Funktionsweise der Waren nicht notwendigen Umgang mit ihnen zur\u00fcckzuf\u00fchren ist.<\/p>\n\n\n\n<p>\u00a7 7 Widerrufsrecht bei Daten-Downloads<\/p>\n\n\n\n<p>Bei Vertr\u00e4gen \u00fcber die Lieferung von Daten-Downloads (nicht auf einem k\u00f6rperlichen Datentr\u00e4ger befindlichen digitalen Inhalten) steht dem Kunden folgendes Widerrufsrecht zu:<\/p>\n\n\n\n<p>&#8212; Widerrufsbelehrung &#8212;<\/p>\n\n\n\n<p>Widerrufsrecht<\/p>\n\n\n\n<p>Sie haben das Recht, binnen vierzehn Tagen ohne Angabe von Gr\u00fcnden diesen Vertrag zu widerrufen. Die Widerrufsfrist betr\u00e4gt vierzehn Tage ab dem Tag des Vertragsabschlusses. Um Ihr Widerrufsrecht auszu\u00fcben, m\u00fcssen Sie uns (Edition Samhita &#8211; Ralf Lieder Seminare &amp; Medien, Hauweg 47, 41066 M\u00f6nchengladbach, Tel.: 016097055160, E-Mail: mail@edition-samhita.de) mittels einer eindeutigen Erkl\u00e4rung (z. B. ein mit der Post versandter Brief oder eine E-Mail) \u00fcber Ihren Entschluss, diesen Vertrag zu widerrufen, informieren. Zur Wahrung der Widerrufsfrist reicht es aus, dass Sie die Mitteilung \u00fcber die Aus\u00fcbung des Widerrufsrechts vor Ablauf der Widerrufsfrist absenden.<\/p>\n\n\n\n<p>Folgen des Widerrufs<\/p>\n\n\n\n<p>Wenn Sie diesen Vertrag widerrufen, haben wir Ihnen alle Zahlungen, die wir von Ihnen erhalten haben, einschlie\u00dflich der Lieferkosten (mit Ausnahme der zus\u00e4tzlichen Kosten, die sich daraus ergeben, dass Sie eine andere Art der Lieferung als die von uns angebotene, g\u00fcnstigste Standardlieferung gew\u00e4hlt haben), unverz\u00fcglich und sp\u00e4testens binnen vierzehn Tagen ab dem Tag zur\u00fcckzuzahlen, an dem die Mitteilung \u00fcber Ihren Widerruf dieses Vertrags bei uns eingegangen ist. F\u00fcr diese R\u00fcckzahlung verwenden wir dasselbe Zahlungsmittel, das Sie bei der urspr\u00fcnglichen Transaktion eingesetzt haben, es sei denn, mit Ihnen wurde ausdr\u00fccklich etwas anderes vereinbart; in keinem Fall werden Ihnen wegen dieser R\u00fcckzahlung Entgelte berechnet.<\/p>\n\n\n\n<p>\u00a7 8 Sonstiges<\/p>\n\n\n\n<ol class=\"wp-block-list\">\n<li>Es gilt deutsches Recht unter Ausschluss des UN-Kaufrechts. Unber\u00fchrt davon bleiben die zwingenden Bestimmungen des Staates, in dem der Kunde seinen gew\u00f6hnlichen Aufenthalt hat. Edition Samhita ist nicht verpflichtet und nicht bereit, an Streitbeilegungsverfahren vor einer Verbraucherschlichtungsstelle teilzunehmen.<\/li>\n\n\n\n<li>Gerichtsstand ist, sofern der Kunde Kaufmann ist, M\u00f6nchengladbach.<\/li>\n<\/ol>\n","protected":false},"excerpt":{"rendered":"<p>AGB Allgemeine Gesch\u00e4ftsbedingungen (AGB, Stand 06.05.2024) (Widerrufsbelehrung siehe \u00a7 6 und \u00a7 7) \u00a7 1 Vertragsschluss \u00a7 2 \u00dcbergabe der Ware \u00a7 3 Preise, Zahlungsbedingungen, Eigentumsvorbehalt \u00a7 4 Gew\u00e4hrleistung und Haftung \u00a7 5 Datenschutz&#46;&#46;&#46;<\/p>\n","protected":false},"author":1,"featured_media":0,"parent":0,"menu_order":0,"comment_status":"closed","ping_status":"closed","template":"","meta":{"footnotes":""},"class_list":["post-64","page","type-page","status-publish","hentry"],"yoast_head":"<!-- This site is optimized with the Yoast SEO plugin v27.2 - https:\/\/yoast.com\/product\/yoast-seo-wordpress\/ -->\n<title>AGB - Edition Samhita<\/title>\n<meta name=\"robots\" content=\"index, follow, max-snippet:-1, max-image-preview:large, max-video-preview:-1\" \/>\n<link rel=\"canonical\" href=\"https:\/\/westliches-tantra.de\/edition-samhita\/agb\/\" \/>\n<meta property=\"og:locale\" content=\"de_DE\" \/>\n<meta property=\"og:type\" content=\"article\" \/>\n<meta property=\"og:title\" content=\"AGB - Edition Samhita\" \/>\n<meta property=\"og:description\" content=\"AGB Allgemeine Gesch\u00e4ftsbedingungen (AGB, Stand 06.05.2024) (Widerrufsbelehrung siehe \u00a7 6 und \u00a7 7) \u00a7 1 Vertragsschluss \u00a7 2 \u00dcbergabe der Ware \u00a7 3 Preise, Zahlungsbedingungen, Eigentumsvorbehalt \u00a7 4 Gew\u00e4hrleistung und Haftung \u00a7 5 Datenschutz&#046;&#046;&#046;\" \/>\n<meta property=\"og:url\" content=\"https:\/\/westliches-tantra.de\/edition-samhita\/agb\/\" \/>\n<meta property=\"og:site_name\" content=\"Edition Samhita\" \/>\n<meta property=\"article:modified_time\" content=\"2024-05-06T20:53:10+00:00\" \/>\n<meta name=\"twitter:card\" content=\"summary_large_image\" \/>\n<meta name=\"twitter:label1\" content=\"Gesch\u00e4tzte Lesezeit\" \/>\n\t<meta name=\"twitter:data1\" content=\"7\u00a0Minuten\" \/>\n<script type=\"application\/ld+json\" class=\"yoast-schema-graph\">{\"@context\":\"https:\/\/schema.org\",\"@graph\":[{\"@type\":\"WebPage\",\"@id\":\"https:\/\/westliches-tantra.de\/edition-samhita\/agb\/\",\"url\":\"https:\/\/westliches-tantra.de\/edition-samhita\/agb\/\",\"name\":\"AGB - Edition Samhita\",\"isPartOf\":{\"@id\":\"https:\/\/westliches-tantra.de\/edition-samhita\/#website\"},\"datePublished\":\"2024-05-02T07:16:30+00:00\",\"dateModified\":\"2024-05-06T20:53:10+00:00\",\"breadcrumb\":{\"@id\":\"https:\/\/westliches-tantra.de\/edition-samhita\/agb\/#breadcrumb\"},\"inLanguage\":\"de\",\"potentialAction\":[{\"@type\":\"ReadAction\",\"target\":[\"https:\/\/westliches-tantra.de\/edition-samhita\/agb\/\"]}]},{\"@type\":\"BreadcrumbList\",\"@id\":\"https:\/\/westliches-tantra.de\/edition-samhita\/agb\/#breadcrumb\",\"itemListElement\":[{\"@type\":\"ListItem\",\"position\":1,\"name\":\"Startseite\",\"item\":\"https:\/\/westliches-tantra.de\/edition-samhita\/\"},{\"@type\":\"ListItem\",\"position\":2,\"name\":\"AGB\"}]},{\"@type\":\"WebSite\",\"@id\":\"https:\/\/westliches-tantra.de\/edition-samhita\/#website\",\"url\":\"https:\/\/westliches-tantra.de\/edition-samhita\/\",\"name\":\"Edition Samhita\",\"description\":\"\",\"potentialAction\":[{\"@type\":\"SearchAction\",\"target\":{\"@type\":\"EntryPoint\",\"urlTemplate\":\"https:\/\/westliches-tantra.de\/edition-samhita\/?s={search_term_string}\"},\"query-input\":{\"@type\":\"PropertyValueSpecification\",\"valueRequired\":true,\"valueName\":\"search_term_string\"}}],\"inLanguage\":\"de\"}]}<\/script>\n<!-- \/ Yoast SEO plugin. -->","yoast_head_json":{"title":"AGB - Edition Samhita","robots":{"index":"index","follow":"follow","max-snippet":"max-snippet:-1","max-image-preview":"max-image-preview:large","max-video-preview":"max-video-preview:-1"},"canonical":"https:\/\/westliches-tantra.de\/edition-samhita\/agb\/","og_locale":"de_DE","og_type":"article","og_title":"AGB - Edition Samhita","og_description":"AGB Allgemeine Gesch\u00e4ftsbedingungen (AGB, Stand 06.05.2024) (Widerrufsbelehrung siehe \u00a7 6 und \u00a7 7) \u00a7 1 Vertragsschluss \u00a7 2 \u00dcbergabe der Ware \u00a7 3 Preise, Zahlungsbedingungen, Eigentumsvorbehalt \u00a7 4 Gew\u00e4hrleistung und Haftung \u00a7 5 Datenschutz&#46;&#46;&#46;","og_url":"https:\/\/westliches-tantra.de\/edition-samhita\/agb\/","og_site_name":"Edition Samhita","article_modified_time":"2024-05-06T20:53:10+00:00","twitter_card":"summary_large_image","twitter_misc":{"Gesch\u00e4tzte Lesezeit":"7\u00a0Minuten"},"schema":{"@context":"https:\/\/schema.org","@graph":[{"@type":"WebPage","@id":"https:\/\/westliches-tantra.de\/edition-samhita\/agb\/","url":"https:\/\/westliches-tantra.de\/edition-samhita\/agb\/","name":"AGB - Edition Samhita","isPartOf":{"@id":"https:\/\/westliches-tantra.de\/edition-samhita\/#website"},"datePublished":"2024-05-02T07:16:30+00:00","dateModified":"2024-05-06T20:53:10+00:00","breadcrumb":{"@id":"https:\/\/westliches-tantra.de\/edition-samhita\/agb\/#breadcrumb"},"inLanguage":"de","potentialAction":[{"@type":"ReadAction","target":["https:\/\/westliches-tantra.de\/edition-samhita\/agb\/"]}]},{"@type":"BreadcrumbList","@id":"https:\/\/westliches-tantra.de\/edition-samhita\/agb\/#breadcrumb","itemListElement":[{"@type":"ListItem","position":1,"name":"Startseite","item":"https:\/\/westliches-tantra.de\/edition-samhita\/"},{"@type":"ListItem","position":2,"name":"AGB"}]},{"@type":"WebSite","@id":"https:\/\/westliches-tantra.de\/edition-samhita\/#website","url":"https:\/\/westliches-tantra.de\/edition-samhita\/","name":"Edition Samhita","description":"","potentialAction":[{"@type":"SearchAction","target":{"@type":"EntryPoint","urlTemplate":"https:\/\/westliches-tantra.de\/edition-samhita\/?s={search_term_string}"},"query-input":{"@type":"PropertyValueSpecification","valueRequired":true,"valueName":"search_term_string"}}],"inLanguage":"de"}]}},"_links":{"self":[{"href":"https:\/\/westliches-tantra.de\/edition-samhita\/wp-json\/wp\/v2\/pages\/64","targetHints":{"allow":["GET"]}}],"collection":[{"href":"https:\/\/westliches-tantra.de\/edition-samhita\/wp-json\/wp\/v2\/pages"}],"about":[{"href":"https:\/\/westliches-tantra.de\/edition-samhita\/wp-json\/wp\/v2\/types\/page"}],"author":[{"embeddable":true,"href":"https:\/\/westliches-tantra.de\/edition-samhita\/wp-json\/wp\/v2\/users\/1"}],"replies":[{"embeddable":true,"href":"https:\/\/westliches-tantra.de\/edition-samhita\/wp-json\/wp\/v2\/comments?post=64"}],"version-history":[{"count":2,"href":"https:\/\/westliches-tantra.de\/edition-samhita\/wp-json\/wp\/v2\/pages\/64\/revisions"}],"predecessor-version":[{"id":144,"href":"https:\/\/westliches-tantra.de\/edition-samhita\/wp-json\/wp\/v2\/pages\/64\/revisions\/144"}],"wp:attachment":[{"href":"https:\/\/westliches-tantra.de\/edition-samhita\/wp-json\/wp\/v2\/media?parent=64"}],"curies":[{"name":"wp","href":"https:\/\/api.w.org\/{rel}","templated":true}]}}