{"id":61,"date":"2024-05-02T09:16:30","date_gmt":"2024-05-02T07:16:30","guid":{"rendered":"http:\/\/dev.westliches-tantra.de\/edition-samhita\/datenschutzerklaerung\/"},"modified":"2024-05-05T22:40:12","modified_gmt":"2024-05-05T20:40:12","slug":"datenschutzerklaerung","status":"publish","type":"page","link":"https:\/\/westliches-tantra.de\/edition-samhita\/datenschutzerklaerung\/","title":{"rendered":"Datenschutzerkl\u00e4rung"},"content":{"rendered":"\n<h2 class=\"wp-block-heading\">Datenschutzerkl\u00e4rung<\/h2>\n\n\n\n<p>Verantwortliche Stelle im Sinne der Datenschutzgesetze ist:<\/p>\n\n\n\n<p>Ralf Lieder Seminare &amp; Medien<br>Herr Ralf Lieder<br>Hauweg 47<br>41066 M\u00f6nchengladbach<br>Fon: 0160-97055160<br>E-Mail: mail@westliches-tantra.de<br>Internet: https:\/\/westliches-tantra.de<\/p>\n\n\n\n<h4 class=\"wp-block-heading\" id=\"erfassung-allgemeiner-informationen\">Erfassung allgemeiner Informationen<\/h4>\n\n\n\n<p>Wenn Sie auf unsere Webseite zugreifen, werden automatisch Informationen allgemeiner Natur erfasst. Diese Informationen (Server-Logfiles) beinhalten etwa die Art des Webbrowsers, das verwendete Betriebssystem, den Domainnamen Ihres Internet Service Providers und \u00c4hnliches. Hierbei handelt es sich ausschlie\u00dflich um Informationen, welche keine R\u00fcckschl\u00fcsse auf Ihre Person zulassen. Diese Informationen sind technisch notwendig, um von Ihnen angeforderte Inhalte von Webseiten korrekt auszuliefern und fallen bei Nutzung des Internets zwingend an. Anonyme Informationen dieser Art werden von uns statistisch ausgewertet, um unseren Internetauftritt und die dahinterstehende Technik zu optimieren.<\/p>\n\n\n\n<h4 class=\"wp-block-heading\" id=\"cookies\">Cookies<\/h4>\n\n\n\n<p>Wie viele andere Webseiten verwenden wir auch so genannte &#8222;Cookies&#8220;. Cookies sind kleine Textdateien, die von einem Webseitenserver auf Ihre Festplatte \u00fcbertragen werden. Hierdurch erhalten wir automatisch bestimmte Daten wie z. B. IP-Adresse, verwendeter Browser, Betriebssystem \u00fcber Ihren Computer und Ihre Verbindung zum Internet.<\/p>\n\n\n\n<p>Cookies k\u00f6nnen nicht verwendet werden, um Programme zu starten oder Viren auf einen Computer zu \u00fcbertragen. Anhand der in Cookies enthaltenen Informationen k\u00f6nnen wir Ihnen die Navigation erleichtern und die korrekte Anzeige unserer Webseiten erm\u00f6glichen.<\/p>\n\n\n\n<p>In keinem Fall werden die von uns erfassten Daten an Dritte weitergegeben oder ohne Ihre Einwilligung eine Verkn\u00fcpfung mit personenbezogenen Daten hergestellt.<\/p>\n\n\n\n<p>Nat\u00fcrlich k\u00f6nnen Sie unsere Website grunds\u00e4tzlich auch ohne Cookies betrachten. Internet-Browser sind regelm\u00e4\u00dfig so eingestellt, dass sie Cookies akzeptieren. Sie k\u00f6nnen die Verwendung von Cookies jederzeit \u00fcber die Einstellungen Ihres Browsers deaktivieren. Bitte verwenden Sie die Hilfefunktionen Ihres Internetbrowsers, um zu erfahren, wie Sie diese Einstellungen \u00e4ndern k\u00f6nnen. Bitte beachten Sie, dass einzelne Funktionen unserer Website m\u00f6glicherweise nicht funktionieren, wenn Sie die Verwendung von Cookies deaktiviert haben.<\/p>\n\n\n\n<h4 class=\"wp-block-heading\" id=\"anmeldung-zu-seminaren\">Anmeldung zu Seminaren<\/h4>\n\n\n\n<p>Bei der Anmeldung zu unseren Seminaren werden einige personenbezogene Daten erhoben, wie Name, Anschrift, Kontakt- und Kommunikationsdaten wie Telefonnummer und E-Mail-Adresse. Diese werden in einer Kundendatenbank erfasst. Wir erteilen Ihnen jederzeit Auskunft \u00fcber die von uns \u00fcber Sie gespeicherten personenbezogenen Daten. Gerne berichtigen bzw. l\u00f6schen wir diese auch auf Ihren Wunsch, soweit keine gesetzlichen Aufbewahrungspflichten entgegenstehen. Zur Kontaktaufnahme in diesem Zusammenhang nutzen Sie bitte die am Ende dieser Datenschutzerkl\u00e4rung angegebenen Kontaktdaten.<\/p>\n\n\n\n<p>Wir verarbeiten die von Ihnen angegebenen Daten, um den Bestell- oder Buchungsvorgang und die damit verbundenen Vertragsbeziehungen abzuwickeln. Es handelt sich hierbei um Daten, die f\u00fcr die genannten Vorg\u00e4nge zwingend ben\u00f6tigt werden. Optionale Angaben sind entsprechend gekennzeichnet. Die Zul\u00e4ssigkeit dieser Verarbeitung richtet sich nach Art. 6 Abs. 1 b) DS-GVO, wonach die Verarbeitung rechtm\u00e4\u00dfig ist, wenn sie f\u00fcr die Erf\u00fcllung eines Vertrags, dessen Vertragspartei die betroffene Person ist, oder zur Durchf\u00fchrung vorvertraglicher Ma\u00dfnahmen erforderlich ist, die auf Anfrage der betroffenen Person erfolgen.<\/p>\n\n\n\n<p>Bei der Verarbeitung Ihrer Daten zum Zwecke der Bestellung bzw. der Buchung handelt es sich um die Erf\u00fcllung eines Vertrags. Die vom Betreiber erhobenen Daten sind f\u00fcr die Durchf\u00fchrung des Vertrags erforderlich, da ansonsten die Bestellung oder die Seminarbuchung nicht durchgef\u00fchrt werden kann. Ohne die Bereitstellung der Daten k\u00f6nnen Sie beim Betreiber keine Bestellung t\u00e4tigen bzw. keine Kurse buchen.<\/p>\n\n\n\n<p>Zur Erbringung kostenpflichtiger Leistungen werden von uns zus\u00e4tzliche Daten erfragt, wie z.B. Zahlungsangaben.<\/p>\n\n\n\n<h4 class=\"wp-block-heading\" id=\"ssl-verschlusselung\">SSL-Verschl\u00fcsselung<\/h4>\n\n\n\n<p>Um die Sicherheit Ihrer Daten bei der \u00dcbertragung zu sch\u00fctzen, verwenden wir dem aktuellen Stand der Technik entsprechende Verschl\u00fcsselungsverfahren (z. B. SSL) \u00fcber HTTPS.<\/p>\n\n\n\n<h4 class=\"wp-block-heading\" id=\"werbung\">Werbung<\/h4>\n\n\n\n<p>Sofern Sie eingewilligt haben oder eine gesetzliche Bestimmung dies erlaubt, verwenden wir Ihre Daten zu Zwecken der Werbung. Als unser Kunde erhalten Sie regelm\u00e4\u00dfig Produktempfehlungen per E-Mail, die sich an den von Ihnen bereits bestellten Produkten oder Dienstleistungen orientieren. Wir m\u00f6chten Ihnen auf diese Weise Informationen \u00fcber unsere Leistungen zukommen lassen, die Sie auf Grundlage Ihrer letzten Bestellung oder Buchung interessieren k\u00f6nnten.<\/p>\n\n\n\n<p>Die Zul\u00e4ssigkeit dieser Verarbeitung richtet sich nach Art. 6 Abs. 1 f) DS-GVO, wonach die Verarbeitung rechtm\u00e4\u00dfig ist, wenn sie zur Wahrung der berechtigten Interessen des Verantwortlichen oder eines Dritten erforderlich ist und sofern nicht die Interessen oder Grundrechte und Grundfreiheiten der betroffenen Person \u00fcberwiegen, die den Schutz personenbezogener Daten erfordern.<\/p>\n\n\n\n<p>Die Verwendung von Daten zu Zwecken der Werbung stellt ein berechtigtes Interesse des Betreibers im Sinne von Art. 6 Abs. 1 f) DS-GVO dar. Der Betreiber ist darauf angewiesen, seine Leistungen aktiv neuen und bereits bestehenden Kunden vorzustellen.<\/p>\n\n\n\n<h4 class=\"wp-block-heading\" id=\"newsletter\">Newsletter<\/h4>\n\n\n\n<p>Um weitere Informationen \u00fcber unsere Angebote zu erhalten, k\u00f6nnen Sie zus\u00e4tzlich einen E-Mail-Newsletter abonnieren. F\u00fcr den Versand des Newsletters wird das sogenannte Double Opt-In-Verfahren verwendet, d.h. Sie erhalten erst dann einen Newsletter per E-Mail, wenn Sie zuvor ausdr\u00fccklich best\u00e4tigt haben, dass der Newsletter-Dienst aktiviert werden soll. Nachdem Sie den Newsletter aktiviert haben, erhalten Sie eine Benachrichtigungs-E-Mail mit einem Aktivierungslink. Erst durch Anklicken dieses Links erhalten Sie den Newsletter. Sie k\u00f6nnen den Newsetter jederzeit deaktivieren. Zu diesem Zweck wenden Sie sich an die u.a. Adresse oder nutzen den in jedem Newsletter angegebenen Abmeldelink.<\/p>\n\n\n\n<p>Die Zul\u00e4ssigkeit dieser Verarbeitung richtet sich nach Art. 6 Abs. 1 a) DS-GVO, wonach die Verarbeitung zul\u00e4ssig ist, wenn die betroffene Person ihre Einwilligung zu der Verarbeitung der sie betreffenden personenbezogenen Daten f\u00fcr einen oder mehrere bestimmte Zwecke gegeben hat. Ohne die Bereitstellung der notwendigen Daten, k\u00f6nnen Sie keinen Newsletter des Betreibers erhalten.<\/p>\n\n\n\n<p>Sofern Sie keine Empfehlungen oder insgesamt keine werblichen Nachrichten mehr erhalten wollen, k\u00f6nnen Sie dem jederzeit widersprechen. Eine Mitteilung in Textform an den Betreiber reicht hierf\u00fcr aus. Zus\u00e4tzlich ist in jeder E-Mail ein Abmeldelink hinterlegt. Die Abmeldung kann auch \u00fcber das Kontaktformular erfolgen.<\/p>\n\n\n\n<h4 class=\"wp-block-heading\" id=\"verwendung-von-google-maps\">Verwendung von Google Maps<\/h4>\n\n\n\n<p>Diese Webseite verwendet Google Maps API, um geographische Informationen visuell darzustellen. Bei der Nutzung von Google Maps werden von Google auch Daten \u00fcber die Nutzung der Kartenfunktionen durch Besucher erhoben, verarbeitet und genutzt. N\u00e4here Informationen \u00fcber die Datenverarbeitung durch Google k\u00f6nnen Sie den&nbsp;<a href=\"http:\/\/www.google.com\/privacypolicy.html\">Google-Datenschutzhinweisen<\/a>&nbsp;entnehmen. Dort k\u00f6nnen Sie im Datenschutzcenter auch Ihre pers\u00f6nlichen Datenschutz-Einstellungen ver\u00e4ndern.<\/p>\n\n\n\n<p>Ausf\u00fchrliche Anleitungen zur Verwaltung der eigenen Daten im Zusammenhang mit Google-Produkten&nbsp;<a href=\"http:\/\/www.dataliberation.org\/\">finden Sie hier.<\/a><\/p>\n\n\n\n<h4 class=\"wp-block-heading\" id=\"eingebettete-youtube-videos\">Eingebettete YouTube-Videos<\/h4>\n\n\n\n<p>Auf einigen unserer Webseiten betten wir Youtube-Videos ein. Betreiber der entsprechenden Plugins ist die YouTube, LLC, 901 Cherry Ave., San Bruno, CA 94066, USA. Wenn Sie eine Seite mit dem YouTube-Plugin besuchen, wird eine Verbindung zu Servern von Youtube hergestellt. Dabei wird Youtube mitgeteilt, welche Seiten Sie besuchen. Wenn Sie in Ihrem Youtube-Account eingeloggt sind, kann Youtube Ihr Surfverhalten Ihnen pers\u00f6nlich zuzuordnen. Dies verhindern Sie, indem Sie sich vorher aus Ihrem Youtube-Account ausloggen.<\/p>\n\n\n\n<p>Wird ein Youtube-Video gestartet, setzt der Anbieter Cookies ein, die Hinweise \u00fcber das Nutzerverhalten sammeln.<\/p>\n\n\n\n<p>Wer das Speichern von Cookies f\u00fcr das Google-Ad-Programm deaktiviert hat, wird auch beim Anschauen von Youtube-Videos mit keinen solchen Cookies rechnen m\u00fcssen. Youtube legt aber auch in anderen Cookies nicht-personenbezogene Nutzungsinformationen ab. M\u00f6chten Sie dies verhindern, so m\u00fcssen Sie das Speichern von Cookies im Browser blockieren.<\/p>\n\n\n\n<p>Weitere Informationen zum Datenschutz bei Youtube finden Sie in der Datenschutzerkl\u00e4rung des Anbieters unter:&nbsp;<a href=\"https:\/\/www.google.de\/intl\/de\/policies\/privacy\/\">https:\/\/www.google.de\/intl\/de\/policies\/privacy\/<\/a><\/p>\n\n\n\n<h4 class=\"wp-block-heading\" id=\"social-plugins\">Social Plugins<\/h4>\n\n\n\n<p>Wir bieten Ihnen auf unserer Webseite die M\u00f6glichkeit der Nutzung von sog. Social-Media-Buttons an. Zum Schutze Ihrer Daten setzen wir bei der Implementierung auf die L\u00f6sung Shariff. Hierdurch werden diese Buttons auf der Webseite lediglich als Grafik eingebunden, die eine Verlinkung auf die entsprechende Webseite des Button-Anbieters enth\u00e4lt. Durch Anklicken der Grafik werden Sie somit zu den Diensten der jeweiligen Anbieter weitergeleitet. Erst dann werden Ihre Daten an die jeweiligen Anbieter gesendet. Sofern Sie die Grafik nicht anklicken, findet keinerlei Austausch zwischen Ihnen und den Anbietern der Social-Media-Buttons statt. Informationen \u00fcber die Erhebung und Verwendung Ihrer Daten in den sozialen Netzwerken finden Sie in den jeweiligen Nutzungsbedingungen der entsprechenden Anbieter. Mehr Informationen zur Shariff-L\u00f6sung finden Sie hier:&nbsp;<a href=\"http:\/\/www.heise.de\/ct\/artikel\/Shariff-Social-Media-Buttons-mit-Datenschutz-2467514.html\">http:\/\/www.heise.de\/ct\/artikel\/Shariff-Social-Media-Buttons-mit-Datenschutz-2467514.html<\/a><\/p>\n\n\n\n<p>Wir haben auf unserer Website die Social-Media-Buttons folgender Unternehmen eingebunden:<\/p>\n\n\n\n<p>Facebook Inc. (1601 S. California Ave &#8211; Palo Alto &#8211; CA 94304 &#8211; USA)<br>Twitter Inc. (795 Folsom St. &#8211; Suite 600 &#8211; San Francisco &#8211; CA 94107 &#8211; USA)<\/p>\n\n\n\n<h4 class=\"wp-block-heading\" id=\"links-zu-drittseiten\">Links zu Drittseiten<\/h4>\n\n\n\n<p>Beim Besuch der Webseite k\u00f6nnten Inhalte angezeigt werden, die mit den Webseiten Dritter verlinkt sind. Der Betreiber hat keinen Zugang zu den Cookies oder anderen Funktionen, die von Drittseiten eingesetzt werden, noch kann der Betreiber diese kontrollieren. Solche Drittseiten unterliegen nicht den Datenschutzbestimmungen des Betreibers.<\/p>\n\n\n\n<h4 class=\"wp-block-heading\" id=\"ihre-rechte-auf-auskunft-berichtigung-sperre-und-widerspruch\">Ihre Rechte auf Auskunft, Berichtigung, Sperre und Widerspruch<\/h4>\n\n\n\n<p>Sie haben das Recht, jederzeit Auskunft \u00fcber Ihre bei uns gespeicherten personenbezogenen Daten zu erhalten. Ebenso haben Sie das Recht auf Berichtigung, Sperrung oder, abgesehen von der vorgeschriebenen Datenspeicherung zur Gesch\u00e4ftsabwicklung, L\u00f6schung Ihrer personenbezogenen Daten. Bitte wenden Sie sich dazu an unseren Datenschutzbeauftragten. Die Kontaktdaten finden Sie ganz unten.<\/p>\n\n\n\n<p>Damit eine Sperre von Daten jederzeit ber\u00fccksichtigt werden kann, m\u00fcssen diese Daten zu Kontrollzwecken in einer Sperrdatei vorgehalten werden. Sie k\u00f6nnen auch die L\u00f6schung der Daten verlangen, soweit keine gesetzliche Archivierungsverpflichtung besteht. Soweit eine solche Verpflichtung besteht, sperren wir Ihre Daten auf Wunsch.<\/p>\n\n\n\n<p>Sie k\u00f6nnen \u00c4nderungen oder den Widerruf einer Einwilligung durch entsprechende Mitteilung an uns mit Wirkung f\u00fcr die Zukunft vornehmen.<\/p>\n\n\n\n<h4 class=\"wp-block-heading\" id=\"anderung-unserer-datenschutzbestimmungen\">\u00c4nderung unserer Datenschutzbestimmungen<\/h4>\n\n\n\n<p>Wir behalten uns vor, diese Datenschutzerkl\u00e4rung gelegentlich anzupassen, damit sie stets den aktuellen rechtlichen Anforderungen entspricht oder um \u00c4nderungen unserer Leistungen in der Datenschutzerkl\u00e4rung umzusetzen, z. B. bei der Einf\u00fchrung neuer Services. F\u00fcr Ihren erneuten Besuch gilt dann die neue Datenschutzerkl\u00e4rung.<\/p>\n\n\n\n<h4 class=\"wp-block-heading\" id=\"fragen-an-den-datenschutzbeauftragten\">Fragen an den Datenschutzbeauftragten<\/h4>\n\n\n\n<p>Wenn Sie Fragen zum Datenschutz haben, schreiben Sie uns bitte eine E-Mail oder wenden Sie sich direkt an unseren Datenschutzbeauftragten (siehe oben).<\/p>\n\n\n\n<p>Die Datenschutzerkl\u00e4rung wurde teilweise mit dem Datenschutzerkl\u00e4rungs-Generator der activeMind AG erstellt.<\/p>\n","protected":false},"excerpt":{"rendered":"<p>Datenschutzerkl\u00e4rung Verantwortliche Stelle im Sinne der Datenschutzgesetze ist: Ralf Lieder Seminare &amp; MedienHerr Ralf LiederHauweg 4741066 M\u00f6nchengladbachFon: 0160-97055160E-Mail: mail@westliches-tantra.deInternet: https:\/\/westliches-tantra.de Erfassung allgemeiner Informationen Wenn Sie auf unsere Webseite zugreifen, werden automatisch Informationen allgemeiner Natur&#46;&#46;&#46;<\/p>\n","protected":false},"author":1,"featured_media":0,"parent":0,"menu_order":0,"comment_status":"closed","ping_status":"closed","template":"","meta":{"footnotes":""},"class_list":["post-61","page","type-page","status-publish","hentry"],"yoast_head":"<!-- This site is optimized with the Yoast SEO plugin v27.2 - https:\/\/yoast.com\/product\/yoast-seo-wordpress\/ -->\n<title>Datenschutzerkl\u00e4rung - Edition Samhita<\/title>\n<meta name=\"robots\" content=\"index, follow, max-snippet:-1, max-image-preview:large, max-video-preview:-1\" \/>\n<link rel=\"canonical\" href=\"https:\/\/westliches-tantra.de\/edition-samhita\/datenschutzerklaerung\/\" \/>\n<meta property=\"og:locale\" content=\"de_DE\" \/>\n<meta property=\"og:type\" content=\"article\" \/>\n<meta property=\"og:title\" content=\"Datenschutzerkl\u00e4rung - Edition Samhita\" \/>\n<meta property=\"og:description\" content=\"Datenschutzerkl\u00e4rung Verantwortliche Stelle im Sinne der Datenschutzgesetze ist: Ralf Lieder Seminare &amp; MedienHerr Ralf LiederHauweg 4741066 M\u00f6nchengladbachFon: 0160-97055160E-Mail: mail@westliches-tantra.deInternet: https:\/\/westliches-tantra.de Erfassung allgemeiner Informationen Wenn Sie auf unsere Webseite zugreifen, werden automatisch Informationen allgemeiner Natur&#046;&#046;&#046;\" \/>\n<meta property=\"og:url\" content=\"https:\/\/westliches-tantra.de\/edition-samhita\/datenschutzerklaerung\/\" \/>\n<meta property=\"og:site_name\" content=\"Edition Samhita\" \/>\n<meta property=\"article:modified_time\" content=\"2024-05-05T20:40:12+00:00\" \/>\n<meta name=\"twitter:card\" content=\"summary_large_image\" \/>\n<meta name=\"twitter:label1\" content=\"Gesch\u00e4tzte Lesezeit\" \/>\n\t<meta name=\"twitter:data1\" content=\"9\u00a0Minuten\" \/>\n<script type=\"application\/ld+json\" class=\"yoast-schema-graph\">{\"@context\":\"https:\/\/schema.org\",\"@graph\":[{\"@type\":\"WebPage\",\"@id\":\"https:\/\/westliches-tantra.de\/edition-samhita\/datenschutzerklaerung\/\",\"url\":\"https:\/\/westliches-tantra.de\/edition-samhita\/datenschutzerklaerung\/\",\"name\":\"Datenschutzerkl\u00e4rung - Edition Samhita\",\"isPartOf\":{\"@id\":\"https:\/\/westliches-tantra.de\/edition-samhita\/#website\"},\"datePublished\":\"2024-05-02T07:16:30+00:00\",\"dateModified\":\"2024-05-05T20:40:12+00:00\",\"breadcrumb\":{\"@id\":\"https:\/\/westliches-tantra.de\/edition-samhita\/datenschutzerklaerung\/#breadcrumb\"},\"inLanguage\":\"de\",\"potentialAction\":[{\"@type\":\"ReadAction\",\"target\":[\"https:\/\/westliches-tantra.de\/edition-samhita\/datenschutzerklaerung\/\"]}]},{\"@type\":\"BreadcrumbList\",\"@id\":\"https:\/\/westliches-tantra.de\/edition-samhita\/datenschutzerklaerung\/#breadcrumb\",\"itemListElement\":[{\"@type\":\"ListItem\",\"position\":1,\"name\":\"Startseite\",\"item\":\"https:\/\/westliches-tantra.de\/edition-samhita\/\"},{\"@type\":\"ListItem\",\"position\":2,\"name\":\"Datenschutzerkl\u00e4rung\"}]},{\"@type\":\"WebSite\",\"@id\":\"https:\/\/westliches-tantra.de\/edition-samhita\/#website\",\"url\":\"https:\/\/westliches-tantra.de\/edition-samhita\/\",\"name\":\"Edition Samhita\",\"description\":\"\",\"potentialAction\":[{\"@type\":\"SearchAction\",\"target\":{\"@type\":\"EntryPoint\",\"urlTemplate\":\"https:\/\/westliches-tantra.de\/edition-samhita\/?s={search_term_string}\"},\"query-input\":{\"@type\":\"PropertyValueSpecification\",\"valueRequired\":true,\"valueName\":\"search_term_string\"}}],\"inLanguage\":\"de\"}]}<\/script>\n<!-- \/ Yoast SEO plugin. -->","yoast_head_json":{"title":"Datenschutzerkl\u00e4rung - Edition Samhita","robots":{"index":"index","follow":"follow","max-snippet":"max-snippet:-1","max-image-preview":"max-image-preview:large","max-video-preview":"max-video-preview:-1"},"canonical":"https:\/\/westliches-tantra.de\/edition-samhita\/datenschutzerklaerung\/","og_locale":"de_DE","og_type":"article","og_title":"Datenschutzerkl\u00e4rung - Edition Samhita","og_description":"Datenschutzerkl\u00e4rung Verantwortliche Stelle im Sinne der Datenschutzgesetze ist: Ralf Lieder Seminare &amp; MedienHerr Ralf LiederHauweg 4741066 M\u00f6nchengladbachFon: 0160-97055160E-Mail: mail@westliches-tantra.deInternet: https:\/\/westliches-tantra.de Erfassung allgemeiner Informationen Wenn Sie auf unsere Webseite zugreifen, werden automatisch Informationen allgemeiner Natur&#46;&#46;&#46;","og_url":"https:\/\/westliches-tantra.de\/edition-samhita\/datenschutzerklaerung\/","og_site_name":"Edition Samhita","article_modified_time":"2024-05-05T20:40:12+00:00","twitter_card":"summary_large_image","twitter_misc":{"Gesch\u00e4tzte Lesezeit":"9\u00a0Minuten"},"schema":{"@context":"https:\/\/schema.org","@graph":[{"@type":"WebPage","@id":"https:\/\/westliches-tantra.de\/edition-samhita\/datenschutzerklaerung\/","url":"https:\/\/westliches-tantra.de\/edition-samhita\/datenschutzerklaerung\/","name":"Datenschutzerkl\u00e4rung - Edition Samhita","isPartOf":{"@id":"https:\/\/westliches-tantra.de\/edition-samhita\/#website"},"datePublished":"2024-05-02T07:16:30+00:00","dateModified":"2024-05-05T20:40:12+00:00","breadcrumb":{"@id":"https:\/\/westliches-tantra.de\/edition-samhita\/datenschutzerklaerung\/#breadcrumb"},"inLanguage":"de","potentialAction":[{"@type":"ReadAction","target":["https:\/\/westliches-tantra.de\/edition-samhita\/datenschutzerklaerung\/"]}]},{"@type":"BreadcrumbList","@id":"https:\/\/westliches-tantra.de\/edition-samhita\/datenschutzerklaerung\/#breadcrumb","itemListElement":[{"@type":"ListItem","position":1,"name":"Startseite","item":"https:\/\/westliches-tantra.de\/edition-samhita\/"},{"@type":"ListItem","position":2,"name":"Datenschutzerkl\u00e4rung"}]},{"@type":"WebSite","@id":"https:\/\/westliches-tantra.de\/edition-samhita\/#website","url":"https:\/\/westliches-tantra.de\/edition-samhita\/","name":"Edition Samhita","description":"","potentialAction":[{"@type":"SearchAction","target":{"@type":"EntryPoint","urlTemplate":"https:\/\/westliches-tantra.de\/edition-samhita\/?s={search_term_string}"},"query-input":{"@type":"PropertyValueSpecification","valueRequired":true,"valueName":"search_term_string"}}],"inLanguage":"de"}]}},"_links":{"self":[{"href":"https:\/\/westliches-tantra.de\/edition-samhita\/wp-json\/wp\/v2\/pages\/61","targetHints":{"allow":["GET"]}}],"collection":[{"href":"https:\/\/westliches-tantra.de\/edition-samhita\/wp-json\/wp\/v2\/pages"}],"about":[{"href":"https:\/\/westliches-tantra.de\/edition-samhita\/wp-json\/wp\/v2\/types\/page"}],"author":[{"embeddable":true,"href":"https:\/\/westliches-tantra.de\/edition-samhita\/wp-json\/wp\/v2\/users\/1"}],"replies":[{"embeddable":true,"href":"https:\/\/westliches-tantra.de\/edition-samhita\/wp-json\/wp\/v2\/comments?post=61"}],"version-history":[{"count":1,"href":"https:\/\/westliches-tantra.de\/edition-samhita\/wp-json\/wp\/v2\/pages\/61\/revisions"}],"predecessor-version":[{"id":128,"href":"https:\/\/westliches-tantra.de\/edition-samhita\/wp-json\/wp\/v2\/pages\/61\/revisions\/128"}],"wp:attachment":[{"href":"https:\/\/westliches-tantra.de\/edition-samhita\/wp-json\/wp\/v2\/media?parent=61"}],"curies":[{"name":"wp","href":"https:\/\/api.w.org\/{rel}","templated":true}]}}